{"id":19649,"date":"2022-10-06T11:49:01","date_gmt":"2022-10-06T11:49:01","guid":{"rendered":"https:\/\/www.speedmodels.ch\/produkte\/unkategorisiert\/nez-dhelice-a-k-oe-57-mm-bleu-metalise\/"},"modified":"2024-03-07T15:15:42","modified_gmt":"2024-03-07T15:15:42","slug":"nez-d-helice-a-k-oe-57-mm-bleu-metalise","status":"publish","type":"product","link":"https:\/\/www.speedmodels.ch\/fr\/produits\/accessoires\/pour-avions\/accessoires-helices\/nez-dhelice\/nez-dhelice-pour-2-pales\/nez-d-helice-a-k-oe-57-mm-bleu-metalise\/","title":{"rendered":"Nez d&rsquo;h\u00e9lice A\/K \u00d8 57 mm bleu m\u00e9talis\u00e9"},"content":{"rendered":"<p>Une plaque de base pr\u00e9cise en aluminium assure une concentricit\u00e9 optimale. L&rsquo;al\u00e9sage de l&rsquo;arbre moteur dans la plaque tournante est de 12 mm mais peut \u00eatre r\u00e9duit \u00e0 7, 8 ou 10 mm avec les bagues d&rsquo;adaptation incluses<br \/>\n. Cela signifie que les c\u00f4nes peuvent \u00eatre fix\u00e9s \u00e0 un grand nombre d&rsquo;arbres moteurs.<\/p>\n<p>Le capuchon spinner est en plastique r\u00e9sistant aux chocs et est disponible dans les couleurs rouge m\u00e9tallis\u00e9, jaune m\u00e9tallis\u00e9, orange m\u00e9tallis\u00e9 et bleu m\u00e9tallis\u00e9.<\/p>\n<p>emballage de 1pcs<\/p>\n<div style=\"text-align:left\" class=\"wps-pgfw-pdf-generate-icon__wrapper-frontend\">\n\t\t<a href=\"https:\/\/www.speedmodels.ch\/fr\/wp-json\/wp\/v2\/product\/19649\/?action=genpdf&amp;id=19649\" class=\"pgfw-single-pdf-download-button\" target=_blank><img src=\"https:\/\/speedmodels.ch\/wp-content\/uploads\/2021\/09\/pdf_icon.png\" title=\"G\u00e9n\u00e9rer un PDF\" style=\"width:auto; height:45px;\"><\/a>\n\t\t<\/div>","protected":false},"excerpt":{"rendered":"<p>Une plaque de base pr\u00e9cise en aluminium assure une concentricit\u00e9 optimale. L&rsquo;al\u00e9sage de l&rsquo;arbre moteur dans la plaque tournante est de 12 mm mais peut \u00eatre r\u00e9duit \u00e0 7, 8 ou 10 mm avec les bagues d&rsquo;adaptation incluses . Cela signifie que les c\u00f4nes peuvent \u00eatre fix\u00e9s \u00e0 un grand nombre d&rsquo;arbres moteurs. Le capuchon [&hellip;]<\/p>\n","protected":false},"featured_media":14999,"template":"","meta":[],"product_brand":[],"product_cat":[1518,1601,1602,1603,1519],"product_tag":[],"class_list":{"0":"post-19649","1":"product","2":"type-product","3":"status-publish","4":"has-post-thumbnail","6":"product_cat-accessoires","7":"product_cat-accessoires-helices","8":"product_cat-nez-dhelice","9":"product_cat-nez-dhelice-pour-2-pales","10":"product_cat-pour-avions","12":"first","13":"instock","14":"shipping-taxable","15":"product-type-simple"},"_links":{"self":[{"href":"https:\/\/www.speedmodels.ch\/fr\/wp-json\/wp\/v2\/product\/19649","targetHints":{"allow":["GET"]}}],"collection":[{"href":"https:\/\/www.speedmodels.ch\/fr\/wp-json\/wp\/v2\/product"}],"about":[{"href":"https:\/\/www.speedmodels.ch\/fr\/wp-json\/wp\/v2\/types\/product"}],"version-history":[{"count":0,"href":"https:\/\/www.speedmodels.ch\/fr\/wp-json\/wp\/v2\/product\/19649\/revisions"}],"wp:featuredmedia":[{"embeddable":true,"href":"https:\/\/www.speedmodels.ch\/fr\/wp-json\/wp\/v2\/media\/14999"}],"wp:attachment":[{"href":"https:\/\/www.speedmodels.ch\/fr\/wp-json\/wp\/v2\/media?parent=19649"}],"wp:term":[{"taxonomy":"product_brand","embeddable":true,"href":"https:\/\/www.speedmodels.ch\/fr\/wp-json\/wp\/v2\/product_brand?post=19649"},{"taxonomy":"product_cat","embeddable":true,"href":"https:\/\/www.speedmodels.ch\/fr\/wp-json\/wp\/v2\/product_cat?post=19649"},{"taxonomy":"product_tag","embeddable":true,"href":"https:\/\/www.speedmodels.ch\/fr\/wp-json\/wp\/v2\/product_tag?post=19649"}],"curies":[{"name":"wp","href":"https:\/\/api.w.org\/{rel}","templated":true}]}}