{"id":19642,"date":"2022-10-10T07:29:06","date_gmt":"2022-10-10T07:29:06","guid":{"rendered":"https:\/\/www.speedmodels.ch\/produkte\/unkategorisiert\/nez-dhelice-pour-helices-repliables-oe-45-mm-2\/"},"modified":"2024-03-07T15:05:35","modified_gmt":"2024-03-07T15:05:35","slug":"nez-d-helice-pour-helices-repliables-oe-45-mm","status":"publish","type":"product","link":"https:\/\/www.speedmodels.ch\/fr\/produits\/accessoires\/pour-avions\/accessoires-helices\/nez-dhelice\/nez-dhelice-pour-2-pales\/nez-d-helice-pour-helices-repliables-oe-45-mm\/","title":{"rendered":"Nez d&rsquo;h\u00e9lice pour h\u00e9lices repliables \u00d8 45 mm"},"content":{"rendered":"<p><b>Nez d&rsquo;h\u00e9lice<\/b> pour h\u00e9lices repliables en <b>plastique r\u00e9sistant<\/b> aux chocs , adapt\u00e9 \u00e0 toutes les h\u00e9lices repliables aero-naut ou pi\u00e8ces centrales en aluminium 8&#215;8, 8&#215;10 et 8x12mm. Cette forme de c\u00f4ne \u00e9mouss\u00e9 convient pour rendre le syst\u00e8me d&rsquo;h\u00e9lice repliable Freundthaler avec une pi\u00e8ce ma\u00eetresse en aluminium accessible aux mod\u00e8les d&rsquo;autres fabricants.<br \/>\nAvec marquage pour moyeux de 8, 10 et 12 mm. Moyeu convenant avec al\u00e9soir frontale de M2,5<\/p>\n<p>Couleur: rouge<\/p>\n<p>emballage de 1pcs<\/p>\n<p>&nbsp;<\/p>\n<div style=\"text-align:left\" class=\"wps-pgfw-pdf-generate-icon__wrapper-frontend\">\n\t\t<a href=\"https:\/\/www.speedmodels.ch\/fr\/wp-json\/wp\/v2\/product\/19642\/?action=genpdf&amp;id=19642\" class=\"pgfw-single-pdf-download-button\" target=_blank><img src=\"https:\/\/speedmodels.ch\/wp-content\/uploads\/2021\/09\/pdf_icon.png\" title=\"G\u00e9n\u00e9rer un PDF\" style=\"width:auto; height:45px;\"><\/a>\n\t\t<\/div>","protected":false},"excerpt":{"rendered":"<p>Nez d&rsquo;h\u00e9lice pour h\u00e9lices repliables en plastique r\u00e9sistant aux chocs , adapt\u00e9 \u00e0 toutes les h\u00e9lices repliables aero-naut ou pi\u00e8ces centrales en aluminium 8&#215;8, 8&#215;10 et 8x12mm. Cette forme de c\u00f4ne \u00e9mouss\u00e9 convient pour rendre le syst\u00e8me d&rsquo;h\u00e9lice repliable Freundthaler avec une pi\u00e8ce ma\u00eetresse en aluminium accessible aux mod\u00e8les d&rsquo;autres fabricants. Avec marquage pour moyeux [&hellip;]<\/p>\n","protected":false},"featured_media":14993,"template":"","meta":[],"product_brand":[],"product_cat":[1518,1601,1602,1603,1519],"product_tag":[],"class_list":{"0":"post-19642","1":"product","2":"type-product","3":"status-publish","4":"has-post-thumbnail","6":"product_cat-accessoires","7":"product_cat-accessoires-helices","8":"product_cat-nez-dhelice","9":"product_cat-nez-dhelice-pour-2-pales","10":"product_cat-pour-avions","12":"first","13":"instock","14":"shipping-taxable","15":"product-type-simple"},"_links":{"self":[{"href":"https:\/\/www.speedmodels.ch\/fr\/wp-json\/wp\/v2\/product\/19642","targetHints":{"allow":["GET"]}}],"collection":[{"href":"https:\/\/www.speedmodels.ch\/fr\/wp-json\/wp\/v2\/product"}],"about":[{"href":"https:\/\/www.speedmodels.ch\/fr\/wp-json\/wp\/v2\/types\/product"}],"version-history":[{"count":0,"href":"https:\/\/www.speedmodels.ch\/fr\/wp-json\/wp\/v2\/product\/19642\/revisions"}],"wp:featuredmedia":[{"embeddable":true,"href":"https:\/\/www.speedmodels.ch\/fr\/wp-json\/wp\/v2\/media\/14993"}],"wp:attachment":[{"href":"https:\/\/www.speedmodels.ch\/fr\/wp-json\/wp\/v2\/media?parent=19642"}],"wp:term":[{"taxonomy":"product_brand","embeddable":true,"href":"https:\/\/www.speedmodels.ch\/fr\/wp-json\/wp\/v2\/product_brand?post=19642"},{"taxonomy":"product_cat","embeddable":true,"href":"https:\/\/www.speedmodels.ch\/fr\/wp-json\/wp\/v2\/product_cat?post=19642"},{"taxonomy":"product_tag","embeddable":true,"href":"https:\/\/www.speedmodels.ch\/fr\/wp-json\/wp\/v2\/product_tag?post=19642"}],"curies":[{"name":"wp","href":"https:\/\/api.w.org\/{rel}","templated":true}]}}