{"id":19622,"date":"2022-09-22T06:42:03","date_gmt":"2022-09-22T06:42:03","guid":{"rendered":"https:\/\/www.speedmodels.ch\/produkte\/unkategorisiert\/tige-ronde-en-hetre-oe-25-mm\/"},"modified":"2025-07-07T08:04:00","modified_gmt":"2025-07-07T08:04:00","slug":"tige-ronde-en-hetre-oe-25-mm","status":"publish","type":"product","link":"https:\/\/www.speedmodels.ch\/fr\/produits\/profiles-plaques\/bois\/tiges-rondes-en-hetre\/tige-ronde-en-hetre-oe-25-mm\/","title":{"rendered":"Tige ronde en h\u00eatre \u00d8 25 mm"},"content":{"rendered":"<p>Tige ronde en h\u00eatre \u00d8 25 mm<\/p>\n<p>longueur = 1000 mm<\/p>\n<div style=\"text-align:left\" class=\"wps-pgfw-pdf-generate-icon__wrapper-frontend\">\n\t\t<a href=\"https:\/\/www.speedmodels.ch\/fr\/wp-json\/wp\/v2\/product\/19622\/?action=genpdf&amp;id=19622\" class=\"pgfw-single-pdf-download-button\" target=_blank><img src=\"https:\/\/speedmodels.ch\/wp-content\/uploads\/2021\/09\/pdf_icon.png\" title=\"G\u00e9n\u00e9rer un PDF\" style=\"width:auto; height:45px;\"><\/a>\n\t\t<\/div>","protected":false},"excerpt":{"rendered":"<p>Tige ronde en h\u00eatre \u00d8 25 mm longueur = 1000 mm<\/p>\n","protected":false},"featured_media":26087,"template":"","meta":[],"product_brand":[],"product_cat":[1574,1512,1701],"product_tag":[],"class_list":{"0":"post-19622","1":"product","2":"type-product","3":"status-publish","4":"has-post-thumbnail","6":"product_cat-bois","7":"product_cat-profiles-plaques","8":"product_cat-tiges-rondes-en-hetre","10":"first","11":"instock","12":"shipping-taxable","13":"product-type-simple"},"_links":{"self":[{"href":"https:\/\/www.speedmodels.ch\/fr\/wp-json\/wp\/v2\/product\/19622","targetHints":{"allow":["GET"]}}],"collection":[{"href":"https:\/\/www.speedmodels.ch\/fr\/wp-json\/wp\/v2\/product"}],"about":[{"href":"https:\/\/www.speedmodels.ch\/fr\/wp-json\/wp\/v2\/types\/product"}],"version-history":[{"count":1,"href":"https:\/\/www.speedmodels.ch\/fr\/wp-json\/wp\/v2\/product\/19622\/revisions"}],"predecessor-version":[{"id":32148,"href":"https:\/\/www.speedmodels.ch\/fr\/wp-json\/wp\/v2\/product\/19622\/revisions\/32148"}],"wp:featuredmedia":[{"embeddable":true,"href":"https:\/\/www.speedmodels.ch\/fr\/wp-json\/wp\/v2\/media\/26087"}],"wp:attachment":[{"href":"https:\/\/www.speedmodels.ch\/fr\/wp-json\/wp\/v2\/media?parent=19622"}],"wp:term":[{"taxonomy":"product_brand","embeddable":true,"href":"https:\/\/www.speedmodels.ch\/fr\/wp-json\/wp\/v2\/product_brand?post=19622"},{"taxonomy":"product_cat","embeddable":true,"href":"https:\/\/www.speedmodels.ch\/fr\/wp-json\/wp\/v2\/product_cat?post=19622"},{"taxonomy":"product_tag","embeddable":true,"href":"https:\/\/www.speedmodels.ch\/fr\/wp-json\/wp\/v2\/product_tag?post=19622"}],"curies":[{"name":"wp","href":"https:\/\/api.w.org\/{rel}","templated":true}]}}