{"id":19571,"date":"2022-09-29T12:18:41","date_gmt":"2022-09-29T12:18:41","guid":{"rendered":"https:\/\/www.speedmodels.ch\/produkte\/unkategorisiert\/graisse-pour-arbre-de-bateau-500-gr\/"},"modified":"2024-03-14T13:41:52","modified_gmt":"2024-03-14T13:41:52","slug":"griasse-pour-arbre-de-bateau-500-gr","status":"publish","type":"product","link":"https:\/\/www.speedmodels.ch\/fr\/produits\/accessoires\/pour-bateaux\/arbre-rigide-pour-bateuax-avec-etambot\/griasse-pour-arbre-de-bateau-500-gr\/","title":{"rendered":"Graisse pour arbre de bateau 500 gr"},"content":{"rendered":"<p>graisse d&rsquo;arbre de bateau d&rsquo;haute temp\u00e9rature<\/p>\n<p>Performance extr\u00eame pression pour prot\u00e9ger contre les charges de choc, longue dur\u00e9e de vie, excellente r\u00e9sistance au d\u00e9lavage \u00e0 l&rsquo;eau, bonne pompabilit\u00e9, prot\u00e8ge contre la rouille et la corrosion, m\u00eame en eau sal\u00e9e. Sans plomp et sans chlore. Sans plomb et sans chlore. Contient des agents collants pour maintenir la graisse en place.<\/p>\n<p>Ecart de temp\u00e9rature de fonctionnement recommand\u00e9e: -10\u00b0 bis 170\u00b0C. point de chute 275\u00b0C<\/p>\n<p>bo\u00eete \u00e0 500gr<\/p>\n<p>&nbsp;<\/p>\n<p>&nbsp;<\/p>\n<div style=\"text-align:left\" class=\"wps-pgfw-pdf-generate-icon__wrapper-frontend\">\n\t\t<a href=\"https:\/\/www.speedmodels.ch\/fr\/wp-json\/wp\/v2\/product\/19571\/?action=genpdf&amp;id=19571\" class=\"pgfw-single-pdf-download-button\" target=_blank><img src=\"https:\/\/speedmodels.ch\/wp-content\/uploads\/2021\/09\/pdf_icon.png\" title=\"G\u00e9n\u00e9rer un PDF\" style=\"width:auto; height:45px;\"><\/a>\n\t\t<\/div>","protected":false},"excerpt":{"rendered":"<p>graisse d&rsquo;arbre de bateau d&rsquo;haute temp\u00e9rature Performance extr\u00eame pression pour prot\u00e9ger contre les charges de choc, longue dur\u00e9e de vie, excellente r\u00e9sistance au d\u00e9lavage \u00e0 l&rsquo;eau, bonne pompabilit\u00e9, prot\u00e8ge contre la rouille et la corrosion, m\u00eame en eau sal\u00e9e. Sans plomp et sans chlore. Sans plomb et sans chlore. Contient des agents collants pour maintenir [&hellip;]<\/p>\n","protected":false},"featured_media":14851,"template":"","meta":[],"product_brand":[],"product_cat":[1518,1698,1536],"product_tag":[],"class_list":{"0":"post-19571","1":"product","2":"type-product","3":"status-publish","4":"has-post-thumbnail","6":"product_cat-accessoires","7":"product_cat-arbre-rigide-pour-bateuax-avec-etambot","8":"product_cat-pour-bateaux","10":"first","11":"instock","12":"shipping-taxable","13":"product-type-simple"},"_links":{"self":[{"href":"https:\/\/www.speedmodels.ch\/fr\/wp-json\/wp\/v2\/product\/19571","targetHints":{"allow":["GET"]}}],"collection":[{"href":"https:\/\/www.speedmodels.ch\/fr\/wp-json\/wp\/v2\/product"}],"about":[{"href":"https:\/\/www.speedmodels.ch\/fr\/wp-json\/wp\/v2\/types\/product"}],"version-history":[{"count":0,"href":"https:\/\/www.speedmodels.ch\/fr\/wp-json\/wp\/v2\/product\/19571\/revisions"}],"wp:featuredmedia":[{"embeddable":true,"href":"https:\/\/www.speedmodels.ch\/fr\/wp-json\/wp\/v2\/media\/14851"}],"wp:attachment":[{"href":"https:\/\/www.speedmodels.ch\/fr\/wp-json\/wp\/v2\/media?parent=19571"}],"wp:term":[{"taxonomy":"product_brand","embeddable":true,"href":"https:\/\/www.speedmodels.ch\/fr\/wp-json\/wp\/v2\/product_brand?post=19571"},{"taxonomy":"product_cat","embeddable":true,"href":"https:\/\/www.speedmodels.ch\/fr\/wp-json\/wp\/v2\/product_cat?post=19571"},{"taxonomy":"product_tag","embeddable":true,"href":"https:\/\/www.speedmodels.ch\/fr\/wp-json\/wp\/v2\/product_tag?post=19571"}],"curies":[{"name":"wp","href":"https:\/\/api.w.org\/{rel}","templated":true}]}}