{"id":19567,"date":"2022-09-29T12:37:22","date_gmt":"2022-09-29T12:37:22","guid":{"rendered":"https:\/\/www.speedmodels.ch\/produkte\/unkategorisiert\/gouvernail-36-x-60-mm\/"},"modified":"2024-03-11T13:18:25","modified_gmt":"2024-03-11T13:18:25","slug":"gouvernail-36-x-60-mm","status":"publish","type":"product","link":"https:\/\/www.speedmodels.ch\/fr\/produits\/accessoires\/pour-bateaux\/jeu-de-gouvernail\/gouvernail-36-x-60-mm\/","title":{"rendered":"Gouvernail 36 x 60 mm"},"content":{"rendered":"<p>Jeu de Gouvernail en plastique pour bateaux \u00e9l\u00e9ctriques et pour bateaux \u00e0 l&rsquo;\u00e9chelle (scale). Avec bras de commande et tube en plastique.<\/p>\n<p>dimension: 36 x 60 mm<\/p>\n<p>Axe acier \u00d8 4 mm<\/p>\n<p>&nbsp;<\/p>\n<div style=\"text-align:left\" class=\"wps-pgfw-pdf-generate-icon__wrapper-frontend\">\n\t\t<a href=\"https:\/\/www.speedmodels.ch\/fr\/wp-json\/wp\/v2\/product\/19567\/?action=genpdf&amp;id=19567\" class=\"pgfw-single-pdf-download-button\" target=_blank><img src=\"https:\/\/speedmodels.ch\/wp-content\/uploads\/2021\/09\/pdf_icon.png\" title=\"G\u00e9n\u00e9rer un PDF\" style=\"width:auto; height:45px;\"><\/a>\n\t\t<\/div>","protected":false},"excerpt":{"rendered":"<p>Jeu de Gouvernail en plastique pour bateaux \u00e9l\u00e9ctriques et pour bateaux \u00e0 l&rsquo;\u00e9chelle (scale). Avec bras de commande et tube en plastique. dimension: 36 x 60 mm Axe acier \u00d8 4 mm &nbsp;<\/p>\n","protected":false},"featured_media":14835,"template":"","meta":[],"product_brand":[],"product_cat":[1518,1700,1536],"product_tag":[],"class_list":{"0":"post-19567","1":"product","2":"type-product","3":"status-publish","4":"has-post-thumbnail","6":"product_cat-accessoires","7":"product_cat-jeu-de-gouvernail","8":"product_cat-pour-bateaux","10":"first","11":"instock","12":"shipping-taxable","13":"product-type-simple"},"_links":{"self":[{"href":"https:\/\/www.speedmodels.ch\/fr\/wp-json\/wp\/v2\/product\/19567","targetHints":{"allow":["GET"]}}],"collection":[{"href":"https:\/\/www.speedmodels.ch\/fr\/wp-json\/wp\/v2\/product"}],"about":[{"href":"https:\/\/www.speedmodels.ch\/fr\/wp-json\/wp\/v2\/types\/product"}],"version-history":[{"count":0,"href":"https:\/\/www.speedmodels.ch\/fr\/wp-json\/wp\/v2\/product\/19567\/revisions"}],"wp:featuredmedia":[{"embeddable":true,"href":"https:\/\/www.speedmodels.ch\/fr\/wp-json\/wp\/v2\/media\/14835"}],"wp:attachment":[{"href":"https:\/\/www.speedmodels.ch\/fr\/wp-json\/wp\/v2\/media?parent=19567"}],"wp:term":[{"taxonomy":"product_brand","embeddable":true,"href":"https:\/\/www.speedmodels.ch\/fr\/wp-json\/wp\/v2\/product_brand?post=19567"},{"taxonomy":"product_cat","embeddable":true,"href":"https:\/\/www.speedmodels.ch\/fr\/wp-json\/wp\/v2\/product_cat?post=19567"},{"taxonomy":"product_tag","embeddable":true,"href":"https:\/\/www.speedmodels.ch\/fr\/wp-json\/wp\/v2\/product_tag?post=19567"}],"curies":[{"name":"wp","href":"https:\/\/api.w.org\/{rel}","templated":true}]}}