{"id":19566,"date":"2022-09-29T12:34:02","date_gmt":"2022-09-29T12:34:02","guid":{"rendered":"https:\/\/www.speedmodels.ch\/produkte\/unkategorisiert\/gouvernail-30-x-49-mm\/"},"modified":"2024-03-11T13:18:47","modified_gmt":"2024-03-11T13:18:47","slug":"gouvernail-30-x-49-mm","status":"publish","type":"product","link":"https:\/\/www.speedmodels.ch\/fr\/produits\/accessoires\/pour-bateaux\/jeu-de-gouvernail\/gouvernail-30-x-49-mm\/","title":{"rendered":"Gouvernail 30 x 49 mm"},"content":{"rendered":"<p>Jeu de Gouvernail en plastique pour bateaux \u00e9l\u00e9ctriques et pour bateaux \u00e0 l&rsquo;\u00e9chelle (scale). Avec bras de commande et tube en plastique.<\/p>\n<p>dimesnion: 30 x 49 mm<\/p>\n<p>Axe laiton \u00d8 3 mm<\/p>\n<p>&nbsp;<\/p>\n<div style=\"text-align:left\" class=\"wps-pgfw-pdf-generate-icon__wrapper-frontend\">\n\t\t<a href=\"https:\/\/www.speedmodels.ch\/fr\/wp-json\/wp\/v2\/product\/19566\/?action=genpdf&amp;id=19566\" class=\"pgfw-single-pdf-download-button\" target=_blank><img src=\"https:\/\/speedmodels.ch\/wp-content\/uploads\/2021\/09\/pdf_icon.png\" title=\"G\u00e9n\u00e9rer un PDF\" style=\"width:auto; height:45px;\"><\/a>\n\t\t<\/div>","protected":false},"excerpt":{"rendered":"<p>Jeu de Gouvernail en plastique pour bateaux \u00e9l\u00e9ctriques et pour bateaux \u00e0 l&rsquo;\u00e9chelle (scale). Avec bras de commande et tube en plastique. dimesnion: 30 x 49 mm Axe laiton \u00d8 3 mm &nbsp;<\/p>\n","protected":false},"featured_media":14833,"template":"","meta":[],"product_brand":[],"product_cat":[1518,1700,1536],"product_tag":[],"class_list":{"0":"post-19566","1":"product","2":"type-product","3":"status-publish","4":"has-post-thumbnail","6":"product_cat-accessoires","7":"product_cat-jeu-de-gouvernail","8":"product_cat-pour-bateaux","10":"first","11":"instock","12":"shipping-taxable","13":"product-type-simple"},"_links":{"self":[{"href":"https:\/\/www.speedmodels.ch\/fr\/wp-json\/wp\/v2\/product\/19566","targetHints":{"allow":["GET"]}}],"collection":[{"href":"https:\/\/www.speedmodels.ch\/fr\/wp-json\/wp\/v2\/product"}],"about":[{"href":"https:\/\/www.speedmodels.ch\/fr\/wp-json\/wp\/v2\/types\/product"}],"version-history":[{"count":0,"href":"https:\/\/www.speedmodels.ch\/fr\/wp-json\/wp\/v2\/product\/19566\/revisions"}],"wp:featuredmedia":[{"embeddable":true,"href":"https:\/\/www.speedmodels.ch\/fr\/wp-json\/wp\/v2\/media\/14833"}],"wp:attachment":[{"href":"https:\/\/www.speedmodels.ch\/fr\/wp-json\/wp\/v2\/media?parent=19566"}],"wp:term":[{"taxonomy":"product_brand","embeddable":true,"href":"https:\/\/www.speedmodels.ch\/fr\/wp-json\/wp\/v2\/product_brand?post=19566"},{"taxonomy":"product_cat","embeddable":true,"href":"https:\/\/www.speedmodels.ch\/fr\/wp-json\/wp\/v2\/product_cat?post=19566"},{"taxonomy":"product_tag","embeddable":true,"href":"https:\/\/www.speedmodels.ch\/fr\/wp-json\/wp\/v2\/product_tag?post=19566"}],"curies":[{"name":"wp","href":"https:\/\/api.w.org\/{rel}","templated":true}]}}