{"id":19561,"date":"2022-09-22T14:13:41","date_gmt":"2022-09-22T14:13:41","guid":{"rendered":"https:\/\/www.speedmodels.ch\/produkte\/unkategorisiert\/helice-de-bateau-7-pales-en-pouce-2\/"},"modified":"2024-03-25T10:41:26","modified_gmt":"2024-03-25T10:41:26","slug":"helice-de-bateau-7-pales-en-pouce","status":"publish","type":"product","link":"https:\/\/www.speedmodels.ch\/fr\/produits\/accessoires\/pour-bateaux\/helices-de-bateau\/helice-de-bateau-7-pales-en-pouce\/","title":{"rendered":"H\u00e9lice de bateau 7-pales en pouce"},"content":{"rendered":"<p>H\u00e9lice de bateau en laiton avec filteage pour monter sur l&rsquo;arbre. Le sens de marche des h\u00e9lices est vu de la poupe dans le sens de la marche.<\/p>\n<p>&nbsp;<\/p>\n<table width=\"400\">\n<tbody>\n<tr>\n<td width=\"75\"><strong>No de commande:<\/strong><\/td>\n<td width=\"65\">\u00d8 mm<\/td>\n<td width=\"65\">\u00d8 inch<\/td>\n<td width=\"40\">D\/G<\/td>\n<td width=\"72\">Filetage<\/td>\n<td width=\"83\">tours\/min max.<\/td>\n<\/tr>\n<tr>\n<td>186-05<\/td>\n<td>40<\/td>\n<td>1.6<\/td>\n<td>D<\/td>\n<td>3\/16<\/td>\n<td>13000<\/td>\n<\/tr>\n<tr>\n<td>186-06<\/td>\n<td>40<\/td>\n<td>1.6<\/td>\n<td>G<\/td>\n<td>3\/16<\/td>\n<td>13000<\/td>\n<\/tr>\n<tr>\n<td>186-07<\/td>\n<td>45<\/td>\n<td>1.8<\/td>\n<td>D<\/td>\n<td>3\/16<\/td>\n<td>12000<\/td>\n<\/tr>\n<tr>\n<td>186-08<\/td>\n<td>45<\/td>\n<td>1.8<\/td>\n<td>G<\/td>\n<td>3\/16<\/td>\n<td>12000<\/td>\n<\/tr>\n<tr>\n<td>186-09<\/td>\n<td>50<\/td>\n<td>2.0<\/td>\n<td>D<\/td>\n<td>3\/16<\/td>\n<td>10000<\/td>\n<\/tr>\n<tr>\n<td>186-10<\/td>\n<td>50<\/td>\n<td>2.0<\/td>\n<td>G<\/td>\n<td>3\/16<\/td>\n<td>10000<\/td>\n<\/tr>\n<tr>\n<td>186-11<\/td>\n<td>55<\/td>\n<td>2.2<\/td>\n<td>D<\/td>\n<td>3\/16<\/td>\n<td>9600<\/td>\n<\/tr>\n<tr>\n<td>186-12<\/td>\n<td>55<\/td>\n<td>2.2<\/td>\n<td>G<\/td>\n<td>3\/16<\/td>\n<td>9600<\/td>\n<\/tr>\n<\/tbody>\n<\/table>\n<p>Unit\u00e9: 1pcs<\/p>\n<div style=\"text-align:left\" class=\"wps-pgfw-pdf-generate-icon__wrapper-frontend\">\n\t\t<a href=\"https:\/\/www.speedmodels.ch\/fr\/wp-json\/wp\/v2\/product\/19561\/?action=genpdf&amp;id=19561\" class=\"pgfw-single-pdf-download-button\" target=_blank><img src=\"https:\/\/speedmodels.ch\/wp-content\/uploads\/2021\/09\/pdf_icon.png\" title=\"G\u00e9n\u00e9rer un PDF\" style=\"width:auto; height:45px;\"><\/a>\n\t\t<\/div>","protected":false},"excerpt":{"rendered":"<p>H\u00e9lice de bateau en laiton avec filteage pour monter sur l&rsquo;arbre. Le sens de marche des h\u00e9lices est vu de la poupe dans le sens de la marche. &nbsp; No de commande: \u00d8 mm \u00d8 inch D\/G Filetage tours\/min max. 186-05 40 1.6 D 3\/16 13000 186-06 40 1.6 G 3\/16 13000 186-07 45 1.8 [&hellip;]<\/p>\n","protected":false},"featured_media":14262,"template":"","meta":[],"product_brand":[],"product_cat":[1518,1699,1536],"product_tag":[],"class_list":{"0":"post-19561","1":"product","2":"type-product","3":"status-publish","4":"has-post-thumbnail","6":"product_cat-accessoires","7":"product_cat-helices-de-bateau","8":"product_cat-pour-bateaux","10":"first","11":"instock","12":"shipping-taxable","13":"product-type-simple"},"_links":{"self":[{"href":"https:\/\/www.speedmodels.ch\/fr\/wp-json\/wp\/v2\/product\/19561","targetHints":{"allow":["GET"]}}],"collection":[{"href":"https:\/\/www.speedmodels.ch\/fr\/wp-json\/wp\/v2\/product"}],"about":[{"href":"https:\/\/www.speedmodels.ch\/fr\/wp-json\/wp\/v2\/types\/product"}],"version-history":[{"count":0,"href":"https:\/\/www.speedmodels.ch\/fr\/wp-json\/wp\/v2\/product\/19561\/revisions"}],"wp:featuredmedia":[{"embeddable":true,"href":"https:\/\/www.speedmodels.ch\/fr\/wp-json\/wp\/v2\/media\/14262"}],"wp:attachment":[{"href":"https:\/\/www.speedmodels.ch\/fr\/wp-json\/wp\/v2\/media?parent=19561"}],"wp:term":[{"taxonomy":"product_brand","embeddable":true,"href":"https:\/\/www.speedmodels.ch\/fr\/wp-json\/wp\/v2\/product_brand?post=19561"},{"taxonomy":"product_cat","embeddable":true,"href":"https:\/\/www.speedmodels.ch\/fr\/wp-json\/wp\/v2\/product_cat?post=19561"},{"taxonomy":"product_tag","embeddable":true,"href":"https:\/\/www.speedmodels.ch\/fr\/wp-json\/wp\/v2\/product_tag?post=19561"}],"curies":[{"name":"wp","href":"https:\/\/api.w.org\/{rel}","templated":true}]}}