{"id":19560,"date":"2022-09-26T07:21:13","date_gmt":"2022-09-26T07:21:13","guid":{"rendered":"https:\/\/www.speedmodels.ch\/produkte\/unkategorisiert\/helice-de-bateau-7-pales-en-pouce\/"},"modified":"2024-03-25T10:40:59","modified_gmt":"2024-03-25T10:40:59","slug":"helice-de-bateau-7-pales-en-pouce-2-2","status":"publish","type":"product","link":"https:\/\/www.speedmodels.ch\/fr\/produits\/accessoires\/pour-bateaux\/helices-de-bateau\/helice-de-bateau-7-pales-en-pouce-2-2\/","title":{"rendered":"H\u00e9lice de bateau 7-pales en pouce"},"content":{"rendered":"<p>H\u00e9lice de bateau en laiton avec filteage pour monter sur l&rsquo;arbre. Le sens de marche des h\u00e9lices est vu de la poupe dans le sens de la marche.<\/p>\n<p>inclu: Vis M3 x 4mm pour fixer sur l&rsquo;arbre.<\/p>\n<table width=\"425\">\n<tbody>\n<tr>\n<td width=\"75\"><strong>No de commande:<\/strong><\/td>\n<td width=\"65\">\u00d8 mm<\/td>\n<td width=\"65\">\u00d8 inch<\/td>\n<td width=\"45\">D\/G<\/td>\n<td width=\"72\">al\u00e9sage<\/td>\n<td width=\"103\">tours\/min max.<\/td>\n<\/tr>\n<tr>\n<td>180-13<\/td>\n<td>53<\/td>\n<td>2.08<\/td>\n<td>D<\/td>\n<td> \u00d8 3\/16&Prime;<\/td>\n<td>9600<\/td>\n<\/tr>\n<tr>\n<td>180-14<\/td>\n<td>53<\/td>\n<td>2.08<\/td>\n<td>G<\/td>\n<td> \u00d8 3\/16&Prime;<\/td>\n<td>9600<\/td>\n<\/tr>\n<tr>\n<td>180-15<\/td>\n<td>58<\/td>\n<td>2.28<\/td>\n<td>D<\/td>\n<td> \u00d8 3\/16&Prime;<\/td>\n<td>8000<\/td>\n<\/tr>\n<tr>\n<td>180-16<\/td>\n<td>58<\/td>\n<td>2.28<\/td>\n<td>G<\/td>\n<td> \u00d8 3\/16&Prime;<\/td>\n<td>8000<\/td>\n<\/tr>\n<tr>\n<td>180-17<\/td>\n<td>63<\/td>\n<td>2.48<\/td>\n<td>D<\/td>\n<td> \u00d8 3\/16&Prime;<\/td>\n<td>6600<\/td>\n<\/tr>\n<tr>\n<td>180-18<\/td>\n<td>63<\/td>\n<td>2.48<\/td>\n<td>G<\/td>\n<td> \u00d8 3\/16&Prime;<\/td>\n<td>6600<\/td>\n<\/tr>\n<tr>\n<td>180-19<\/td>\n<td>68<\/td>\n<td>2.68<\/td>\n<td>D<\/td>\n<td> \u00d8 3\/16&Prime;<\/td>\n<td>6200<\/td>\n<\/tr>\n<tr>\n<td>180-20<\/td>\n<td>68<\/td>\n<td>2.68<\/td>\n<td>G<\/td>\n<td> \u00d8 3\/16&Prime;<\/td>\n<td>6200<\/td>\n<\/tr>\n<tr>\n<td>180-23<\/td>\n<td>73<\/td>\n<td>2.87<\/td>\n<td>D<\/td>\n<td> \u00d8 3\/16&Prime;<\/td>\n<td>4200<\/td>\n<\/tr>\n<tr>\n<td>180-24<\/td>\n<td>73<\/td>\n<td>2.87<\/td>\n<td>G<\/td>\n<td> \u00d8 3\/16&Prime;<\/td>\n<td>4200<\/td>\n<\/tr>\n<tr>\n<td width=\"75\">180-27<\/td>\n<td width=\"65\">78<\/td>\n<td width=\"65\">3.07<\/td>\n<td> D<\/td>\n<td> \u00d8 3\/16&Prime;<\/td>\n<td width=\"103\">3500<\/td>\n<\/tr>\n<tr>\n<td width=\"75\">180-28<\/td>\n<td width=\"65\">78<\/td>\n<td width=\"65\">3.07<\/td>\n<td> G<\/td>\n<td> \u00d8 3\/16&Prime;<\/td>\n<td width=\"103\">3500<\/td>\n<\/tr>\n<\/tbody>\n<\/table>\n<p>Unit\u00e9: 1pcs<\/p>\n<div style=\"text-align:left\" class=\"wps-pgfw-pdf-generate-icon__wrapper-frontend\">\n\t\t<a href=\"https:\/\/www.speedmodels.ch\/fr\/wp-json\/wp\/v2\/product\/19560\/?action=genpdf&amp;id=19560\" class=\"pgfw-single-pdf-download-button\" target=_blank><img src=\"https:\/\/speedmodels.ch\/wp-content\/uploads\/2021\/09\/pdf_icon.png\" title=\"G\u00e9n\u00e9rer un PDF\" style=\"width:auto; height:45px;\"><\/a>\n\t\t<\/div>","protected":false},"excerpt":{"rendered":"<p>H\u00e9lice de bateau en laiton avec filteage pour monter sur l&rsquo;arbre. Le sens de marche des h\u00e9lices est vu de la poupe dans le sens de la marche. inclu: Vis M3 x 4mm pour fixer sur l&rsquo;arbre. No de commande: \u00d8 mm \u00d8 inch D\/G al\u00e9sage tours\/min max. 180-13 53 2.08 D \u00d8 3\/16&Prime; 9600 [&hellip;]<\/p>\n","protected":false},"featured_media":14246,"template":"","meta":[],"product_brand":[],"product_cat":[1518,1699,1536],"product_tag":[],"class_list":{"0":"post-19560","1":"product","2":"type-product","3":"status-publish","4":"has-post-thumbnail","6":"product_cat-accessoires","7":"product_cat-helices-de-bateau","8":"product_cat-pour-bateaux","10":"first","11":"instock","12":"shipping-taxable","13":"product-type-simple"},"_links":{"self":[{"href":"https:\/\/www.speedmodels.ch\/fr\/wp-json\/wp\/v2\/product\/19560","targetHints":{"allow":["GET"]}}],"collection":[{"href":"https:\/\/www.speedmodels.ch\/fr\/wp-json\/wp\/v2\/product"}],"about":[{"href":"https:\/\/www.speedmodels.ch\/fr\/wp-json\/wp\/v2\/types\/product"}],"version-history":[{"count":0,"href":"https:\/\/www.speedmodels.ch\/fr\/wp-json\/wp\/v2\/product\/19560\/revisions"}],"wp:featuredmedia":[{"embeddable":true,"href":"https:\/\/www.speedmodels.ch\/fr\/wp-json\/wp\/v2\/media\/14246"}],"wp:attachment":[{"href":"https:\/\/www.speedmodels.ch\/fr\/wp-json\/wp\/v2\/media?parent=19560"}],"wp:term":[{"taxonomy":"product_brand","embeddable":true,"href":"https:\/\/www.speedmodels.ch\/fr\/wp-json\/wp\/v2\/product_brand?post=19560"},{"taxonomy":"product_cat","embeddable":true,"href":"https:\/\/www.speedmodels.ch\/fr\/wp-json\/wp\/v2\/product_cat?post=19560"},{"taxonomy":"product_tag","embeddable":true,"href":"https:\/\/www.speedmodels.ch\/fr\/wp-json\/wp\/v2\/product_tag?post=19560"}],"curies":[{"name":"wp","href":"https:\/\/api.w.org\/{rel}","templated":true}]}}