{"id":19558,"date":"2022-09-26T07:14:53","date_gmt":"2022-09-26T07:14:53","guid":{"rendered":"https:\/\/www.speedmodels.ch\/produkte\/unkategorisiert\/helice-de-bateau-7-pales-metrique\/"},"modified":"2024-03-21T14:56:40","modified_gmt":"2024-03-21T14:56:40","slug":"helice-de-bateau-7-pales-metrique-2-2","status":"publish","type":"product","link":"https:\/\/www.speedmodels.ch\/fr\/produits\/accessoires\/pour-bateaux\/helices-de-bateau\/helice-de-bateau-7-pales-metrique-2-2\/","title":{"rendered":"H\u00e9lice de bateau 7-pales m\u00e9trique"},"content":{"rendered":"<p>H\u00e9lice de bateau en laiton avec filteage pour monter sur l&rsquo;arbre. Le sens de marche des h\u00e9lices est vu de la poupe dans le sens de la marche.<\/p>\n<table width=\"425\">\n<tbody>\n<tr>\n<td width=\"75\"><strong>No de commande:<\/strong><\/td>\n<td width=\"65\">\u00d8 mm<\/td>\n<td width=\"65\">\u00d8 inch<\/td>\n<td width=\"45\">D\/G<\/td>\n<td width=\"72\">Filetage<\/td>\n<td width=\"103\">tours\/min max.<\/td>\n<\/tr>\n<tr>\n<td>179-13<\/td>\n<td>53<\/td>\n<td>2.08<\/td>\n<td>D<\/td>\n<td>M5<\/td>\n<td>9600<\/td>\n<\/tr>\n<tr>\n<td>179-14<\/td>\n<td>53<\/td>\n<td>2.08<\/td>\n<td>G<\/td>\n<td>M5<\/td>\n<td>9600<\/td>\n<\/tr>\n<tr>\n<td>179-15<\/td>\n<td>58<\/td>\n<td>2.28<\/td>\n<td>D<\/td>\n<td>M5<\/td>\n<td>8000<\/td>\n<\/tr>\n<tr>\n<td>179-16<\/td>\n<td>58<\/td>\n<td>2.28<\/td>\n<td>G<\/td>\n<td>M5<\/td>\n<td>8000<\/td>\n<\/tr>\n<tr>\n<td>179-17<\/td>\n<td>63<\/td>\n<td>2.48<\/td>\n<td>D<\/td>\n<td>M5<\/td>\n<td>6600<\/td>\n<\/tr>\n<tr>\n<td>179-18<\/td>\n<td>63<\/td>\n<td>2.48<\/td>\n<td>G<\/td>\n<td>M5<\/td>\n<td>6600<\/td>\n<\/tr>\n<tr>\n<td>179-19<\/td>\n<td>68<\/td>\n<td>2.68<\/td>\n<td>D<\/td>\n<td>M5<\/td>\n<td>6200<\/td>\n<\/tr>\n<tr>\n<td>179-20<\/td>\n<td>68<\/td>\n<td>2.68<\/td>\n<td>G<\/td>\n<td>M5<\/td>\n<td>6200<\/td>\n<\/tr>\n<tr>\n<td>179-23<\/td>\n<td>73<\/td>\n<td>2.87<\/td>\n<td>D<\/td>\n<td>M5<\/td>\n<td>4200<\/td>\n<\/tr>\n<tr>\n<td>179-24<\/td>\n<td>73<\/td>\n<td>2.87<\/td>\n<td>G<\/td>\n<td>M5<\/td>\n<td>4200<\/td>\n<\/tr>\n<tr>\n<td width=\"75\">179-27<\/td>\n<td width=\"65\">78<\/td>\n<td width=\"65\">3.07<\/td>\n<td> D<\/td>\n<td> M5<\/td>\n<td width=\"103\">3500<\/td>\n<\/tr>\n<tr>\n<td width=\"75\">179-28<\/td>\n<td width=\"65\">78<\/td>\n<td width=\"65\">3.07<\/td>\n<td> G<\/td>\n<td> M5<\/td>\n<td width=\"103\">3500<\/td>\n<\/tr>\n<\/tbody>\n<\/table>\n<p>&nbsp;<\/p>\n<p>Unit\u00e9: 1pcs<\/p>\n<div style=\"text-align:left\" class=\"wps-pgfw-pdf-generate-icon__wrapper-frontend\">\n\t\t<a href=\"https:\/\/www.speedmodels.ch\/fr\/wp-json\/wp\/v2\/product\/19558\/?action=genpdf&amp;id=19558\" class=\"pgfw-single-pdf-download-button\" target=_blank><img src=\"https:\/\/speedmodels.ch\/wp-content\/uploads\/2021\/09\/pdf_icon.png\" title=\"G\u00e9n\u00e9rer un PDF\" style=\"width:auto; height:45px;\"><\/a>\n\t\t<\/div>","protected":false},"excerpt":{"rendered":"<p>H\u00e9lice de bateau en laiton avec filteage pour monter sur l&rsquo;arbre. Le sens de marche des h\u00e9lices est vu de la poupe dans le sens de la marche. No de commande: \u00d8 mm \u00d8 inch D\/G Filetage tours\/min max. 179-13 53 2.08 D M5 9600 179-14 53 2.08 G M5 9600 179-15 58 2.28 D [&hellip;]<\/p>\n","protected":false},"featured_media":14242,"template":"","meta":[],"product_brand":[],"product_cat":[1518,1699,1536],"product_tag":[],"class_list":{"0":"post-19558","1":"product","2":"type-product","3":"status-publish","4":"has-post-thumbnail","6":"product_cat-accessoires","7":"product_cat-helices-de-bateau","8":"product_cat-pour-bateaux","10":"first","11":"instock","12":"shipping-taxable","13":"product-type-simple"},"_links":{"self":[{"href":"https:\/\/www.speedmodels.ch\/fr\/wp-json\/wp\/v2\/product\/19558","targetHints":{"allow":["GET"]}}],"collection":[{"href":"https:\/\/www.speedmodels.ch\/fr\/wp-json\/wp\/v2\/product"}],"about":[{"href":"https:\/\/www.speedmodels.ch\/fr\/wp-json\/wp\/v2\/types\/product"}],"version-history":[{"count":0,"href":"https:\/\/www.speedmodels.ch\/fr\/wp-json\/wp\/v2\/product\/19558\/revisions"}],"wp:featuredmedia":[{"embeddable":true,"href":"https:\/\/www.speedmodels.ch\/fr\/wp-json\/wp\/v2\/media\/14242"}],"wp:attachment":[{"href":"https:\/\/www.speedmodels.ch\/fr\/wp-json\/wp\/v2\/media?parent=19558"}],"wp:term":[{"taxonomy":"product_brand","embeddable":true,"href":"https:\/\/www.speedmodels.ch\/fr\/wp-json\/wp\/v2\/product_brand?post=19558"},{"taxonomy":"product_cat","embeddable":true,"href":"https:\/\/www.speedmodels.ch\/fr\/wp-json\/wp\/v2\/product_cat?post=19558"},{"taxonomy":"product_tag","embeddable":true,"href":"https:\/\/www.speedmodels.ch\/fr\/wp-json\/wp\/v2\/product_tag?post=19558"}],"curies":[{"name":"wp","href":"https:\/\/api.w.org\/{rel}","templated":true}]}}