{"id":19556,"date":"2022-09-22T14:33:15","date_gmt":"2022-09-22T14:33:15","guid":{"rendered":"https:\/\/www.speedmodels.ch\/produkte\/unkategorisiert\/helice-de-bateau-6-pales-metrique-pour-sousmarin\/"},"modified":"2024-03-21T14:56:10","modified_gmt":"2024-03-21T14:56:10","slug":"helice-de-bateau-6-pales-metrique-pour-sousmarin","status":"publish","type":"product","link":"https:\/\/www.speedmodels.ch\/fr\/produits\/accessoires\/pour-bateaux\/helices-de-bateau\/helice-de-bateau-6-pales-metrique-pour-sousmarin\/","title":{"rendered":"H\u00e9lice de bateau 6-pales m\u00e9trique pour sousmarin"},"content":{"rendered":"<p>H\u00e9lice de bateau en laiton avec filteage pour monter sur l&rsquo;arbre. Le sens de marche des h\u00e9lices est vu de la poupe dans le sens de la marche.<\/p>\n<table style=\"border-collapse: collapse; width: 372pt;\" border=\"0\" width=\"498\" cellspacing=\"0\" cellpadding=\"0\">\n<tbody>\n<tr style=\"height: 15.6pt;\">\n<td class=\"xl65\" style=\"height: 15.6pt; width: 62pt;\" width=\"83\" height=\"21\"><strong>No de commande:<\/strong><\/td>\n<td class=\"xl67\" style=\"border-left: none; width: 62pt;\" width=\"83\">\u00d8 mm<\/td>\n<td class=\"xl67\" style=\"border-left: none; width: 62pt;\" width=\"83\">\u00d8 inch<\/td>\n<td class=\"xl67\" style=\"border-left: none; width: 62pt;\" width=\"83\">D\/G<\/td>\n<td class=\"xl67\" style=\"border-left: none; width: 62pt;\" width=\"83\">Filetage<\/td>\n<td class=\"xl67\" style=\"border-left: none; width: 62pt;\" width=\"83\">tours\/min max.<\/td>\n<\/tr>\n<tr style=\"height: 15.0pt;\">\n<td class=\"xl66\" style=\"height: 15.0pt; border-top: none;\" height=\"20\">184-13<\/td>\n<td class=\"xl69\" style=\"border-top: none; border-left: none;\">60<\/td>\n<td class=\"xl70\" style=\"border-top: none; border-left: none;\">2.4<\/td>\n<td class=\"xl69\" style=\"border-top: none; border-left: none;\">D<\/td>\n<td class=\"xl68\" style=\"border-top: none; border-left: none;\">M4<\/td>\n<td class=\"xl69\" style=\"border-top: none; border-left: none;\">8000<\/td>\n<\/tr>\n<\/tbody>\n<\/table>\n<p>Unit\u00e9: 1pcs<\/p>\n<div style=\"text-align:left\" class=\"wps-pgfw-pdf-generate-icon__wrapper-frontend\">\n\t\t<a href=\"https:\/\/www.speedmodels.ch\/fr\/wp-json\/wp\/v2\/product\/19556\/?action=genpdf&amp;id=19556\" class=\"pgfw-single-pdf-download-button\" target=_blank><img src=\"https:\/\/speedmodels.ch\/wp-content\/uploads\/2021\/09\/pdf_icon.png\" title=\"G\u00e9n\u00e9rer un PDF\" style=\"width:auto; height:45px;\"><\/a>\n\t\t<\/div>","protected":false},"excerpt":{"rendered":"<p>H\u00e9lice de bateau en laiton avec filteage pour monter sur l&rsquo;arbre. Le sens de marche des h\u00e9lices est vu de la poupe dans le sens de la marche. No de commande: \u00d8 mm \u00d8 inch D\/G Filetage tours\/min max. 184-13 60 2.4 D M4 8000 Unit\u00e9: 1pcs<\/p>\n","protected":false},"featured_media":14254,"template":"","meta":[],"product_brand":[],"product_cat":[1518,1699,1536],"product_tag":[],"class_list":{"0":"post-19556","1":"product","2":"type-product","3":"status-publish","4":"has-post-thumbnail","6":"product_cat-accessoires","7":"product_cat-helices-de-bateau","8":"product_cat-pour-bateaux","10":"first","11":"instock","12":"shipping-taxable","13":"product-type-simple"},"_links":{"self":[{"href":"https:\/\/www.speedmodels.ch\/fr\/wp-json\/wp\/v2\/product\/19556","targetHints":{"allow":["GET"]}}],"collection":[{"href":"https:\/\/www.speedmodels.ch\/fr\/wp-json\/wp\/v2\/product"}],"about":[{"href":"https:\/\/www.speedmodels.ch\/fr\/wp-json\/wp\/v2\/types\/product"}],"version-history":[{"count":0,"href":"https:\/\/www.speedmodels.ch\/fr\/wp-json\/wp\/v2\/product\/19556\/revisions"}],"wp:featuredmedia":[{"embeddable":true,"href":"https:\/\/www.speedmodels.ch\/fr\/wp-json\/wp\/v2\/media\/14254"}],"wp:attachment":[{"href":"https:\/\/www.speedmodels.ch\/fr\/wp-json\/wp\/v2\/media?parent=19556"}],"wp:term":[{"taxonomy":"product_brand","embeddable":true,"href":"https:\/\/www.speedmodels.ch\/fr\/wp-json\/wp\/v2\/product_brand?post=19556"},{"taxonomy":"product_cat","embeddable":true,"href":"https:\/\/www.speedmodels.ch\/fr\/wp-json\/wp\/v2\/product_cat?post=19556"},{"taxonomy":"product_tag","embeddable":true,"href":"https:\/\/www.speedmodels.ch\/fr\/wp-json\/wp\/v2\/product_tag?post=19556"}],"curies":[{"name":"wp","href":"https:\/\/api.w.org\/{rel}","templated":true}]}}