{"id":19549,"date":"2022-09-26T06:26:13","date_gmt":"2022-09-26T06:26:13","guid":{"rendered":"https:\/\/www.speedmodels.ch\/produkte\/unkategorisiert\/helice-de-bateau-5-pales-metrique-4\/"},"modified":"2024-03-21T14:53:44","modified_gmt":"2024-03-21T14:53:44","slug":"helice-de-bateau-5-pales-metrique-2","status":"publish","type":"product","link":"https:\/\/www.speedmodels.ch\/fr\/produits\/accessoires\/pour-bateaux\/helices-de-bateau\/helice-de-bateau-5-pales-metrique-2\/","title":{"rendered":"H\u00e9lice de bateau 5-pales m\u00e9trique"},"content":{"rendered":"<p>H\u00e9lice de bateau en laiton avec filteage pour monter sur l&rsquo;arbre. Le sens de marche des h\u00e9lices est vu de la poupe dans le sens de la marche.<\/p>\n<table style=\"height: 794px;\" width=\"491\">\n<tbody>\n<tr>\n<td width=\"75\">No de commande:<\/td>\n<td width=\"65\">\u00d8 mm<\/td>\n<td width=\"65\">\u00d8 inch<\/td>\n<td width=\"45\">D\/G<\/td>\n<td width=\"72\">Filetage<\/td>\n<td width=\"83\">tours\/min max.<\/td>\n<\/tr>\n<tr>\n<td>181-13<\/td>\n<td>55<\/td>\n<td>2.2<\/td>\n<td>D<\/td>\n<td>M4<\/td>\n<td>9600<\/td>\n<\/tr>\n<tr>\n<td>181-14<\/td>\n<td>55<\/td>\n<td>2.2<\/td>\n<td>G<\/td>\n<td>M4<\/td>\n<td>9600<\/td>\n<\/tr>\n<tr>\n<td>181-13A<\/td>\n<td>55<\/td>\n<td>2.2<\/td>\n<td>D<\/td>\n<td>M5<\/td>\n<td>9600<\/td>\n<\/tr>\n<tr>\n<td>181-14A<\/td>\n<td>55<\/td>\n<td>2.2<\/td>\n<td>G<\/td>\n<td>M5<\/td>\n<td>9600<\/td>\n<\/tr>\n<tr>\n<td>181-15<\/td>\n<td>60<\/td>\n<td>2.4<\/td>\n<td>D<\/td>\n<td>M4<\/td>\n<td>8000<\/td>\n<\/tr>\n<tr>\n<td>181-16<\/td>\n<td>60<\/td>\n<td>2.4<\/td>\n<td>G<\/td>\n<td>M4<\/td>\n<td>8000<\/td>\n<\/tr>\n<tr>\n<td>181-15A<\/td>\n<td>60<\/td>\n<td>2.4<\/td>\n<td>D<\/td>\n<td>M5<\/td>\n<td>8000<\/td>\n<\/tr>\n<tr>\n<td>181-16A<\/td>\n<td>60<\/td>\n<td>2.4<\/td>\n<td>G<\/td>\n<td>M5<\/td>\n<td>8000<\/td>\n<\/tr>\n<tr>\n<td>181-17<\/td>\n<td>65<\/td>\n<td>2.6<\/td>\n<td>D<\/td>\n<td>M5<\/td>\n<td>6600<\/td>\n<\/tr>\n<tr>\n<td>181-18<\/td>\n<td>65<\/td>\n<td>2.6<\/td>\n<td>G<\/td>\n<td>M5<\/td>\n<td>6600<\/td>\n<\/tr>\n<tr>\n<td>181-19<\/td>\n<td>70<\/td>\n<td>2.8<\/td>\n<td>D<\/td>\n<td>M5<\/td>\n<td>6200<\/td>\n<\/tr>\n<tr>\n<td>181-20<\/td>\n<td>70<\/td>\n<td>2.8<\/td>\n<td>G<\/td>\n<td>M5<\/td>\n<td>6200<\/td>\n<\/tr>\n<tr>\n<td>181-21<\/td>\n<td>75<\/td>\n<td>3.0<\/td>\n<td>D<\/td>\n<td>M5<\/td>\n<td>4200<\/td>\n<\/tr>\n<tr>\n<td>181-22<\/td>\n<td>75<\/td>\n<td>3.0<\/td>\n<td>G<\/td>\n<td>M5<\/td>\n<td>4200<\/td>\n<\/tr>\n<tr>\n<td width=\"75\">181-23<\/td>\n<td width=\"65\">80<\/td>\n<td width=\"65\">3.2<\/td>\n<td> D<\/td>\n<td> M5<\/td>\n<td width=\"83\">3500<\/td>\n<\/tr>\n<tr>\n<td width=\"75\">181-24<\/td>\n<td width=\"65\">80<\/td>\n<td width=\"65\">3.2<\/td>\n<td> G<\/td>\n<td> M5<\/td>\n<td width=\"83\">3500<\/td>\n<\/tr>\n<tr>\n<td width=\"75\">181-25<\/td>\n<td width=\"65\">85<\/td>\n<td width=\"65\">3.4<\/td>\n<td> D<\/td>\n<td> M5<\/td>\n<td width=\"83\">3100<\/td>\n<\/tr>\n<tr>\n<td width=\"75\">181-26<\/td>\n<td width=\"65\">85<\/td>\n<td width=\"65\">3.4<\/td>\n<td> G<\/td>\n<td> M5<\/td>\n<td width=\"83\">3100<\/td>\n<\/tr>\n<tr>\n<td width=\"75\">181-27<\/td>\n<td width=\"65\">95<\/td>\n<td width=\"65\">3.8<\/td>\n<td> D<\/td>\n<td> M5<\/td>\n<td width=\"83\">2800<\/td>\n<\/tr>\n<tr>\n<td width=\"75\">181-28<\/td>\n<td width=\"65\">95<\/td>\n<td width=\"65\">3.8<\/td>\n<td> G<\/td>\n<td> M5<\/td>\n<td width=\"83\">2800<\/td>\n<\/tr>\n<\/tbody>\n<\/table>\n<p>Unit\u00e9: 1pcs<\/p>\n<div style=\"text-align:left\" class=\"wps-pgfw-pdf-generate-icon__wrapper-frontend\">\n\t\t<a href=\"https:\/\/www.speedmodels.ch\/fr\/wp-json\/wp\/v2\/product\/19549\/?action=genpdf&amp;id=19549\" class=\"pgfw-single-pdf-download-button\" target=_blank><img src=\"https:\/\/speedmodels.ch\/wp-content\/uploads\/2021\/09\/pdf_icon.png\" title=\"G\u00e9n\u00e9rer un PDF\" style=\"width:auto; height:45px;\"><\/a>\n\t\t<\/div>","protected":false},"excerpt":{"rendered":"<p>H\u00e9lice de bateau en laiton avec filteage pour monter sur l&rsquo;arbre. Le sens de marche des h\u00e9lices est vu de la poupe dans le sens de la marche. No de commande: \u00d8 mm \u00d8 inch D\/G Filetage tours\/min max. 181-13 55 2.2 D M4 9600 181-14 55 2.2 G M4 9600 181-13A 55 2.2 D [&hellip;]<\/p>\n","protected":false},"featured_media":14248,"template":"","meta":[],"product_brand":[],"product_cat":[1518,1699,1536],"product_tag":[],"class_list":{"0":"post-19549","1":"product","2":"type-product","3":"status-publish","4":"has-post-thumbnail","6":"product_cat-accessoires","7":"product_cat-helices-de-bateau","8":"product_cat-pour-bateaux","10":"first","11":"instock","12":"shipping-taxable","13":"product-type-simple"},"_links":{"self":[{"href":"https:\/\/www.speedmodels.ch\/fr\/wp-json\/wp\/v2\/product\/19549","targetHints":{"allow":["GET"]}}],"collection":[{"href":"https:\/\/www.speedmodels.ch\/fr\/wp-json\/wp\/v2\/product"}],"about":[{"href":"https:\/\/www.speedmodels.ch\/fr\/wp-json\/wp\/v2\/types\/product"}],"version-history":[{"count":0,"href":"https:\/\/www.speedmodels.ch\/fr\/wp-json\/wp\/v2\/product\/19549\/revisions"}],"wp:featuredmedia":[{"embeddable":true,"href":"https:\/\/www.speedmodels.ch\/fr\/wp-json\/wp\/v2\/media\/14248"}],"wp:attachment":[{"href":"https:\/\/www.speedmodels.ch\/fr\/wp-json\/wp\/v2\/media?parent=19549"}],"wp:term":[{"taxonomy":"product_brand","embeddable":true,"href":"https:\/\/www.speedmodels.ch\/fr\/wp-json\/wp\/v2\/product_brand?post=19549"},{"taxonomy":"product_cat","embeddable":true,"href":"https:\/\/www.speedmodels.ch\/fr\/wp-json\/wp\/v2\/product_cat?post=19549"},{"taxonomy":"product_tag","embeddable":true,"href":"https:\/\/www.speedmodels.ch\/fr\/wp-json\/wp\/v2\/product_tag?post=19549"}],"curies":[{"name":"wp","href":"https:\/\/api.w.org\/{rel}","templated":true}]}}