{"id":19545,"date":"2022-09-26T08:00:45","date_gmt":"2022-09-26T08:00:45","guid":{"rendered":"https:\/\/www.speedmodels.ch\/produkte\/unkategorisiert\/helice-de-bateau-4-pales-en-pouce-3\/"},"modified":"2024-03-25T10:40:06","modified_gmt":"2024-03-25T10:40:06","slug":"helice-de-bateau-4-pales-en-pouce","status":"publish","type":"product","link":"https:\/\/www.speedmodels.ch\/fr\/produits\/accessoires\/pour-bateaux\/helices-de-bateau\/helice-de-bateau-4-pales-en-pouce\/","title":{"rendered":"H\u00e9lice de bateau 4-pales en pouce"},"content":{"rendered":"<p>H\u00e9lice de bateau en laiton avec filteage pour monter sur l&rsquo;arbre. Le sens de marche des h\u00e9lices est vu de la poupe dans le sens de la marche.<\/p>\n<table width=\"425\">\n<tbody>\n<tr>\n<td width=\"75\"><strong>No de commande:<\/strong><\/td>\n<td width=\"65\">\u00d8 mm<\/td>\n<td width=\"65\">\u00d8 inch<\/td>\n<td width=\"45\">D\/G<\/td>\n<td width=\"72\">Filetage<\/td>\n<td width=\"103\">tours\/min max.<\/td>\n<\/tr>\n<tr>\n<td>177-39<\/td>\n<td>20<\/td>\n<td>0.79<\/td>\n<td>D<\/td>\n<td>1\/8&Prime;<\/td>\n<td>16000<\/td>\n<\/tr>\n<tr>\n<td>177-40<\/td>\n<td>20<\/td>\n<td>0.79<\/td>\n<td>G<\/td>\n<td>1\/8&Prime;<\/td>\n<td>16000<\/td>\n<\/tr>\n<tr>\n<td>177-41<\/td>\n<td>25<\/td>\n<td>0.98<\/td>\n<td>D<\/td>\n<td>1\/8&Prime;<\/td>\n<td>16000<\/td>\n<\/tr>\n<tr>\n<td>177-42<\/td>\n<td>25<\/td>\n<td>0.98<\/td>\n<td>G<\/td>\n<td>1\/8&Prime;<\/td>\n<td>16000<\/td>\n<\/tr>\n<tr>\n<td>177-01<\/td>\n<td>30<\/td>\n<td>1.20<\/td>\n<td>D<\/td>\n<td>3\/16&Prime;<\/td>\n<td>14500<\/td>\n<\/tr>\n<tr>\n<td>177-02<\/td>\n<td>30<\/td>\n<td>1.20<\/td>\n<td>G<\/td>\n<td>3\/16&Prime;<\/td>\n<td>14500<\/td>\n<\/tr>\n<tr>\n<td>177-43<\/td>\n<td>30<\/td>\n<td>1.20<\/td>\n<td>D<\/td>\n<td>1\/8&Prime;<\/td>\n<td>14500<\/td>\n<\/tr>\n<tr>\n<td>177-44<\/td>\n<td>30<\/td>\n<td>1.20<\/td>\n<td>G<\/td>\n<td>1\/8&Prime;<\/td>\n<td>14500<\/td>\n<\/tr>\n<tr>\n<td>177-03<\/td>\n<td>35<\/td>\n<td>1.40<\/td>\n<td>D<\/td>\n<td>3\/16&Prime;<\/td>\n<td>14500<\/td>\n<\/tr>\n<tr>\n<td>177-04<\/td>\n<td>35<\/td>\n<td>1.40<\/td>\n<td>G<\/td>\n<td>3\/16&Prime;<\/td>\n<td>14500<\/td>\n<\/tr>\n<tr>\n<td>177-45<\/td>\n<td>35<\/td>\n<td>1.40<\/td>\n<td>D<\/td>\n<td>1\/8&Prime;<\/td>\n<td>14500<\/td>\n<\/tr>\n<tr>\n<td>177-46<\/td>\n<td>35<\/td>\n<td>1.40<\/td>\n<td>G<\/td>\n<td>1\/8&Prime;<\/td>\n<td>14500<\/td>\n<\/tr>\n<tr>\n<td>177-05<\/td>\n<td>40<\/td>\n<td>1.60<\/td>\n<td>D<\/td>\n<td>3\/16&Prime;<\/td>\n<td>13000<\/td>\n<\/tr>\n<tr>\n<td>177-06<\/td>\n<td>40<\/td>\n<td>1.60<\/td>\n<td>G<\/td>\n<td>3\/16&Prime;<\/td>\n<td>13000<\/td>\n<\/tr>\n<tr>\n<td>177-07<\/td>\n<td>45<\/td>\n<td>1.80<\/td>\n<td>D<\/td>\n<td>3\/16&Prime;<\/td>\n<td>12000<\/td>\n<\/tr>\n<tr>\n<td>177-08<\/td>\n<td>45<\/td>\n<td>1.80<\/td>\n<td>G<\/td>\n<td>3\/16&Prime;<\/td>\n<td>12000<\/td>\n<\/tr>\n<tr>\n<td width=\"75\">177-11<\/td>\n<td width=\"65\">50<\/td>\n<td width=\"65\">2.00<\/td>\n<td> D<\/td>\n<td>3\/16&Prime;<\/td>\n<td width=\"103\">10000<\/td>\n<\/tr>\n<tr>\n<td width=\"75\">177-12<\/td>\n<td width=\"65\">50<\/td>\n<td width=\"65\">2.00<\/td>\n<td> G<\/td>\n<td>3\/16&Prime;<\/td>\n<td width=\"103\">10000<\/td>\n<\/tr>\n<tr>\n<td>177-15<\/td>\n<td>55<\/td>\n<td>2.20<\/td>\n<td>D<\/td>\n<td>3\/16&Prime;<\/td>\n<td>9600<\/td>\n<\/tr>\n<tr>\n<td>177-16<\/td>\n<td>55<\/td>\n<td>2.20<\/td>\n<td>G<\/td>\n<td>3\/16&Prime;<\/td>\n<td>9600<\/td>\n<\/tr>\n<tr>\n<td>177-19<\/td>\n<td>60<\/td>\n<td>2.40<\/td>\n<td>D<\/td>\n<td>3\/16&Prime;<\/td>\n<td>8000<\/td>\n<\/tr>\n<tr>\n<td>177-20<\/td>\n<td>60<\/td>\n<td>2.40<\/td>\n<td>G<\/td>\n<td>3\/16&Prime;<\/td>\n<td>8000<\/td>\n<\/tr>\n<tr>\n<td>177-21<\/td>\n<td>65<\/td>\n<td>2.60<\/td>\n<td>D<\/td>\n<td>3\/16&Prime;<\/td>\n<td>6600<\/td>\n<\/tr>\n<tr>\n<td>177-22<\/td>\n<td>65<\/td>\n<td>2.60<\/td>\n<td>G<\/td>\n<td>3\/16&Prime;<\/td>\n<td>6600<\/td>\n<\/tr>\n<tr>\n<td>177-23<\/td>\n<td>70<\/td>\n<td>2.80<\/td>\n<td>D<\/td>\n<td>3\/16&Prime;<\/td>\n<td>6200<\/td>\n<\/tr>\n<tr>\n<td>177-24<\/td>\n<td>70<\/td>\n<td>2.80<\/td>\n<td>G<\/td>\n<td>3\/16&Prime;<\/td>\n<td>6200<\/td>\n<\/tr>\n<tr>\n<td>177-25<\/td>\n<td>75<\/td>\n<td>3.00<\/td>\n<td>D<\/td>\n<td>3\/16&Prime;<\/td>\n<td>4200<\/td>\n<\/tr>\n<tr>\n<td>177-26<\/td>\n<td>75<\/td>\n<td>3.00<\/td>\n<td>G<\/td>\n<td>3\/16&Prime;<\/td>\n<td>4200<\/td>\n<\/tr>\n<tr>\n<td>177-27<\/td>\n<td>80<\/td>\n<td>3.20<\/td>\n<td>D<\/td>\n<td>3\/16&Prime;<\/td>\n<td>3500<\/td>\n<\/tr>\n<tr>\n<td>177-28<\/td>\n<td>80<\/td>\n<td>3.20<\/td>\n<td>G<\/td>\n<td>3\/16&Prime;<\/td>\n<td>3500<\/td>\n<\/tr>\n<tr>\n<td>177-29<\/td>\n<td>90<\/td>\n<td>3.60<\/td>\n<td>D<\/td>\n<td>3\/16&Prime;<\/td>\n<td>3100<\/td>\n<\/tr>\n<tr>\n<td>177-30<\/td>\n<td>90<\/td>\n<td>3.60<\/td>\n<td>G<\/td>\n<td>3\/16&Prime;<\/td>\n<td>3100<\/td>\n<\/tr>\n<\/tbody>\n<\/table>\n<p>&nbsp;<\/p>\n<p>Unit\u00e9: 1pcs<\/p>\n<div style=\"text-align:left\" class=\"wps-pgfw-pdf-generate-icon__wrapper-frontend\">\n\t\t<a href=\"https:\/\/www.speedmodels.ch\/fr\/wp-json\/wp\/v2\/product\/19545\/?action=genpdf&amp;id=19545\" class=\"pgfw-single-pdf-download-button\" target=_blank><img src=\"https:\/\/speedmodels.ch\/wp-content\/uploads\/2021\/09\/pdf_icon.png\" title=\"G\u00e9n\u00e9rer un PDF\" style=\"width:auto; height:45px;\"><\/a>\n\t\t<\/div>","protected":false},"excerpt":{"rendered":"<p>H\u00e9lice de bateau en laiton avec filteage pour monter sur l&rsquo;arbre. Le sens de marche des h\u00e9lices est vu de la poupe dans le sens de la marche. No de commande: \u00d8 mm \u00d8 inch D\/G Filetage tours\/min max. 177-39 20 0.79 D 1\/8&Prime; 16000 177-40 20 0.79 G 1\/8&Prime; 16000 177-41 25 0.98 D [&hellip;]<\/p>\n","protected":false},"featured_media":14238,"template":"","meta":[],"product_brand":[],"product_cat":[1518,1699,1536],"product_tag":[],"class_list":{"0":"post-19545","1":"product","2":"type-product","3":"status-publish","4":"has-post-thumbnail","6":"product_cat-accessoires","7":"product_cat-helices-de-bateau","8":"product_cat-pour-bateaux","10":"first","11":"instock","12":"shipping-taxable","13":"product-type-simple"},"_links":{"self":[{"href":"https:\/\/www.speedmodels.ch\/fr\/wp-json\/wp\/v2\/product\/19545","targetHints":{"allow":["GET"]}}],"collection":[{"href":"https:\/\/www.speedmodels.ch\/fr\/wp-json\/wp\/v2\/product"}],"about":[{"href":"https:\/\/www.speedmodels.ch\/fr\/wp-json\/wp\/v2\/types\/product"}],"version-history":[{"count":0,"href":"https:\/\/www.speedmodels.ch\/fr\/wp-json\/wp\/v2\/product\/19545\/revisions"}],"wp:featuredmedia":[{"embeddable":true,"href":"https:\/\/www.speedmodels.ch\/fr\/wp-json\/wp\/v2\/media\/14238"}],"wp:attachment":[{"href":"https:\/\/www.speedmodels.ch\/fr\/wp-json\/wp\/v2\/media?parent=19545"}],"wp:term":[{"taxonomy":"product_brand","embeddable":true,"href":"https:\/\/www.speedmodels.ch\/fr\/wp-json\/wp\/v2\/product_brand?post=19545"},{"taxonomy":"product_cat","embeddable":true,"href":"https:\/\/www.speedmodels.ch\/fr\/wp-json\/wp\/v2\/product_cat?post=19545"},{"taxonomy":"product_tag","embeddable":true,"href":"https:\/\/www.speedmodels.ch\/fr\/wp-json\/wp\/v2\/product_tag?post=19545"}],"curies":[{"name":"wp","href":"https:\/\/api.w.org\/{rel}","templated":true}]}}