{"id":19521,"date":"2022-09-29T09:51:42","date_gmt":"2022-09-29T09:51:42","guid":{"rendered":"https:\/\/www.speedmodels.ch\/produkte\/unkategorisiert\/arbre-rigide-pour-bateaux-oe-3-mm-270-mm-avec-etambot-oe-5-x-6-mm-et-support-daxe\/"},"modified":"2024-03-14T13:51:18","modified_gmt":"2024-03-14T13:51:18","slug":"arbre-rigide-pour-bateaux-oe-3-mm-270-mm-avec-etambot-oe-5-x-6-mm-et-support-d-axe","status":"publish","type":"product","link":"https:\/\/www.speedmodels.ch\/fr\/produits\/accessoires\/pour-bateaux\/arbre-rigide-pour-bateuax-avec-etambot\/arbre-rigide-pour-bateaux-oe-3-mm-270-mm-avec-etambot-oe-5-x-6-mm-et-support-d-axe\/","title":{"rendered":"Arbre rigide pour bateaux \u00d8 3 mm \/ 270 mm avec \u00e9tambot \u00d8 5 x 6 mm et support d&rsquo;axe"},"content":{"rendered":"<p>Arbre rigide pour bateux en acier INOX avec \u00e9tambot en en laiton et support d&rsquo;axe.<\/p>\n<table style=\"height: 108px;\" width=\"568\">\n<tbody>\n<tr>\n<td style=\"text-align: center;\" width=\"83\"><strong>\u00d8 axe \/ filetage<\/strong><\/td>\n<td style=\"text-align: center;\" width=\"83\"><strong>longueur d&rsquo;axe<\/strong><\/td>\n<td style=\"text-align: center;\" width=\"83\"><strong>\u00e9tambot \u00d8 + longueur<\/strong><\/td>\n<td style=\"text-align: center;\" width=\"83\"><strong>Douille avant<\/strong><\/td>\n<td style=\"text-align: center;\" width=\"83\"><strong>Douille arri\u00e8re<\/strong><\/td>\n<td style=\"text-align: center;\" width=\"88\"><strong>Tours\/minutes maximale dans l&rsquo;eau<\/strong><\/td>\n<\/tr>\n<tr>\n<td style=\"text-align: center;\">3 \/ M3<\/td>\n<td style=\"text-align: center;\">270 mm<\/td>\n<td style=\"text-align: center;\" width=\"83\">5 x 6mm \/ 148 mm<\/td>\n<td style=\"text-align: center;\">bronze<\/td>\n<td style=\"text-align: center;\">laiton<\/td>\n<td style=\"text-align: center;\">15000 tours\/min<\/td>\n<\/tr>\n<\/tbody>\n<\/table>\n<div style=\"text-align:left\" class=\"wps-pgfw-pdf-generate-icon__wrapper-frontend\">\n\t\t<a href=\"https:\/\/www.speedmodels.ch\/fr\/wp-json\/wp\/v2\/product\/19521\/?action=genpdf&amp;id=19521\" class=\"pgfw-single-pdf-download-button\" target=_blank><img src=\"https:\/\/speedmodels.ch\/wp-content\/uploads\/2021\/09\/pdf_icon.png\" title=\"G\u00e9n\u00e9rer un PDF\" style=\"width:auto; height:45px;\"><\/a>\n\t\t<\/div>","protected":false},"excerpt":{"rendered":"<p>Arbre rigide pour bateux en acier INOX avec \u00e9tambot en en laiton et support d&rsquo;axe. \u00d8 axe \/ filetage longueur d&rsquo;axe \u00e9tambot \u00d8 + longueur Douille avant Douille arri\u00e8re Tours\/minutes maximale dans l&rsquo;eau 3 \/ M3 270 mm 5 x 6mm \/ 148 mm bronze laiton 15000 tours\/min<\/p>\n","protected":false},"featured_media":14698,"template":"","meta":[],"product_brand":[],"product_cat":[1518,1698,1536],"product_tag":[],"class_list":{"0":"post-19521","1":"product","2":"type-product","3":"status-publish","4":"has-post-thumbnail","6":"product_cat-accessoires","7":"product_cat-arbre-rigide-pour-bateuax-avec-etambot","8":"product_cat-pour-bateaux","10":"first","11":"instock","12":"shipping-taxable","13":"product-type-simple"},"_links":{"self":[{"href":"https:\/\/www.speedmodels.ch\/fr\/wp-json\/wp\/v2\/product\/19521","targetHints":{"allow":["GET"]}}],"collection":[{"href":"https:\/\/www.speedmodels.ch\/fr\/wp-json\/wp\/v2\/product"}],"about":[{"href":"https:\/\/www.speedmodels.ch\/fr\/wp-json\/wp\/v2\/types\/product"}],"version-history":[{"count":0,"href":"https:\/\/www.speedmodels.ch\/fr\/wp-json\/wp\/v2\/product\/19521\/revisions"}],"wp:featuredmedia":[{"embeddable":true,"href":"https:\/\/www.speedmodels.ch\/fr\/wp-json\/wp\/v2\/media\/14698"}],"wp:attachment":[{"href":"https:\/\/www.speedmodels.ch\/fr\/wp-json\/wp\/v2\/media?parent=19521"}],"wp:term":[{"taxonomy":"product_brand","embeddable":true,"href":"https:\/\/www.speedmodels.ch\/fr\/wp-json\/wp\/v2\/product_brand?post=19521"},{"taxonomy":"product_cat","embeddable":true,"href":"https:\/\/www.speedmodels.ch\/fr\/wp-json\/wp\/v2\/product_cat?post=19521"},{"taxonomy":"product_tag","embeddable":true,"href":"https:\/\/www.speedmodels.ch\/fr\/wp-json\/wp\/v2\/product_tag?post=19521"}],"curies":[{"name":"wp","href":"https:\/\/api.w.org\/{rel}","templated":true}]}}