{"id":19515,"date":"2022-09-29T08:02:43","date_gmt":"2022-09-29T08:02:43","guid":{"rendered":"https:\/\/www.speedmodels.ch\/produkte\/unkategorisiert\/douille-en-bronze-2-x-5-x-3-mm\/"},"modified":"2024-03-14T14:52:04","modified_gmt":"2024-03-14T14:52:04","slug":"douille-en-bronze-2-x-5-x-3-mm","status":"publish","type":"product","link":"https:\/\/www.speedmodels.ch\/fr\/produits\/accessoires\/pour-bateaux\/arbre-rigide-pour-bateuax-avec-etambot\/douille-en-bronze-2-x-5-x-3-mm\/","title":{"rendered":"Douille en bronze 2 x 5 x 3 mm"},"content":{"rendered":"<p>douille en bronze<\/p>\n<p>int\u00e9rieur \u00d8 2 mm<\/p>\n<p>ext\u00e9rieur \u00d8 5 mm<\/p>\n<p>longueur 3 mm<\/p>\n<p>emballage de 2 pcs<\/p>\n<div style=\"text-align:left\" class=\"wps-pgfw-pdf-generate-icon__wrapper-frontend\">\n\t\t<a href=\"https:\/\/www.speedmodels.ch\/fr\/wp-json\/wp\/v2\/product\/19515\/?action=genpdf&amp;id=19515\" class=\"pgfw-single-pdf-download-button\" target=_blank><img src=\"https:\/\/speedmodels.ch\/wp-content\/uploads\/2021\/09\/pdf_icon.png\" title=\"G\u00e9n\u00e9rer un PDF\" style=\"width:auto; height:45px;\"><\/a>\n\t\t<\/div>","protected":false},"excerpt":{"rendered":"<p>douille en bronze int\u00e9rieur \u00d8 2 mm ext\u00e9rieur \u00d8 5 mm longueur 3 mm emballage de 2 pcs<\/p>\n","protected":false},"featured_media":15029,"template":"","meta":[],"product_brand":[],"product_cat":[1518,1698,1536],"product_tag":[],"class_list":{"0":"post-19515","1":"product","2":"type-product","3":"status-publish","4":"has-post-thumbnail","6":"product_cat-accessoires","7":"product_cat-arbre-rigide-pour-bateuax-avec-etambot","8":"product_cat-pour-bateaux","10":"first","11":"instock","12":"shipping-taxable","13":"product-type-simple"},"_links":{"self":[{"href":"https:\/\/www.speedmodels.ch\/fr\/wp-json\/wp\/v2\/product\/19515","targetHints":{"allow":["GET"]}}],"collection":[{"href":"https:\/\/www.speedmodels.ch\/fr\/wp-json\/wp\/v2\/product"}],"about":[{"href":"https:\/\/www.speedmodels.ch\/fr\/wp-json\/wp\/v2\/types\/product"}],"version-history":[{"count":0,"href":"https:\/\/www.speedmodels.ch\/fr\/wp-json\/wp\/v2\/product\/19515\/revisions"}],"wp:featuredmedia":[{"embeddable":true,"href":"https:\/\/www.speedmodels.ch\/fr\/wp-json\/wp\/v2\/media\/15029"}],"wp:attachment":[{"href":"https:\/\/www.speedmodels.ch\/fr\/wp-json\/wp\/v2\/media?parent=19515"}],"wp:term":[{"taxonomy":"product_brand","embeddable":true,"href":"https:\/\/www.speedmodels.ch\/fr\/wp-json\/wp\/v2\/product_brand?post=19515"},{"taxonomy":"product_cat","embeddable":true,"href":"https:\/\/www.speedmodels.ch\/fr\/wp-json\/wp\/v2\/product_cat?post=19515"},{"taxonomy":"product_tag","embeddable":true,"href":"https:\/\/www.speedmodels.ch\/fr\/wp-json\/wp\/v2\/product_tag?post=19515"}],"curies":[{"name":"wp","href":"https:\/\/api.w.org\/{rel}","templated":true}]}}