{"id":19513,"date":"2022-09-29T07:51:19","date_gmt":"2022-09-29T07:51:19","guid":{"rendered":"https:\/\/www.speedmodels.ch\/produkte\/unkategorisiert\/arbre-rigide-pour-bateaux-oe-6-mm-450-mm-avec-etambot-oe-8-x-10-mm\/"},"modified":"2024-03-14T14:01:47","modified_gmt":"2024-03-14T14:01:47","slug":"arbre-rigide-pour-bateaux-oe-6-mm-450-mm-avec-etambot-oe-8-x-10-mm","status":"publish","type":"product","link":"https:\/\/www.speedmodels.ch\/fr\/produits\/accessoires\/pour-bateaux\/arbre-rigide-pour-bateuax-avec-etambot\/arbre-rigide-pour-bateaux-oe-6-mm-450-mm-avec-etambot-oe-8-x-10-mm\/","title":{"rendered":"Arbre rigide pour bateaux \u00d8 6 mm \/ 450 mm avec \u00e9tambot \u00d8 8 x 10 mm"},"content":{"rendered":"<p>Arbre rigide pour bateaux en acier INOX avec \u00e9tambot en laiton.<\/p>\n<table width=\"503\">\n<tbody>\n<tr>\n<td width=\"83\">\u00d8 axe \/ filetage<\/td>\n<td width=\"83\">longueur d&rsquo;axe<\/td>\n<td width=\"83\">\u00e9tambot \u00d8 + longueur<\/td>\n<td width=\"83\">Douille avant<\/td>\n<td width=\"83\">Douille arri\u00e8re<\/td>\n<td width=\"88\">Tours\/minutes maximale dans l&rsquo;eau<\/td>\n<\/tr>\n<tr>\n<td>6 \/ M5<\/td>\n<td>450 mm<\/td>\n<td width=\"83\">8 x 10mm \/ 370 mm<\/td>\n<td>roulement \u00e0 bille<\/td>\n<td>douille en bronze<\/td>\n<td>16000 tours\/min<\/td>\n<\/tr>\n<\/tbody>\n<\/table>\n<p>&nbsp;<\/p>\n<p>&nbsp;<\/p>\n<div style=\"text-align:left\" class=\"wps-pgfw-pdf-generate-icon__wrapper-frontend\">\n\t\t<a href=\"https:\/\/www.speedmodels.ch\/fr\/wp-json\/wp\/v2\/product\/19513\/?action=genpdf&amp;id=19513\" class=\"pgfw-single-pdf-download-button\" target=_blank><img src=\"https:\/\/speedmodels.ch\/wp-content\/uploads\/2021\/09\/pdf_icon.png\" title=\"G\u00e9n\u00e9rer un PDF\" style=\"width:auto; height:45px;\"><\/a>\n\t\t<\/div>","protected":false},"excerpt":{"rendered":"<p>Arbre rigide pour bateaux en acier INOX avec \u00e9tambot en laiton. \u00d8 axe \/ filetage longueur d&rsquo;axe \u00e9tambot \u00d8 + longueur Douille avant Douille arri\u00e8re Tours\/minutes maximale dans l&rsquo;eau 6 \/ M5 450 mm 8 x 10mm \/ 370 mm roulement \u00e0 bille douille en bronze 16000 tours\/min &nbsp; &nbsp;<\/p>\n","protected":false},"featured_media":14666,"template":"","meta":[],"product_brand":[],"product_cat":[1518,1698,1536],"product_tag":[],"class_list":{"0":"post-19513","1":"product","2":"type-product","3":"status-publish","4":"has-post-thumbnail","6":"product_cat-accessoires","7":"product_cat-arbre-rigide-pour-bateuax-avec-etambot","8":"product_cat-pour-bateaux","10":"first","11":"instock","12":"shipping-taxable","13":"product-type-simple"},"_links":{"self":[{"href":"https:\/\/www.speedmodels.ch\/fr\/wp-json\/wp\/v2\/product\/19513","targetHints":{"allow":["GET"]}}],"collection":[{"href":"https:\/\/www.speedmodels.ch\/fr\/wp-json\/wp\/v2\/product"}],"about":[{"href":"https:\/\/www.speedmodels.ch\/fr\/wp-json\/wp\/v2\/types\/product"}],"version-history":[{"count":0,"href":"https:\/\/www.speedmodels.ch\/fr\/wp-json\/wp\/v2\/product\/19513\/revisions"}],"wp:featuredmedia":[{"embeddable":true,"href":"https:\/\/www.speedmodels.ch\/fr\/wp-json\/wp\/v2\/media\/14666"}],"wp:attachment":[{"href":"https:\/\/www.speedmodels.ch\/fr\/wp-json\/wp\/v2\/media?parent=19513"}],"wp:term":[{"taxonomy":"product_brand","embeddable":true,"href":"https:\/\/www.speedmodels.ch\/fr\/wp-json\/wp\/v2\/product_brand?post=19513"},{"taxonomy":"product_cat","embeddable":true,"href":"https:\/\/www.speedmodels.ch\/fr\/wp-json\/wp\/v2\/product_cat?post=19513"},{"taxonomy":"product_tag","embeddable":true,"href":"https:\/\/www.speedmodels.ch\/fr\/wp-json\/wp\/v2\/product_tag?post=19513"}],"curies":[{"name":"wp","href":"https:\/\/api.w.org\/{rel}","templated":true}]}}