{"id":19492,"date":"2022-01-06T06:35:02","date_gmt":"2022-01-06T06:35:02","guid":{"rendered":"https:\/\/www.speedmodels.ch\/produkte\/unkategorisiert\/oracover-adhesive-thermodurcissable\/"},"modified":"2024-04-29T12:54:35","modified_gmt":"2024-04-29T12:54:35","slug":"oracover-adhesive-thermodurcissable","status":"publish","type":"product","link":"https:\/\/www.speedmodels.ch\/fr\/produits\/film-couverture-decor\/accessoires-films\/oracover-adhesive-thermodurcissable\/","title":{"rendered":"ORACOVER adh\u00e9sive thermodurcissable 250ml"},"content":{"rendered":"<p>ORACOVER\u00ae Adh\u00e9sive thermodurcissable. Notre adh\u00e9sive pour tous nos films ORACOVER\u00ae<\/p>\n<p>Nous produisons des adh\u00e9sives adapt\u00e9s \u00e0 chaque besoin, p. ex. pour pr\u00e9parer des surfaces de bois au repassage: L&rsquo;adh\u00e9sive liquide emm\u00e9nage dans le bois, collant les fibres non stables \u00e0 la surface. Cela emp\u00eache que ces fibres s&rsquo;alignent sous pression et que l&rsquo;entoilage se d\u00e9lie ce qui est normalement la cause de plis.<\/p>\n<p>Comme les fibres arrach\u00e9s entrent dans la couche d&rsquo;adh\u00e9sive du film, il n&rsquo;y a plus de possibilit\u00e9 de r\u00e9parer par un repassage nouveau : le film diminue mais la couche d&rsquo;adh\u00e9sion a perdu la force suite \u00e0 \u00eatre en contact avec les fibres.<\/p>\n<p>Nos adh\u00e9sives liquides sont les m\u00eames que ceux utilis\u00e9s dans nos films d&rsquo;entoilage. Choisissez donc toujours l&rsquo;adh\u00e9sive appropri\u00e9 pour le film que vous souhaitez utiliser. La consommation d&rsquo;adh\u00e9sive est ca 20g\/m\u00b2, relative \u00e0 la substance s\u00e8che. Il est important de laisser l&rsquo;adh\u00e9sive s\u00e9cher compl\u00e8tement avant de mettre l&rsquo;entoilage pour \u00e9viter qu&rsquo;il y ait toujours des restes de solvants non \u00e9vapor\u00e9s qui pourraient causer des bulles apr\u00e8s. Si nos adh\u00e9sives ont s\u00e9ch\u00e9 dans la bo\u00eete, ils peuvent \u00eatre ajust\u00e9s avec le diluant appropri\u00e9 pour obtenir de nouveau la viscosit\u00e9 id\u00e9ale pour la peinture.<\/p>\n<p><strong>Fiche de donn\u00e9es de s\u00e9curit\u00e9:<\/strong> <a href=\"https:\/\/www.speedmodels.ch\/wp-content\/uploads\/2023\/10\/SDB-mit-Deckblatt-0960-0972_ORACOVER%C2%AE-Heisssiegelkleber_11_DE_DE-20.4.2022-1.pdf\">SDB mit Deckblatt 0960-0972_ORACOVER\u00ae Heisssiegelkleber_1,1_DE_DE 20.4.2022<\/a><\/p>\n<p>Les fibres de bois instables peuvent se d\u00e9chirer sous la charge. Si le support n&rsquo;est pas stable de mani\u00e8re optimale, cela peut entra\u00eener la formation de plis et, dans le pire des cas, un d\u00e9tachement\/d\u00e9chirure complet du rev\u00eatement sur une plus longue p\u00e9riode s&rsquo;il n&rsquo;est pas coll\u00e9 correctement. La connexion avec l&rsquo;adh\u00e9sif donne une connexion tr\u00e8s stable avec le substrat, ce qui \u00e9limine pratiquement le risque de \u00ab\u00a0flottage de feuille\u00a0\u00bb.<\/p>\n<p>contenue: 250 ml<\/p>\n<div style=\"text-align:left\" class=\"wps-pgfw-pdf-generate-icon__wrapper-frontend\">\n\t\t<a href=\"https:\/\/www.speedmodels.ch\/fr\/wp-json\/wp\/v2\/product\/19492\/?action=genpdf&amp;id=19492\" class=\"pgfw-single-pdf-download-button\" target=_blank><img src=\"https:\/\/speedmodels.ch\/wp-content\/uploads\/2021\/09\/pdf_icon.png\" title=\"G\u00e9n\u00e9rer un PDF\" style=\"width:auto; height:45px;\"><\/a>\n\t\t<\/div>","protected":false},"excerpt":{"rendered":"<p>ORACOVER\u00ae Adh\u00e9sive thermodurcissable. Notre adh\u00e9sive pour tous nos films ORACOVER\u00ae Nous produisons des adh\u00e9sives adapt\u00e9s \u00e0 chaque besoin, p. ex. pour pr\u00e9parer des surfaces de bois au repassage: L&rsquo;adh\u00e9sive liquide emm\u00e9nage dans le bois, collant les fibres non stables \u00e0 la surface. Cela emp\u00eache que ces fibres s&rsquo;alignent sous pression et que l&rsquo;entoilage se d\u00e9lie [&hellip;]<\/p>\n","protected":false},"featured_media":9932,"template":"","meta":[],"product_brand":[],"product_cat":[1697],"product_tag":[],"class_list":{"0":"post-19492","1":"product","2":"type-product","3":"status-publish","4":"has-post-thumbnail","6":"product_cat-accessoires-films","8":"first","9":"instock","10":"shipping-taxable","11":"product-type-simple"},"_links":{"self":[{"href":"https:\/\/www.speedmodels.ch\/fr\/wp-json\/wp\/v2\/product\/19492","targetHints":{"allow":["GET"]}}],"collection":[{"href":"https:\/\/www.speedmodels.ch\/fr\/wp-json\/wp\/v2\/product"}],"about":[{"href":"https:\/\/www.speedmodels.ch\/fr\/wp-json\/wp\/v2\/types\/product"}],"version-history":[{"count":0,"href":"https:\/\/www.speedmodels.ch\/fr\/wp-json\/wp\/v2\/product\/19492\/revisions"}],"wp:featuredmedia":[{"embeddable":true,"href":"https:\/\/www.speedmodels.ch\/fr\/wp-json\/wp\/v2\/media\/9932"}],"wp:attachment":[{"href":"https:\/\/www.speedmodels.ch\/fr\/wp-json\/wp\/v2\/media?parent=19492"}],"wp:term":[{"taxonomy":"product_brand","embeddable":true,"href":"https:\/\/www.speedmodels.ch\/fr\/wp-json\/wp\/v2\/product_brand?post=19492"},{"taxonomy":"product_cat","embeddable":true,"href":"https:\/\/www.speedmodels.ch\/fr\/wp-json\/wp\/v2\/product_cat?post=19492"},{"taxonomy":"product_tag","embeddable":true,"href":"https:\/\/www.speedmodels.ch\/fr\/wp-json\/wp\/v2\/product_tag?post=19492"}],"curies":[{"name":"wp","href":"https:\/\/api.w.org\/{rel}","templated":true}]}}