{"id":19445,"date":"2022-05-23T12:49:26","date_gmt":"2022-05-23T12:49:26","guid":{"rendered":"https:\/\/www.speedmodels.ch\/produkte\/unkategorisiert\/ponal-express-colle-a-bois-225gr\/"},"modified":"2025-02-06T10:50:33","modified_gmt":"2025-02-06T10:50:33","slug":"ponal-express-colle-a-bois","status":"publish","type":"product","link":"https:\/\/www.speedmodels.ch\/fr\/produits\/peintures-vernis-colles\/adhesifs-colle\/ponal-express-colle-a-bois\/","title":{"rendered":"Ponal Express colle \u00e0 bois 225gr"},"content":{"rendered":"<p>Temps de prise tr\u00e8s court \u00e0 partir de 5 minutes; pour le collage de cadres et de carrosseries, \u00e9tanche selon DIN EN 204\/D2<\/p>\n<p>Collage d&rsquo;assemblage (goujons, rainure et languette, mortaise et tenon) Collage de joints (bandes de chant en bois massif, joints de panneaux) Collage de surface (panneaux stratifi\u00e9s, panneaux durs ou similaires) Bandes de chant en placage et en plastique<\/p>\n<p>flacon: 225 gr<\/p>\n<p>Fiche de donn\u00e9es de s\u00e9curit\u00e9: <a href=\"https:\/\/www.speedmodels.ch\/wp-content\/uploads\/2023\/10\/SDB-mit-Deckblatt-AN-7638-0910-Ponal-Express.pdf\">SDB mit Deckblatt AN-7638-09&amp;10 Ponal Express<\/a><\/p>\n<div style=\"text-align:left\" class=\"wps-pgfw-pdf-generate-icon__wrapper-frontend\">\n\t\t<a href=\"https:\/\/www.speedmodels.ch\/fr\/wp-json\/wp\/v2\/product\/19445\/?action=genpdf&amp;id=19445\" class=\"pgfw-single-pdf-download-button\" target=_blank><img src=\"https:\/\/speedmodels.ch\/wp-content\/uploads\/2021\/09\/pdf_icon.png\" title=\"G\u00e9n\u00e9rer un PDF\" style=\"width:auto; height:45px;\"><\/a>\n\t\t<\/div>","protected":false},"excerpt":{"rendered":"<p>Temps de prise tr\u00e8s court \u00e0 partir de 5 minutes; pour le collage de cadres et de carrosseries, \u00e9tanche selon DIN EN 204\/D2 Collage d&rsquo;assemblage (goujons, rainure et languette, mortaise et tenon) Collage de joints (bandes de chant en bois massif, joints de panneaux) Collage de surface (panneaux stratifi\u00e9s, panneaux durs ou similaires) Bandes de [&hellip;]<\/p>\n","protected":false},"featured_media":10259,"template":"","meta":[],"product_brand":[],"product_cat":[1693],"product_tag":[],"class_list":{"0":"post-19445","1":"product","2":"type-product","3":"status-publish","4":"has-post-thumbnail","6":"product_cat-adhesifs-colle","8":"first","9":"instock","10":"shipping-taxable","11":"product-type-simple"},"_links":{"self":[{"href":"https:\/\/www.speedmodels.ch\/fr\/wp-json\/wp\/v2\/product\/19445","targetHints":{"allow":["GET"]}}],"collection":[{"href":"https:\/\/www.speedmodels.ch\/fr\/wp-json\/wp\/v2\/product"}],"about":[{"href":"https:\/\/www.speedmodels.ch\/fr\/wp-json\/wp\/v2\/types\/product"}],"version-history":[{"count":1,"href":"https:\/\/www.speedmodels.ch\/fr\/wp-json\/wp\/v2\/product\/19445\/revisions"}],"predecessor-version":[{"id":29456,"href":"https:\/\/www.speedmodels.ch\/fr\/wp-json\/wp\/v2\/product\/19445\/revisions\/29456"}],"wp:featuredmedia":[{"embeddable":true,"href":"https:\/\/www.speedmodels.ch\/fr\/wp-json\/wp\/v2\/media\/10259"}],"wp:attachment":[{"href":"https:\/\/www.speedmodels.ch\/fr\/wp-json\/wp\/v2\/media?parent=19445"}],"wp:term":[{"taxonomy":"product_brand","embeddable":true,"href":"https:\/\/www.speedmodels.ch\/fr\/wp-json\/wp\/v2\/product_brand?post=19445"},{"taxonomy":"product_cat","embeddable":true,"href":"https:\/\/www.speedmodels.ch\/fr\/wp-json\/wp\/v2\/product_cat?post=19445"},{"taxonomy":"product_tag","embeddable":true,"href":"https:\/\/www.speedmodels.ch\/fr\/wp-json\/wp\/v2\/product_tag?post=19445"}],"curies":[{"name":"wp","href":"https:\/\/api.w.org\/{rel}","templated":true}]}}