{"id":19441,"date":"2022-06-13T12:53:31","date_gmt":"2022-06-13T12:53:31","guid":{"rendered":"https:\/\/www.speedmodels.ch\/produkte\/unkategorisiert\/zap-silicone-sealer-44ml\/"},"modified":"2025-02-10T10:18:31","modified_gmt":"2025-02-10T10:18:31","slug":"zap-silicone-sealer-44ml","status":"publish","type":"product","link":"https:\/\/www.speedmodels.ch\/fr\/produits\/peintures-vernis-colles\/adhesifs-colle\/zap-silicone-sealer-44ml\/","title":{"rendered":"ZAP Silicone Sealer 44ml"},"content":{"rendered":"<p>Mastic et adh\u00e9sif \u00e0 base de silicone<\/p>\n<ul>\n<li>r\u00e9sistant \u00e0 l&rsquo;eau<\/li>\n<li>pour usages \u00e0 l&rsquo;int\u00e9rieur et l&rsquo;extrieur<\/li>\n<\/ul>\n<p>&nbsp;<\/p>\n<p>tube 44ml<\/p>\n<p>&nbsp;<\/p>\n<p>&nbsp;<\/p>\n<div style=\"text-align:left\" class=\"wps-pgfw-pdf-generate-icon__wrapper-frontend\">\n\t\t<a href=\"https:\/\/www.speedmodels.ch\/fr\/wp-json\/wp\/v2\/product\/19441\/?action=genpdf&amp;id=19441\" class=\"pgfw-single-pdf-download-button\" target=_blank><img src=\"https:\/\/speedmodels.ch\/wp-content\/uploads\/2021\/09\/pdf_icon.png\" title=\"G\u00e9n\u00e9rer un PDF\" style=\"width:auto; height:45px;\"><\/a>\n\t\t<\/div>","protected":false},"excerpt":{"rendered":"<p>Mastic et adh\u00e9sif \u00e0 base de silicone r\u00e9sistant \u00e0 l&rsquo;eau pour usages \u00e0 l&rsquo;int\u00e9rieur et l&rsquo;extrieur &nbsp; tube 44ml &nbsp; &nbsp;<\/p>\n","protected":false},"featured_media":10304,"template":"","meta":[],"product_brand":[],"product_cat":[1693],"product_tag":[],"class_list":{"0":"post-19441","1":"product","2":"type-product","3":"status-publish","4":"has-post-thumbnail","6":"product_cat-adhesifs-colle","8":"first","9":"instock","10":"shipping-taxable","11":"product-type-simple"},"_links":{"self":[{"href":"https:\/\/www.speedmodels.ch\/fr\/wp-json\/wp\/v2\/product\/19441","targetHints":{"allow":["GET"]}}],"collection":[{"href":"https:\/\/www.speedmodels.ch\/fr\/wp-json\/wp\/v2\/product"}],"about":[{"href":"https:\/\/www.speedmodels.ch\/fr\/wp-json\/wp\/v2\/types\/product"}],"version-history":[{"count":1,"href":"https:\/\/www.speedmodels.ch\/fr\/wp-json\/wp\/v2\/product\/19441\/revisions"}],"predecessor-version":[{"id":29571,"href":"https:\/\/www.speedmodels.ch\/fr\/wp-json\/wp\/v2\/product\/19441\/revisions\/29571"}],"wp:featuredmedia":[{"embeddable":true,"href":"https:\/\/www.speedmodels.ch\/fr\/wp-json\/wp\/v2\/media\/10304"}],"wp:attachment":[{"href":"https:\/\/www.speedmodels.ch\/fr\/wp-json\/wp\/v2\/media?parent=19441"}],"wp:term":[{"taxonomy":"product_brand","embeddable":true,"href":"https:\/\/www.speedmodels.ch\/fr\/wp-json\/wp\/v2\/product_brand?post=19441"},{"taxonomy":"product_cat","embeddable":true,"href":"https:\/\/www.speedmodels.ch\/fr\/wp-json\/wp\/v2\/product_cat?post=19441"},{"taxonomy":"product_tag","embeddable":true,"href":"https:\/\/www.speedmodels.ch\/fr\/wp-json\/wp\/v2\/product_tag?post=19441"}],"curies":[{"name":"wp","href":"https:\/\/api.w.org\/{rel}","templated":true}]}}