{"id":19439,"date":"2022-06-13T12:47:04","date_gmt":"2022-06-13T12:47:04","guid":{"rendered":"https:\/\/www.speedmodels.ch\/produkte\/unkategorisiert\/zap-canopy-glue-formula-560-verriere-59ml\/"},"modified":"2025-02-10T10:11:00","modified_gmt":"2025-02-10T10:11:00","slug":"zap-canopy-glue-formula-560-verriere-59ml","status":"publish","type":"product","link":"https:\/\/www.speedmodels.ch\/fr\/produits\/peintures-vernis-colles\/adhesifs-colle\/zap-canopy-glue-formula-560-verriere-59ml\/","title":{"rendered":"ZAP Canopy Glue Formula 560 (verri\u00e8re) 59ml"},"content":{"rendered":"<ul>\n<li>colle blanche sp\u00e9cialement pour des mat\u00e9riaux claires<\/li>\n<li>s\u00e8che clair et reste flexible<\/li>\n<li>id\u00e9ale pour verri\u00e8res<\/li>\n<\/ul>\n<p>flacon 59ml<\/p>\n<p>&nbsp;<\/p>\n<p>Sicherheitsdatenblatt: <a href=\"https:\/\/www.speedmodels.ch\/wp-content\/uploads\/2022\/06\/SDB-0918_ZAP-Canopy-Glue-Formula-560-59ml-PT56-Version-1.0.pdf\">SDB-0918_ZAP Canopy Glue Formula 560 59ml PT56 Version 1.0<\/a><\/p>\n<div style=\"text-align:left\" class=\"wps-pgfw-pdf-generate-icon__wrapper-frontend\">\n\t\t<a href=\"https:\/\/www.speedmodels.ch\/fr\/wp-json\/wp\/v2\/product\/19439\/?action=genpdf&amp;id=19439\" class=\"pgfw-single-pdf-download-button\" target=_blank><img src=\"https:\/\/speedmodels.ch\/wp-content\/uploads\/2021\/09\/pdf_icon.png\" title=\"G\u00e9n\u00e9rer un PDF\" style=\"width:auto; height:45px;\"><\/a>\n\t\t<\/div>","protected":false},"excerpt":{"rendered":"<p>colle blanche sp\u00e9cialement pour des mat\u00e9riaux claires s\u00e8che clair et reste flexible id\u00e9ale pour verri\u00e8res flacon 59ml &nbsp; Sicherheitsdatenblatt: SDB-0918_ZAP Canopy Glue Formula 560 59ml PT56 Version 1.0<\/p>\n","protected":false},"featured_media":10302,"template":"","meta":[],"product_brand":[],"product_cat":[1693],"product_tag":[],"class_list":{"0":"post-19439","1":"product","2":"type-product","3":"status-publish","4":"has-post-thumbnail","6":"product_cat-adhesifs-colle","8":"first","9":"instock","10":"shipping-taxable","11":"product-type-simple"},"_links":{"self":[{"href":"https:\/\/www.speedmodels.ch\/fr\/wp-json\/wp\/v2\/product\/19439","targetHints":{"allow":["GET"]}}],"collection":[{"href":"https:\/\/www.speedmodels.ch\/fr\/wp-json\/wp\/v2\/product"}],"about":[{"href":"https:\/\/www.speedmodels.ch\/fr\/wp-json\/wp\/v2\/types\/product"}],"version-history":[{"count":1,"href":"https:\/\/www.speedmodels.ch\/fr\/wp-json\/wp\/v2\/product\/19439\/revisions"}],"predecessor-version":[{"id":29565,"href":"https:\/\/www.speedmodels.ch\/fr\/wp-json\/wp\/v2\/product\/19439\/revisions\/29565"}],"wp:featuredmedia":[{"embeddable":true,"href":"https:\/\/www.speedmodels.ch\/fr\/wp-json\/wp\/v2\/media\/10302"}],"wp:attachment":[{"href":"https:\/\/www.speedmodels.ch\/fr\/wp-json\/wp\/v2\/media?parent=19439"}],"wp:term":[{"taxonomy":"product_brand","embeddable":true,"href":"https:\/\/www.speedmodels.ch\/fr\/wp-json\/wp\/v2\/product_brand?post=19439"},{"taxonomy":"product_cat","embeddable":true,"href":"https:\/\/www.speedmodels.ch\/fr\/wp-json\/wp\/v2\/product_cat?post=19439"},{"taxonomy":"product_tag","embeddable":true,"href":"https:\/\/www.speedmodels.ch\/fr\/wp-json\/wp\/v2\/product_tag?post=19439"}],"curies":[{"name":"wp","href":"https:\/\/api.w.org\/{rel}","templated":true}]}}