{"id":19438,"date":"2022-06-13T12:50:05","date_gmt":"2022-06-13T12:50:05","guid":{"rendered":"https:\/\/www.speedmodels.ch\/produkte\/unkategorisiert\/zap-z-42-frein-filet-bleu-medium-5-7gr\/"},"modified":"2025-02-10T10:12:19","modified_gmt":"2025-02-10T10:12:19","slug":"zap-z-42-frein-filet-bleu-medium-5-7gr","status":"publish","type":"product","link":"https:\/\/www.speedmodels.ch\/fr\/produits\/peintures-vernis-colles\/adhesifs-colle\/zap-z-42-frein-filet-bleu-medium-5-7gr\/","title":{"rendered":"ZAP Z-42 frein-filet bleu medium 5.7gr"},"content":{"rendered":"<ul>\n<li>formule m\u00e9tal sur m\u00e9tal<\/li>\n<li>qualit\u00e9 extraordinaire<\/li>\n<li>super liquide<\/li>\n<li>tient m\u00eame avec de fortes vibrations<\/li>\n<li>Les vis peuvent \u00eatre facilement desserr\u00e9es \u00e0 nouveau avec des outils \u00e0 main<\/li>\n<\/ul>\n<p>flacon 5.7gr<\/p>\n<p>&nbsp;<\/p>\n<p>Sicherheitsdatenblatt: <a href=\"https:\/\/www.speedmodels.ch\/wp-content\/uploads\/2022\/06\/SDB-0918_ZAP-Z-42-TradLocker-blue-loesbar-5.7gr-PT42-Version-1.0.pdf\">SDB-0918_ZAP Z-42 TradLocker blue l\u00f6sbar 5.7gr PT42 Version 1.0<\/a><\/p>\n<div style=\"text-align:left\" class=\"wps-pgfw-pdf-generate-icon__wrapper-frontend\">\n\t\t<a href=\"https:\/\/www.speedmodels.ch\/fr\/wp-json\/wp\/v2\/product\/19438\/?action=genpdf&amp;id=19438\" class=\"pgfw-single-pdf-download-button\" target=_blank><img src=\"https:\/\/speedmodels.ch\/wp-content\/uploads\/2021\/09\/pdf_icon.png\" title=\"G\u00e9n\u00e9rer un PDF\" style=\"width:auto; height:45px;\"><\/a>\n\t\t<\/div>","protected":false},"excerpt":{"rendered":"<p>formule m\u00e9tal sur m\u00e9tal qualit\u00e9 extraordinaire super liquide tient m\u00eame avec de fortes vibrations Les vis peuvent \u00eatre facilement desserr\u00e9es \u00e0 nouveau avec des outils \u00e0 main flacon 5.7gr &nbsp; Sicherheitsdatenblatt: SDB-0918_ZAP Z-42 TradLocker blue l\u00f6sbar 5.7gr PT42 Version 1.0<\/p>\n","protected":false},"featured_media":10301,"template":"","meta":[],"product_brand":[],"product_cat":[1693],"product_tag":[],"class_list":{"0":"post-19438","1":"product","2":"type-product","3":"status-publish","4":"has-post-thumbnail","6":"product_cat-adhesifs-colle","8":"first","9":"instock","10":"shipping-taxable","11":"product-type-simple"},"_links":{"self":[{"href":"https:\/\/www.speedmodels.ch\/fr\/wp-json\/wp\/v2\/product\/19438","targetHints":{"allow":["GET"]}}],"collection":[{"href":"https:\/\/www.speedmodels.ch\/fr\/wp-json\/wp\/v2\/product"}],"about":[{"href":"https:\/\/www.speedmodels.ch\/fr\/wp-json\/wp\/v2\/types\/product"}],"version-history":[{"count":1,"href":"https:\/\/www.speedmodels.ch\/fr\/wp-json\/wp\/v2\/product\/19438\/revisions"}],"predecessor-version":[{"id":29569,"href":"https:\/\/www.speedmodels.ch\/fr\/wp-json\/wp\/v2\/product\/19438\/revisions\/29569"}],"wp:featuredmedia":[{"embeddable":true,"href":"https:\/\/www.speedmodels.ch\/fr\/wp-json\/wp\/v2\/media\/10301"}],"wp:attachment":[{"href":"https:\/\/www.speedmodels.ch\/fr\/wp-json\/wp\/v2\/media?parent=19438"}],"wp:term":[{"taxonomy":"product_brand","embeddable":true,"href":"https:\/\/www.speedmodels.ch\/fr\/wp-json\/wp\/v2\/product_brand?post=19438"},{"taxonomy":"product_cat","embeddable":true,"href":"https:\/\/www.speedmodels.ch\/fr\/wp-json\/wp\/v2\/product_cat?post=19438"},{"taxonomy":"product_tag","embeddable":true,"href":"https:\/\/www.speedmodels.ch\/fr\/wp-json\/wp\/v2\/product_tag?post=19438"}],"curies":[{"name":"wp","href":"https:\/\/api.w.org\/{rel}","templated":true}]}}