{"id":19437,"date":"2022-06-13T12:18:55","date_gmt":"2022-06-13T12:18:55","guid":{"rendered":"https:\/\/www.speedmodels.ch\/produkte\/unkategorisiert\/zap-z-poxy-30-minutes-colle-2k-226gr\/"},"modified":"2025-02-10T10:04:34","modified_gmt":"2025-02-10T10:04:34","slug":"zap-z-poxy-30-minutes-colle-2k-226gr","status":"publish","type":"product","link":"https:\/\/www.speedmodels.ch\/fr\/produits\/peintures-vernis-colles\/adhesifs-colle\/zap-z-poxy-30-minutes-colle-2k-226gr\/","title":{"rendered":"ZAP Z-Poxy 30 minutes colle 2K 226gr"},"content":{"rendered":"<ul>\n<li>temps de traitement 15 minutes \/ durci en 30 minutes<\/li>\n<li>R\u00e9sistant aux vibrations<\/li>\n<li>R\u00e9sistant au carburant<\/li>\n<li>extra dur<\/li>\n<li>id\u00e9al pour coller des cadres de tout type dans des coques en PRV<\/li>\n<li>\u00e9galement pour durcir les surfaces en polystyr\u00e8ne<\/li>\n<li>le m\u00e9lange 50\/50 peut \u00e9galement \u00eatre utilis\u00e9 avec des microballons<\/li>\n<\/ul>\n<p>&nbsp;<\/p>\n<p>Sicherheitsdatenblatt: <a href=\"https:\/\/www.speedmodels.ch\/wp-content\/uploads\/2022\/06\/SDB-0918_ZAP-2K-Kleber-5-15-30-Min-PT35A-36A-37A-38A-39A-Harz-Version-1.0.pdf\">SDB-0918_ZAP 2K-Kleber 5-15-30-Min PT35A-36A-37A-38A-39A Harz Version 1.0<\/a> \/ <a href=\"https:\/\/www.speedmodels.ch\/wp-content\/uploads\/2022\/06\/SDB-0918_ZAP-2K-Kleber-15-Min-PT39B-Haerter-Version-1.0.pdf\">SDB-0918_ZAP 2K-Kleber 15-Min PT39B H\u00e4rter Version 1.0<\/a><\/p>\n<p>&nbsp;<\/p>\n<p>&nbsp;<\/p>\n<div style=\"text-align:left\" class=\"wps-pgfw-pdf-generate-icon__wrapper-frontend\">\n\t\t<a href=\"https:\/\/www.speedmodels.ch\/fr\/wp-json\/wp\/v2\/product\/19437\/?action=genpdf&amp;id=19437\" class=\"pgfw-single-pdf-download-button\" target=_blank><img src=\"https:\/\/speedmodels.ch\/wp-content\/uploads\/2021\/09\/pdf_icon.png\" title=\"G\u00e9n\u00e9rer un PDF\" style=\"width:auto; height:45px;\"><\/a>\n\t\t<\/div>","protected":false},"excerpt":{"rendered":"<p>temps de traitement 15 minutes \/ durci en 30 minutes R\u00e9sistant aux vibrations R\u00e9sistant au carburant extra dur id\u00e9al pour coller des cadres de tout type dans des coques en PRV \u00e9galement pour durcir les surfaces en polystyr\u00e8ne le m\u00e9lange 50\/50 peut \u00e9galement \u00eatre utilis\u00e9 avec des microballons &nbsp; Sicherheitsdatenblatt: SDB-0918_ZAP 2K-Kleber 5-15-30-Min PT35A-36A-37A-38A-39A Harz [&hellip;]<\/p>\n","protected":false},"featured_media":10300,"template":"","meta":[],"product_brand":[],"product_cat":[1693],"product_tag":[],"class_list":{"0":"post-19437","1":"product","2":"type-product","3":"status-publish","4":"has-post-thumbnail","6":"product_cat-adhesifs-colle","8":"first","9":"instock","10":"shipping-taxable","11":"product-type-simple"},"_links":{"self":[{"href":"https:\/\/www.speedmodels.ch\/fr\/wp-json\/wp\/v2\/product\/19437","targetHints":{"allow":["GET"]}}],"collection":[{"href":"https:\/\/www.speedmodels.ch\/fr\/wp-json\/wp\/v2\/product"}],"about":[{"href":"https:\/\/www.speedmodels.ch\/fr\/wp-json\/wp\/v2\/types\/product"}],"version-history":[{"count":1,"href":"https:\/\/www.speedmodels.ch\/fr\/wp-json\/wp\/v2\/product\/19437\/revisions"}],"predecessor-version":[{"id":29551,"href":"https:\/\/www.speedmodels.ch\/fr\/wp-json\/wp\/v2\/product\/19437\/revisions\/29551"}],"wp:featuredmedia":[{"embeddable":true,"href":"https:\/\/www.speedmodels.ch\/fr\/wp-json\/wp\/v2\/media\/10300"}],"wp:attachment":[{"href":"https:\/\/www.speedmodels.ch\/fr\/wp-json\/wp\/v2\/media?parent=19437"}],"wp:term":[{"taxonomy":"product_brand","embeddable":true,"href":"https:\/\/www.speedmodels.ch\/fr\/wp-json\/wp\/v2\/product_brand?post=19437"},{"taxonomy":"product_cat","embeddable":true,"href":"https:\/\/www.speedmodels.ch\/fr\/wp-json\/wp\/v2\/product_cat?post=19437"},{"taxonomy":"product_tag","embeddable":true,"href":"https:\/\/www.speedmodels.ch\/fr\/wp-json\/wp\/v2\/product_tag?post=19437"}],"curies":[{"name":"wp","href":"https:\/\/api.w.org\/{rel}","templated":true}]}}