{"id":19436,"date":"2022-06-13T12:17:47","date_gmt":"2022-06-13T12:17:47","guid":{"rendered":"https:\/\/www.speedmodels.ch\/produkte\/unkategorisiert\/zap-z-poxy-5-minuten-colle-2k-226gr\/"},"modified":"2025-02-10T10:00:32","modified_gmt":"2025-02-10T10:00:32","slug":"zap-z-poxy-5-minuten-colle-2k-226gr","status":"publish","type":"product","link":"https:\/\/www.speedmodels.ch\/fr\/produits\/peintures-vernis-colles\/adhesifs-colle\/zap-z-poxy-5-minuten-colle-2k-226gr\/","title":{"rendered":"ZAP Z-Poxy 5-Minuten colle 2K 226gr"},"content":{"rendered":"<ul>\n<li>durci en 5 minutes<\/li>\n<li>transparente<\/li>\n<li>R\u00e9sistant aux vibrations<\/li>\n<li>R\u00e9sistant au carburant<\/li>\n<li>r\u00e9sistant au vieillissement<\/li>\n<li>pour toutes les sortes de passe temps et bricoles.<\/li>\n<\/ul>\n<p>&nbsp;<\/p>\n<p>Sicherheitsdatenblatt: <a href=\"https:\/\/www.speedmodels.ch\/wp-content\/uploads\/2022\/06\/SDB-0918_ZAP-2K-Kleber-5-15-30-Min-PT35A-36A-37A-38A-39A-Harz-Version-1.0.pdf\">SDB-0918_ZAP 2K-Kleber 5-15-30-Min PT35A-36A-37A-38A-39A Harz Version 1.0<\/a> \/ <a href=\"https:\/\/www.speedmodels.ch\/wp-content\/uploads\/2022\/06\/SDB-0918_ZAP-2K-Kleber-5-Min-PT36B-37B-38B-Haerter-Version-1.0.pdf\">SDB-0918_ZAP 2K-Kleber 5-Min PT36B-37B-38B H\u00e4rter Version 1.0<\/a><\/p>\n<p>&nbsp;<\/p>\n<p>&nbsp;<\/p>\n<p>&nbsp;<\/p>\n<div style=\"text-align:left\" class=\"wps-pgfw-pdf-generate-icon__wrapper-frontend\">\n\t\t<a href=\"https:\/\/www.speedmodels.ch\/fr\/wp-json\/wp\/v2\/product\/19436\/?action=genpdf&amp;id=19436\" class=\"pgfw-single-pdf-download-button\" target=_blank><img src=\"https:\/\/speedmodels.ch\/wp-content\/uploads\/2021\/09\/pdf_icon.png\" title=\"G\u00e9n\u00e9rer un PDF\" style=\"width:auto; height:45px;\"><\/a>\n\t\t<\/div>","protected":false},"excerpt":{"rendered":"<p>durci en 5 minutes transparente R\u00e9sistant aux vibrations R\u00e9sistant au carburant r\u00e9sistant au vieillissement pour toutes les sortes de passe temps et bricoles. &nbsp; Sicherheitsdatenblatt: SDB-0918_ZAP 2K-Kleber 5-15-30-Min PT35A-36A-37A-38A-39A Harz Version 1.0 \/ SDB-0918_ZAP 2K-Kleber 5-Min PT36B-37B-38B H\u00e4rter Version 1.0 &nbsp; &nbsp; &nbsp;<\/p>\n","protected":false},"featured_media":10299,"template":"","meta":[],"product_brand":[],"product_cat":[1693],"product_tag":[],"class_list":{"0":"post-19436","1":"product","2":"type-product","3":"status-publish","4":"has-post-thumbnail","6":"product_cat-adhesifs-colle","8":"first","9":"instock","10":"shipping-taxable","11":"product-type-simple"},"_links":{"self":[{"href":"https:\/\/www.speedmodels.ch\/fr\/wp-json\/wp\/v2\/product\/19436","targetHints":{"allow":["GET"]}}],"collection":[{"href":"https:\/\/www.speedmodels.ch\/fr\/wp-json\/wp\/v2\/product"}],"about":[{"href":"https:\/\/www.speedmodels.ch\/fr\/wp-json\/wp\/v2\/types\/product"}],"version-history":[{"count":1,"href":"https:\/\/www.speedmodels.ch\/fr\/wp-json\/wp\/v2\/product\/19436\/revisions"}],"predecessor-version":[{"id":29542,"href":"https:\/\/www.speedmodels.ch\/fr\/wp-json\/wp\/v2\/product\/19436\/revisions\/29542"}],"wp:featuredmedia":[{"embeddable":true,"href":"https:\/\/www.speedmodels.ch\/fr\/wp-json\/wp\/v2\/media\/10299"}],"wp:attachment":[{"href":"https:\/\/www.speedmodels.ch\/fr\/wp-json\/wp\/v2\/media?parent=19436"}],"wp:term":[{"taxonomy":"product_brand","embeddable":true,"href":"https:\/\/www.speedmodels.ch\/fr\/wp-json\/wp\/v2\/product_brand?post=19436"},{"taxonomy":"product_cat","embeddable":true,"href":"https:\/\/www.speedmodels.ch\/fr\/wp-json\/wp\/v2\/product_cat?post=19436"},{"taxonomy":"product_tag","embeddable":true,"href":"https:\/\/www.speedmodels.ch\/fr\/wp-json\/wp\/v2\/product_tag?post=19436"}],"curies":[{"name":"wp","href":"https:\/\/api.w.org\/{rel}","templated":true}]}}