{"id":19433,"date":"2022-06-13T12:31:49","date_gmt":"2022-06-13T12:31:49","guid":{"rendered":"https:\/\/www.speedmodels.ch\/produkte\/unkategorisiert\/zap-zip-kicker-foam-safe-actiivateur-avec-pompe-60ml\/"},"modified":"2025-02-10T10:09:39","modified_gmt":"2025-02-10T10:09:39","slug":"zap-zip-kicker-foam-safe-actiivateur-avec-pompe-60ml","status":"publish","type":"product","link":"https:\/\/www.speedmodels.ch\/fr\/produits\/peintures-vernis-colles\/adhesifs-colle\/zap-zip-kicker-foam-safe-actiivateur-avec-pompe-60ml\/","title":{"rendered":"ZAP ZIP Kicker Foam Safe actiivateur avec pompe 60ml"},"content":{"rendered":"<p>Activateur pour colle ZAP-P Foam Safe Sans danger pour la plupart des produits en mousse. Compatible avec la plupart des autres super colles en mousse. Augmente la capacit\u00e9 de combler les crevasses et les fissures.<\/p>\n<ul>\n<li>sans odeur<\/li>\n<li>id\u00e9ale sur le m\u00e9tal &#8211; bois &#8211; plastique<\/li>\n<\/ul>\n<p>flacon 60ml<\/p>\n<p>Sicherheitsdatenblatt: <a href=\"https:\/\/www.speedmodels.ch\/wp-content\/uploads\/2022\/06\/SDB-0918_ZAP-ZIP-Kicker-Foam-Safe-60ml-PT28-Version-1.0.pdf\">SDB-0918_ZAP ZIP Kicker Foam Safe 60ml PT28 Version 1.0<\/a><\/p>\n<p>&nbsp;<\/p>\n<div style=\"text-align:left\" class=\"wps-pgfw-pdf-generate-icon__wrapper-frontend\">\n\t\t<a href=\"https:\/\/www.speedmodels.ch\/fr\/wp-json\/wp\/v2\/product\/19433\/?action=genpdf&amp;id=19433\" class=\"pgfw-single-pdf-download-button\" target=_blank><img src=\"https:\/\/speedmodels.ch\/wp-content\/uploads\/2021\/09\/pdf_icon.png\" title=\"G\u00e9n\u00e9rer un PDF\" style=\"width:auto; height:45px;\"><\/a>\n\t\t<\/div>","protected":false},"excerpt":{"rendered":"<p>Activateur pour colle ZAP-P Foam Safe Sans danger pour la plupart des produits en mousse. Compatible avec la plupart des autres super colles en mousse. Augmente la capacit\u00e9 de combler les crevasses et les fissures. sans odeur id\u00e9ale sur le m\u00e9tal &#8211; bois &#8211; plastique flacon 60ml Sicherheitsdatenblatt: SDB-0918_ZAP ZIP Kicker Foam Safe 60ml PT28 [&hellip;]<\/p>\n","protected":false},"featured_media":10296,"template":"","meta":[],"product_brand":[],"product_cat":[1693],"product_tag":[],"class_list":{"0":"post-19433","1":"product","2":"type-product","3":"status-publish","4":"has-post-thumbnail","6":"product_cat-adhesifs-colle","8":"first","9":"instock","10":"shipping-taxable","11":"product-type-simple"},"_links":{"self":[{"href":"https:\/\/www.speedmodels.ch\/fr\/wp-json\/wp\/v2\/product\/19433","targetHints":{"allow":["GET"]}}],"collection":[{"href":"https:\/\/www.speedmodels.ch\/fr\/wp-json\/wp\/v2\/product"}],"about":[{"href":"https:\/\/www.speedmodels.ch\/fr\/wp-json\/wp\/v2\/types\/product"}],"version-history":[{"count":1,"href":"https:\/\/www.speedmodels.ch\/fr\/wp-json\/wp\/v2\/product\/19433\/revisions"}],"predecessor-version":[{"id":29561,"href":"https:\/\/www.speedmodels.ch\/fr\/wp-json\/wp\/v2\/product\/19433\/revisions\/29561"}],"wp:featuredmedia":[{"embeddable":true,"href":"https:\/\/www.speedmodels.ch\/fr\/wp-json\/wp\/v2\/media\/10296"}],"wp:attachment":[{"href":"https:\/\/www.speedmodels.ch\/fr\/wp-json\/wp\/v2\/media?parent=19433"}],"wp:term":[{"taxonomy":"product_brand","embeddable":true,"href":"https:\/\/www.speedmodels.ch\/fr\/wp-json\/wp\/v2\/product_brand?post=19433"},{"taxonomy":"product_cat","embeddable":true,"href":"https:\/\/www.speedmodels.ch\/fr\/wp-json\/wp\/v2\/product_cat?post=19433"},{"taxonomy":"product_tag","embeddable":true,"href":"https:\/\/www.speedmodels.ch\/fr\/wp-json\/wp\/v2\/product_tag?post=19433"}],"curies":[{"name":"wp","href":"https:\/\/api.w.org\/{rel}","templated":true}]}}