{"id":19427,"date":"2022-06-13T12:42:38","date_gmt":"2022-06-13T12:42:38","guid":{"rendered":"https:\/\/www.speedmodels.ch\/produkte\/unkategorisiert\/zap-poly-zap-colle-pour-lexan-dralon-abs-caoutschouc-14gr\/"},"modified":"2025-02-10T10:09:37","modified_gmt":"2025-02-10T10:09:37","slug":"zap-poly-zap-colle-pour-lexan-dralon-abs-caoutschouc-14gr","status":"publish","type":"product","link":"https:\/\/www.speedmodels.ch\/fr\/produits\/peintures-vernis-colles\/adhesifs-colle\/zap-poly-zap-colle-pour-lexan-dralon-abs-caoutschouc-14gr\/","title":{"rendered":"ZAP POLY-ZAP colle pour lexan, dralon, ABS, caoutschouc 14gr"},"content":{"rendered":"<ul>\n<li>formule haute performance<\/li>\n<li>pour lexan, dralon, ABS, nylon, caoutschouc, polycarbonate , charge \u00e9lev\u00e9e<\/li>\n<li>id\u00e9al pour les capots transparents lorsqu&rsquo;aucun kicker n&rsquo;est utilis\u00e9<\/li>\n<\/ul>\n<p>flacon 14gr<\/p>\n<p>&nbsp;<\/p>\n<p>Sicherheitsdatenblatt: <a href=\"https:\/\/www.speedmodels.ch\/wp-content\/uploads\/2022\/06\/SDB-0918_ZAP-Sekundenkleber-PT02-03-08-09-19-20-22-26-44-Version-1.0.pdf\">SDB-0918_ZAP Sekundenkleber PT02-03-08-09-19-20-22-26-44 Version 1.0<\/a><\/p>\n<div style=\"text-align:left\" class=\"wps-pgfw-pdf-generate-icon__wrapper-frontend\">\n\t\t<a href=\"https:\/\/www.speedmodels.ch\/fr\/wp-json\/wp\/v2\/product\/19427\/?action=genpdf&amp;id=19427\" class=\"pgfw-single-pdf-download-button\" target=_blank><img src=\"https:\/\/speedmodels.ch\/wp-content\/uploads\/2021\/09\/pdf_icon.png\" title=\"G\u00e9n\u00e9rer un PDF\" style=\"width:auto; height:45px;\"><\/a>\n\t\t<\/div>","protected":false},"excerpt":{"rendered":"<p>formule haute performance pour lexan, dralon, ABS, nylon, caoutschouc, polycarbonate , charge \u00e9lev\u00e9e id\u00e9al pour les capots transparents lorsqu&rsquo;aucun kicker n&rsquo;est utilis\u00e9 flacon 14gr &nbsp; Sicherheitsdatenblatt: SDB-0918_ZAP Sekundenkleber PT02-03-08-09-19-20-22-26-44 Version 1.0<\/p>\n","protected":false},"featured_media":10293,"template":"","meta":[],"product_brand":[],"product_cat":[1693],"product_tag":[],"class_list":{"0":"post-19427","1":"product","2":"type-product","3":"status-publish","4":"has-post-thumbnail","6":"product_cat-adhesifs-colle","8":"first","9":"instock","10":"shipping-taxable","11":"product-type-simple"},"_links":{"self":[{"href":"https:\/\/www.speedmodels.ch\/fr\/wp-json\/wp\/v2\/product\/19427","targetHints":{"allow":["GET"]}}],"collection":[{"href":"https:\/\/www.speedmodels.ch\/fr\/wp-json\/wp\/v2\/product"}],"about":[{"href":"https:\/\/www.speedmodels.ch\/fr\/wp-json\/wp\/v2\/types\/product"}],"version-history":[{"count":1,"href":"https:\/\/www.speedmodels.ch\/fr\/wp-json\/wp\/v2\/product\/19427\/revisions"}],"predecessor-version":[{"id":29560,"href":"https:\/\/www.speedmodels.ch\/fr\/wp-json\/wp\/v2\/product\/19427\/revisions\/29560"}],"wp:featuredmedia":[{"embeddable":true,"href":"https:\/\/www.speedmodels.ch\/fr\/wp-json\/wp\/v2\/media\/10293"}],"wp:attachment":[{"href":"https:\/\/www.speedmodels.ch\/fr\/wp-json\/wp\/v2\/media?parent=19427"}],"wp:term":[{"taxonomy":"product_brand","embeddable":true,"href":"https:\/\/www.speedmodels.ch\/fr\/wp-json\/wp\/v2\/product_brand?post=19427"},{"taxonomy":"product_cat","embeddable":true,"href":"https:\/\/www.speedmodels.ch\/fr\/wp-json\/wp\/v2\/product_cat?post=19427"},{"taxonomy":"product_tag","embeddable":true,"href":"https:\/\/www.speedmodels.ch\/fr\/wp-json\/wp\/v2\/product_tag?post=19427"}],"curies":[{"name":"wp","href":"https:\/\/api.w.org\/{rel}","templated":true}]}}