{"id":19426,"date":"2022-06-13T11:54:45","date_gmt":"2022-06-13T11:54:45","guid":{"rendered":"https:\/\/www.speedmodels.ch\/produkte\/unkategorisiert\/zap-slo-zap-colle-jaune-visqueux-28gr\/"},"modified":"2025-02-10T09:54:51","modified_gmt":"2025-02-10T09:54:51","slug":"zap-slo-zap-colle-jaune-visqueux-28gr","status":"publish","type":"product","link":"https:\/\/www.speedmodels.ch\/fr\/produits\/peintures-vernis-colles\/adhesifs-colle\/zap-slo-zap-colle-jaune-visqueux-28gr\/","title":{"rendered":"ZAP SLO-ZAP colle jaune visqueux 28gr"},"content":{"rendered":"<ul>\n<li>colle visqueux<\/li>\n<li>durcissement lent pour des charges \u00e9lev\u00e9es<\/li>\n<li>remplit les crevasses et les fissures \u00e9paisses<\/li>\n<li>peut-\u00eatre acc\u00e9l\u00e9rer avec ZIP-Kicker<\/li>\n<\/ul>\n<p>flacon 28gr<\/p>\n<p>&nbsp;<\/p>\n<p>Sicherheitsdatenblatt: <a href=\"https:\/\/www.speedmodels.ch\/wp-content\/uploads\/2022\/06\/SDB-0918_ZAP-Sekundenkleber-PT02-03-08-09-19-20-22-26-44-Version-1.0.pdf\">SDB-0918_ZAP Sekundenkleber PT02-03-08-09-19-20-22-26-44 Version 1.0<\/a><\/p>\n<div style=\"text-align:left\" class=\"wps-pgfw-pdf-generate-icon__wrapper-frontend\">\n\t\t<a href=\"https:\/\/www.speedmodels.ch\/fr\/wp-json\/wp\/v2\/product\/19426\/?action=genpdf&amp;id=19426\" class=\"pgfw-single-pdf-download-button\" target=_blank><img src=\"https:\/\/speedmodels.ch\/wp-content\/uploads\/2021\/09\/pdf_icon.png\" title=\"G\u00e9n\u00e9rer un PDF\" style=\"width:auto; height:45px;\"><\/a>\n\t\t<\/div>","protected":false},"excerpt":{"rendered":"<p>colle visqueux durcissement lent pour des charges \u00e9lev\u00e9es remplit les crevasses et les fissures \u00e9paisses peut-\u00eatre acc\u00e9l\u00e9rer avec ZIP-Kicker flacon 28gr &nbsp; Sicherheitsdatenblatt: SDB-0918_ZAP Sekundenkleber PT02-03-08-09-19-20-22-26-44 Version 1.0<\/p>\n","protected":false},"featured_media":10291,"template":"","meta":[],"product_brand":[],"product_cat":[1693],"product_tag":[],"class_list":{"0":"post-19426","1":"product","2":"type-product","3":"status-publish","4":"has-post-thumbnail","6":"product_cat-adhesifs-colle","8":"first","9":"instock","10":"shipping-taxable","11":"product-type-simple"},"_links":{"self":[{"href":"https:\/\/www.speedmodels.ch\/fr\/wp-json\/wp\/v2\/product\/19426","targetHints":{"allow":["GET"]}}],"collection":[{"href":"https:\/\/www.speedmodels.ch\/fr\/wp-json\/wp\/v2\/product"}],"about":[{"href":"https:\/\/www.speedmodels.ch\/fr\/wp-json\/wp\/v2\/types\/product"}],"version-history":[{"count":1,"href":"https:\/\/www.speedmodels.ch\/fr\/wp-json\/wp\/v2\/product\/19426\/revisions"}],"predecessor-version":[{"id":29527,"href":"https:\/\/www.speedmodels.ch\/fr\/wp-json\/wp\/v2\/product\/19426\/revisions\/29527"}],"wp:featuredmedia":[{"embeddable":true,"href":"https:\/\/www.speedmodels.ch\/fr\/wp-json\/wp\/v2\/media\/10291"}],"wp:attachment":[{"href":"https:\/\/www.speedmodels.ch\/fr\/wp-json\/wp\/v2\/media?parent=19426"}],"wp:term":[{"taxonomy":"product_brand","embeddable":true,"href":"https:\/\/www.speedmodels.ch\/fr\/wp-json\/wp\/v2\/product_brand?post=19426"},{"taxonomy":"product_cat","embeddable":true,"href":"https:\/\/www.speedmodels.ch\/fr\/wp-json\/wp\/v2\/product_cat?post=19426"},{"taxonomy":"product_tag","embeddable":true,"href":"https:\/\/www.speedmodels.ch\/fr\/wp-json\/wp\/v2\/product_tag?post=19426"}],"curies":[{"name":"wp","href":"https:\/\/api.w.org\/{rel}","templated":true}]}}