{"id":19425,"date":"2022-06-13T11:50:28","date_gmt":"2022-06-13T11:50:28","guid":{"rendered":"https:\/\/www.speedmodels.ch\/produkte\/unkategorisiert\/zap-plasti-zap-colle-9gr\/"},"modified":"2025-02-10T09:53:18","modified_gmt":"2025-02-10T09:53:18","slug":"zap-plasti-zap-colle-9gr","status":"publish","type":"product","link":"https:\/\/www.speedmodels.ch\/fr\/produits\/peintures-vernis-colles\/adhesifs-colle\/zap-plasti-zap-colle-9gr\/","title":{"rendered":"ZAP Plasti-ZAP colle 9gr"},"content":{"rendered":"<ul>\n<li>Colle avec viscosit\u00e9 moyenene<\/li>\n<li>ininflammable<\/li>\n<li>durcit transparent et n&rsquo;attaque pas la peinture<\/li>\n<li>Tr\u00e8s appropri\u00e9 pour la fabrication de mod\u00e8les en plastique, les rayures de voiture et le vinyle.<\/li>\n<\/ul>\n<p>flacon 9gr<\/p>\n<p>&nbsp;<\/p>\n<p>Sicherheitsdatenblatt: <a href=\"https:\/\/www.speedmodels.ch\/wp-content\/uploads\/2022\/06\/SDB-0918_ZAP-Sekundenkleber-PT02-03-08-09-19-20-22-26-44-Version-1.0.pdf\">SDB-0918_ZAP Sekundenkleber PT02-03-08-09-19-20-22-26-44 Version 1.0<\/a><\/p>\n<div style=\"text-align:left\" class=\"wps-pgfw-pdf-generate-icon__wrapper-frontend\">\n\t\t<a href=\"https:\/\/www.speedmodels.ch\/fr\/wp-json\/wp\/v2\/product\/19425\/?action=genpdf&amp;id=19425\" class=\"pgfw-single-pdf-download-button\" target=_blank><img src=\"https:\/\/speedmodels.ch\/wp-content\/uploads\/2021\/09\/pdf_icon.png\" title=\"G\u00e9n\u00e9rer un PDF\" style=\"width:auto; height:45px;\"><\/a>\n\t\t<\/div>","protected":false},"excerpt":{"rendered":"<p>Colle avec viscosit\u00e9 moyenene ininflammable durcit transparent et n&rsquo;attaque pas la peinture Tr\u00e8s appropri\u00e9 pour la fabrication de mod\u00e8les en plastique, les rayures de voiture et le vinyle. flacon 9gr &nbsp; Sicherheitsdatenblatt: SDB-0918_ZAP Sekundenkleber PT02-03-08-09-19-20-22-26-44 Version 1.0<\/p>\n","protected":false},"featured_media":10290,"template":"","meta":[],"product_brand":[],"product_cat":[1693],"product_tag":[],"class_list":{"0":"post-19425","1":"product","2":"type-product","3":"status-publish","4":"has-post-thumbnail","6":"product_cat-adhesifs-colle","8":"first","9":"instock","10":"shipping-taxable","11":"product-type-simple"},"_links":{"self":[{"href":"https:\/\/www.speedmodels.ch\/fr\/wp-json\/wp\/v2\/product\/19425","targetHints":{"allow":["GET"]}}],"collection":[{"href":"https:\/\/www.speedmodels.ch\/fr\/wp-json\/wp\/v2\/product"}],"about":[{"href":"https:\/\/www.speedmodels.ch\/fr\/wp-json\/wp\/v2\/types\/product"}],"version-history":[{"count":1,"href":"https:\/\/www.speedmodels.ch\/fr\/wp-json\/wp\/v2\/product\/19425\/revisions"}],"predecessor-version":[{"id":29525,"href":"https:\/\/www.speedmodels.ch\/fr\/wp-json\/wp\/v2\/product\/19425\/revisions\/29525"}],"wp:featuredmedia":[{"embeddable":true,"href":"https:\/\/www.speedmodels.ch\/fr\/wp-json\/wp\/v2\/media\/10290"}],"wp:attachment":[{"href":"https:\/\/www.speedmodels.ch\/fr\/wp-json\/wp\/v2\/media?parent=19425"}],"wp:term":[{"taxonomy":"product_brand","embeddable":true,"href":"https:\/\/www.speedmodels.ch\/fr\/wp-json\/wp\/v2\/product_brand?post=19425"},{"taxonomy":"product_cat","embeddable":true,"href":"https:\/\/www.speedmodels.ch\/fr\/wp-json\/wp\/v2\/product_cat?post=19425"},{"taxonomy":"product_tag","embeddable":true,"href":"https:\/\/www.speedmodels.ch\/fr\/wp-json\/wp\/v2\/product_tag?post=19425"}],"curies":[{"name":"wp","href":"https:\/\/api.w.org\/{rel}","templated":true}]}}