{"id":19421,"date":"2022-06-13T08:46:39","date_gmt":"2022-06-13T08:46:39","guid":{"rendered":"https:\/\/www.speedmodels.ch\/produkte\/unkategorisiert\/zap-a-gap-colle-verte-14gr\/"},"modified":"2025-02-10T09:32:43","modified_gmt":"2025-02-10T09:32:43","slug":"zap-a-gap-colle-verte-14gr","status":"publish","type":"product","link":"https:\/\/www.speedmodels.ch\/fr\/produits\/peintures-vernis-colles\/adhesifs-colle\/zap-a-gap-colle-verte-14gr\/","title":{"rendered":"ZAP-A-GAP colle verte 14gr"},"content":{"rendered":"<ul>\n<li>Colle moyen liquide<\/li>\n<li>convient pratiquement \u00e0 tous usages<\/li>\n<li>peut \u00eatre acc\u00e9l\u00e9rer avec ZIP Kicker<\/li>\n<\/ul>\n<p>flacon 14gr<\/p>\n<p>&nbsp;<\/p>\n<p>Sicherheitsdatenblatt: <a href=\"https:\/\/www.speedmodels.ch\/wp-content\/uploads\/2022\/06\/SDB-0918_ZAP-Sekundenkleber-PT02-03-08-09-19-20-22-26-44-Version-1.0.pdf\">SDB-0918_ZAP Sekundenkleber PT02-03-08-09-19-20-22-26-44 Version 1.0<\/a><\/p>\n<div style=\"text-align:left\" class=\"wps-pgfw-pdf-generate-icon__wrapper-frontend\">\n\t\t<a href=\"https:\/\/www.speedmodels.ch\/fr\/wp-json\/wp\/v2\/product\/19421\/?action=genpdf&amp;id=19421\" class=\"pgfw-single-pdf-download-button\" target=_blank><img src=\"https:\/\/speedmodels.ch\/wp-content\/uploads\/2021\/09\/pdf_icon.png\" title=\"G\u00e9n\u00e9rer un PDF\" style=\"width:auto; height:45px;\"><\/a>\n\t\t<\/div>","protected":false},"excerpt":{"rendered":"<p>Colle moyen liquide convient pratiquement \u00e0 tous usages peut \u00eatre acc\u00e9l\u00e9rer avec ZIP Kicker flacon 14gr &nbsp; Sicherheitsdatenblatt: SDB-0918_ZAP Sekundenkleber PT02-03-08-09-19-20-22-26-44 Version 1.0<\/p>\n","protected":false},"featured_media":10286,"template":"","meta":[],"product_brand":[],"product_cat":[1693],"product_tag":[],"class_list":{"0":"post-19421","1":"product","2":"type-product","3":"status-publish","4":"has-post-thumbnail","6":"product_cat-adhesifs-colle","8":"first","9":"instock","10":"shipping-taxable","11":"product-type-simple"},"_links":{"self":[{"href":"https:\/\/www.speedmodels.ch\/fr\/wp-json\/wp\/v2\/product\/19421","targetHints":{"allow":["GET"]}}],"collection":[{"href":"https:\/\/www.speedmodels.ch\/fr\/wp-json\/wp\/v2\/product"}],"about":[{"href":"https:\/\/www.speedmodels.ch\/fr\/wp-json\/wp\/v2\/types\/product"}],"version-history":[{"count":1,"href":"https:\/\/www.speedmodels.ch\/fr\/wp-json\/wp\/v2\/product\/19421\/revisions"}],"predecessor-version":[{"id":29512,"href":"https:\/\/www.speedmodels.ch\/fr\/wp-json\/wp\/v2\/product\/19421\/revisions\/29512"}],"wp:featuredmedia":[{"embeddable":true,"href":"https:\/\/www.speedmodels.ch\/fr\/wp-json\/wp\/v2\/media\/10286"}],"wp:attachment":[{"href":"https:\/\/www.speedmodels.ch\/fr\/wp-json\/wp\/v2\/media?parent=19421"}],"wp:term":[{"taxonomy":"product_brand","embeddable":true,"href":"https:\/\/www.speedmodels.ch\/fr\/wp-json\/wp\/v2\/product_brand?post=19421"},{"taxonomy":"product_cat","embeddable":true,"href":"https:\/\/www.speedmodels.ch\/fr\/wp-json\/wp\/v2\/product_cat?post=19421"},{"taxonomy":"product_tag","embeddable":true,"href":"https:\/\/www.speedmodels.ch\/fr\/wp-json\/wp\/v2\/product_tag?post=19421"}],"curies":[{"name":"wp","href":"https:\/\/api.w.org\/{rel}","templated":true}]}}