{"id":19384,"date":"2022-10-10T08:39:11","date_gmt":"2022-10-10T08:39:11","guid":{"rendered":"https:\/\/www.speedmodels.ch\/produkte\/unkategorisiert\/cone-de-serrage-oe-10-mm-m12-longue\/"},"modified":"2024-02-26T13:08:57","modified_gmt":"2024-02-26T13:08:57","slug":"cone-de-serrage-oe-10-mm-m12-lang","status":"publish","type":"product","link":"https:\/\/www.speedmodels.ch\/fr\/produits\/accessoires\/pour-avions\/accessoires-helices\/cone-de-serrage-coupleur\/cone-de-serrage-oe-10-mm-m12-lang\/","title":{"rendered":"C\u00f4ne de serrage \u00d8 10 mm \/ M12 longue"},"content":{"rendered":"<p>C\u00f4ne de serrage acier adapt\u00e9 aux moyeux en aluminium avec un al\u00e9sage de 12 mm Al\u00e9sage frontale M2,5<\/p>\n<p>Axe de moteur 10 mm<\/p>\n<p>Longueur ca 42 mm<\/p>\n<p>Filetage M12<\/p>\n<p>emballage de 1pcs<\/p>\n<div style=\"text-align:left\" class=\"wps-pgfw-pdf-generate-icon__wrapper-frontend\">\n\t\t<a href=\"https:\/\/www.speedmodels.ch\/fr\/wp-json\/wp\/v2\/product\/19384\/?action=genpdf&amp;id=19384\" class=\"pgfw-single-pdf-download-button\" target=_blank><img src=\"https:\/\/speedmodels.ch\/wp-content\/uploads\/2021\/09\/pdf_icon.png\" title=\"G\u00e9n\u00e9rer un PDF\" style=\"width:auto; height:45px;\"><\/a>\n\t\t<\/div>","protected":false},"excerpt":{"rendered":"<p>C\u00f4ne de serrage acier adapt\u00e9 aux moyeux en aluminium avec un al\u00e9sage de 12 mm Al\u00e9sage frontale M2,5 Axe de moteur 10 mm Longueur ca 42 mm Filetage M12 emballage de 1pcs<\/p>\n","protected":false},"featured_media":15253,"template":"","meta":[],"product_brand":[],"product_cat":[1518,1601,1553,1663,1584,1519],"product_tag":[],"class_list":{"0":"post-19384","1":"product","2":"type-product","3":"status-publish","4":"has-post-thumbnail","6":"product_cat-accessoires","7":"product_cat-accessoires-helices","8":"product_cat-accessoires-moteurs-electriques","9":"product_cat-cone-de-serrage-coupleur","10":"product_cat-divers","11":"product_cat-pour-avions","13":"first","14":"instock","15":"shipping-taxable","16":"product-type-simple"},"_links":{"self":[{"href":"https:\/\/www.speedmodels.ch\/fr\/wp-json\/wp\/v2\/product\/19384","targetHints":{"allow":["GET"]}}],"collection":[{"href":"https:\/\/www.speedmodels.ch\/fr\/wp-json\/wp\/v2\/product"}],"about":[{"href":"https:\/\/www.speedmodels.ch\/fr\/wp-json\/wp\/v2\/types\/product"}],"version-history":[{"count":0,"href":"https:\/\/www.speedmodels.ch\/fr\/wp-json\/wp\/v2\/product\/19384\/revisions"}],"wp:featuredmedia":[{"embeddable":true,"href":"https:\/\/www.speedmodels.ch\/fr\/wp-json\/wp\/v2\/media\/15253"}],"wp:attachment":[{"href":"https:\/\/www.speedmodels.ch\/fr\/wp-json\/wp\/v2\/media?parent=19384"}],"wp:term":[{"taxonomy":"product_brand","embeddable":true,"href":"https:\/\/www.speedmodels.ch\/fr\/wp-json\/wp\/v2\/product_brand?post=19384"},{"taxonomy":"product_cat","embeddable":true,"href":"https:\/\/www.speedmodels.ch\/fr\/wp-json\/wp\/v2\/product_cat?post=19384"},{"taxonomy":"product_tag","embeddable":true,"href":"https:\/\/www.speedmodels.ch\/fr\/wp-json\/wp\/v2\/product_tag?post=19384"}],"curies":[{"name":"wp","href":"https:\/\/api.w.org\/{rel}","templated":true}]}}