{"id":19375,"date":"2022-10-10T08:17:23","date_gmt":"2022-10-10T08:17:23","guid":{"rendered":"https:\/\/www.speedmodels.ch\/produkte\/unkategorisiert\/cone-de-serrage-oe-4-0-mm-m8\/"},"modified":"2024-02-26T13:16:54","modified_gmt":"2024-02-26T13:16:54","slug":"cone-de-serrage-oe-4-0-mm","status":"publish","type":"product","link":"https:\/\/www.speedmodels.ch\/fr\/produits\/accessoires\/pour-avions\/accessoires-helices\/cone-de-serrage-coupleur\/cone-de-serrage-oe-4-0-mm\/","title":{"rendered":"C\u00f4ne de serrage \u00d8 4.0 mm \/ M8"},"content":{"rendered":"<p>C\u00f4ne de serrage adapt\u00e9 aux syst\u00e8me de nez d&rsquo;h\u00e9lices et moyeaux d&rsquo;Aaeronaut. Al\u00e9sage frontale M2,5<\/p>\n<p>Axe de moteur 4.0 mm<\/p>\n<p>Filetage M8<\/p>\n<p>emballage de 1pcs<\/p>\n<div style=\"text-align:left\" class=\"wps-pgfw-pdf-generate-icon__wrapper-frontend\">\n\t\t<a href=\"https:\/\/www.speedmodels.ch\/fr\/wp-json\/wp\/v2\/product\/19375\/?action=genpdf&amp;id=19375\" class=\"pgfw-single-pdf-download-button\" target=_blank><img src=\"https:\/\/speedmodels.ch\/wp-content\/uploads\/2021\/09\/pdf_icon.png\" title=\"G\u00e9n\u00e9rer un PDF\" style=\"width:auto; height:45px;\"><\/a>\n\t\t<\/div>","protected":false},"excerpt":{"rendered":"<p>C\u00f4ne de serrage adapt\u00e9 aux syst\u00e8me de nez d&rsquo;h\u00e9lices et moyeaux d&rsquo;Aaeronaut. Al\u00e9sage frontale M2,5 Axe de moteur 4.0 mm Filetage M8 emballage de 1pcs<\/p>\n","protected":false},"featured_media":15255,"template":"","meta":[],"product_brand":[],"product_cat":[1518,1601,1553,1663,1584,1519],"product_tag":[],"class_list":{"0":"post-19375","1":"product","2":"type-product","3":"status-publish","4":"has-post-thumbnail","6":"product_cat-accessoires","7":"product_cat-accessoires-helices","8":"product_cat-accessoires-moteurs-electriques","9":"product_cat-cone-de-serrage-coupleur","10":"product_cat-divers","11":"product_cat-pour-avions","13":"first","14":"instock","15":"shipping-taxable","16":"product-type-simple"},"_links":{"self":[{"href":"https:\/\/www.speedmodels.ch\/fr\/wp-json\/wp\/v2\/product\/19375","targetHints":{"allow":["GET"]}}],"collection":[{"href":"https:\/\/www.speedmodels.ch\/fr\/wp-json\/wp\/v2\/product"}],"about":[{"href":"https:\/\/www.speedmodels.ch\/fr\/wp-json\/wp\/v2\/types\/product"}],"version-history":[{"count":0,"href":"https:\/\/www.speedmodels.ch\/fr\/wp-json\/wp\/v2\/product\/19375\/revisions"}],"wp:featuredmedia":[{"embeddable":true,"href":"https:\/\/www.speedmodels.ch\/fr\/wp-json\/wp\/v2\/media\/15255"}],"wp:attachment":[{"href":"https:\/\/www.speedmodels.ch\/fr\/wp-json\/wp\/v2\/media?parent=19375"}],"wp:term":[{"taxonomy":"product_brand","embeddable":true,"href":"https:\/\/www.speedmodels.ch\/fr\/wp-json\/wp\/v2\/product_brand?post=19375"},{"taxonomy":"product_cat","embeddable":true,"href":"https:\/\/www.speedmodels.ch\/fr\/wp-json\/wp\/v2\/product_cat?post=19375"},{"taxonomy":"product_tag","embeddable":true,"href":"https:\/\/www.speedmodels.ch\/fr\/wp-json\/wp\/v2\/product_tag?post=19375"}],"curies":[{"name":"wp","href":"https:\/\/api.w.org\/{rel}","templated":true}]}}