{"id":19358,"date":"2022-10-10T09:45:01","date_gmt":"2022-10-10T09:45:01","guid":{"rendered":"https:\/\/www.speedmodels.ch\/produkte\/unkategorisiert\/helice-3-pales-16-x-10\/"},"modified":"2024-02-26T12:31:13","modified_gmt":"2024-02-26T12:31:13","slug":"helice-3-pales-16-x-10","status":"publish","type":"product","link":"https:\/\/www.speedmodels.ch\/fr\/produits\/accessoires\/pour-avions\/helice\/helice-3-pales\/helice-3-pales-16-x-10\/","title":{"rendered":"H\u00e9lice 3-pales 16 x 10&Prime;"},"content":{"rendered":"<div class=\"woocommerce-tabs wc-tabs-wrapper\">\n<div id=\"tab-description\" class=\"woocommerce-Tabs-panel woocommerce-Tabs-panel--description panel entry-content wc-tab\" role=\"tabpanel\" aria-labelledby=\"tab-title-description\">\n<p>Cette s\u00e9rie d&rsquo;h\u00e9lices se caract\u00e9rise par une forme de pale con\u00e7ue pour des performances maximales, un plastique renforc\u00e9 de fibre de verre extr\u00eamement silencieux et une stabilit\u00e9 extr\u00eamement \u00e9lev\u00e9e. L&rsquo;al\u00e9sage universel est con\u00e7u pour s&rsquo;adapter \u00e0 des diam\u00e8tres d&rsquo;arbre de 3,4,4,5,5,6,8 mm \u00e0 l&rsquo;aide des r\u00e9ducteurs fournis et offre donc une grande flexibilit\u00e9 lors de la s\u00e9lection des bons arbres de moteur.<\/p>\n<p>Tours max tours maximale autoris\u00e9e 10.500 tours\/min<\/p>\n<p>emballage de 1pcs<\/p>\n<\/div>\n<\/div>\n<div style=\"text-align:left\" class=\"wps-pgfw-pdf-generate-icon__wrapper-frontend\">\n\t\t<a href=\"https:\/\/www.speedmodels.ch\/fr\/wp-json\/wp\/v2\/product\/19358\/?action=genpdf&amp;id=19358\" class=\"pgfw-single-pdf-download-button\" target=_blank><img src=\"https:\/\/speedmodels.ch\/wp-content\/uploads\/2021\/09\/pdf_icon.png\" title=\"G\u00e9n\u00e9rer un PDF\" style=\"width:auto; height:45px;\"><\/a>\n\t\t<\/div>","protected":false},"excerpt":{"rendered":"<p>Cette s\u00e9rie d&rsquo;h\u00e9lices se caract\u00e9rise par une forme de pale con\u00e7ue pour des performances maximales, un plastique renforc\u00e9 de fibre de verre extr\u00eamement silencieux et une stabilit\u00e9 extr\u00eamement \u00e9lev\u00e9e. L&rsquo;al\u00e9sage universel est con\u00e7u pour s&rsquo;adapter \u00e0 des diam\u00e8tres d&rsquo;arbre de 3,4,4,5,5,6,8 mm \u00e0 l&rsquo;aide des r\u00e9ducteurs fournis et offre donc une grande flexibilit\u00e9 lors de [&hellip;]<\/p>\n","protected":false},"featured_media":15290,"template":"","meta":[],"product_brand":[],"product_cat":[1518,1588,1692,1519],"product_tag":[],"class_list":{"0":"post-19358","1":"product","2":"type-product","3":"status-publish","4":"has-post-thumbnail","6":"product_cat-accessoires","7":"product_cat-helice","8":"product_cat-helice-3-pales","9":"product_cat-pour-avions","11":"first","12":"instock","13":"shipping-taxable","14":"product-type-simple"},"_links":{"self":[{"href":"https:\/\/www.speedmodels.ch\/fr\/wp-json\/wp\/v2\/product\/19358","targetHints":{"allow":["GET"]}}],"collection":[{"href":"https:\/\/www.speedmodels.ch\/fr\/wp-json\/wp\/v2\/product"}],"about":[{"href":"https:\/\/www.speedmodels.ch\/fr\/wp-json\/wp\/v2\/types\/product"}],"version-history":[{"count":0,"href":"https:\/\/www.speedmodels.ch\/fr\/wp-json\/wp\/v2\/product\/19358\/revisions"}],"wp:featuredmedia":[{"embeddable":true,"href":"https:\/\/www.speedmodels.ch\/fr\/wp-json\/wp\/v2\/media\/15290"}],"wp:attachment":[{"href":"https:\/\/www.speedmodels.ch\/fr\/wp-json\/wp\/v2\/media?parent=19358"}],"wp:term":[{"taxonomy":"product_brand","embeddable":true,"href":"https:\/\/www.speedmodels.ch\/fr\/wp-json\/wp\/v2\/product_brand?post=19358"},{"taxonomy":"product_cat","embeddable":true,"href":"https:\/\/www.speedmodels.ch\/fr\/wp-json\/wp\/v2\/product_cat?post=19358"},{"taxonomy":"product_tag","embeddable":true,"href":"https:\/\/www.speedmodels.ch\/fr\/wp-json\/wp\/v2\/product_tag?post=19358"}],"curies":[{"name":"wp","href":"https:\/\/api.w.org\/{rel}","templated":true}]}}