{"id":19323,"date":"2022-10-10T12:22:56","date_gmt":"2022-10-10T12:22:56","guid":{"rendered":"https:\/\/www.speedmodels.ch\/produkte\/unkategorisiert\/helices-repliables-avec-nez-dhelice-8-x-4-5\/"},"modified":"2024-02-19T13:45:36","modified_gmt":"2024-02-19T13:45:36","slug":"helices-repliables-avec-nez-d-helice-8-x-4-5","status":"publish","type":"product","link":"https:\/\/www.speedmodels.ch\/fr\/produits\/accessoires\/pour-avions\/helice\/helices-repliables\/helices-repliables-avec-nez-d-helice-8-x-4-5\/","title":{"rendered":"H\u00e9lices repliables avec nez d&rsquo;h\u00e9lice 8 x 4.5&Prime;"},"content":{"rendered":"<p>Le syst\u00e8me d&rsquo;h\u00e9lice repliable pour les petits mod\u00e8les. Les c\u00f4nes ont une pi\u00e8ce centrale int\u00e9gr\u00e9e pour accueillir les pales d&rsquo;h\u00e9lice avec un pied de pale de 6 mm. La plaque de base et le capuchon rotatif sont moul\u00e9s par injection \u00e0 partir de plastique r\u00e9sistant aux chocs. Couleur noir<\/p>\n<p>Les c\u00f4nes de 38 mm sont viss\u00e9s directement sur l&rsquo;arbre moteur de 2,3 mm.<\/p>\n<p>Pales de rechange: AN-7238-15 8 x 4.5&Prime;<\/p>\n<p>&nbsp;<\/p>\n<div style=\"text-align:left\" class=\"wps-pgfw-pdf-generate-icon__wrapper-frontend\">\n\t\t<a href=\"https:\/\/www.speedmodels.ch\/fr\/wp-json\/wp\/v2\/product\/19323\/?action=genpdf&amp;id=19323\" class=\"pgfw-single-pdf-download-button\" target=_blank><img src=\"https:\/\/speedmodels.ch\/wp-content\/uploads\/2021\/09\/pdf_icon.png\" title=\"G\u00e9n\u00e9rer un PDF\" style=\"width:auto; height:45px;\"><\/a>\n\t\t<\/div>","protected":false},"excerpt":{"rendered":"<p>Le syst\u00e8me d&rsquo;h\u00e9lice repliable pour les petits mod\u00e8les. Les c\u00f4nes ont une pi\u00e8ce centrale int\u00e9gr\u00e9e pour accueillir les pales d&rsquo;h\u00e9lice avec un pied de pale de 6 mm. La plaque de base et le capuchon rotatif sont moul\u00e9s par injection \u00e0 partir de plastique r\u00e9sistant aux chocs. Couleur noir Les c\u00f4nes de 38 mm sont [&hellip;]<\/p>\n","protected":false},"featured_media":15286,"template":"","meta":[],"product_brand":[],"product_cat":[1518,1588,1691,1519],"product_tag":[],"class_list":{"0":"post-19323","1":"product","2":"type-product","3":"status-publish","4":"has-post-thumbnail","6":"product_cat-accessoires","7":"product_cat-helice","8":"product_cat-helices-repliables","9":"product_cat-pour-avions","11":"first","12":"instock","13":"shipping-taxable","14":"product-type-simple"},"_links":{"self":[{"href":"https:\/\/www.speedmodels.ch\/fr\/wp-json\/wp\/v2\/product\/19323","targetHints":{"allow":["GET"]}}],"collection":[{"href":"https:\/\/www.speedmodels.ch\/fr\/wp-json\/wp\/v2\/product"}],"about":[{"href":"https:\/\/www.speedmodels.ch\/fr\/wp-json\/wp\/v2\/types\/product"}],"version-history":[{"count":0,"href":"https:\/\/www.speedmodels.ch\/fr\/wp-json\/wp\/v2\/product\/19323\/revisions"}],"wp:featuredmedia":[{"embeddable":true,"href":"https:\/\/www.speedmodels.ch\/fr\/wp-json\/wp\/v2\/media\/15286"}],"wp:attachment":[{"href":"https:\/\/www.speedmodels.ch\/fr\/wp-json\/wp\/v2\/media?parent=19323"}],"wp:term":[{"taxonomy":"product_brand","embeddable":true,"href":"https:\/\/www.speedmodels.ch\/fr\/wp-json\/wp\/v2\/product_brand?post=19323"},{"taxonomy":"product_cat","embeddable":true,"href":"https:\/\/www.speedmodels.ch\/fr\/wp-json\/wp\/v2\/product_cat?post=19323"},{"taxonomy":"product_tag","embeddable":true,"href":"https:\/\/www.speedmodels.ch\/fr\/wp-json\/wp\/v2\/product_tag?post=19323"}],"curies":[{"name":"wp","href":"https:\/\/api.w.org\/{rel}","templated":true}]}}