{"id":19315,"date":"2022-10-10T13:06:07","date_gmt":"2022-10-10T13:06:07","guid":{"rendered":"https:\/\/www.speedmodels.ch\/produkte\/unkategorisiert\/helice-e-prop-carbon-10-x-7\/"},"modified":"2024-02-12T14:55:30","modified_gmt":"2024-02-12T14:55:30","slug":"helice-e-prop-carbon-10-x-7","status":"publish","type":"product","link":"https:\/\/www.speedmodels.ch\/fr\/produits\/accessoires\/pour-avions\/helice\/helice-rigide\/helice-e-prop-carbon-10-x-7\/","title":{"rendered":"H\u00e9lice E-Prop Carbon 10 x 7&Prime;"},"content":{"rendered":"<p>H\u00e9lice renforc\u00e9e en fibre de carbone de haute qualit\u00e9. Sp\u00e9cialement pour l&rsquo;entra\u00eenement \u00e9lectrique gr\u00e2ce au profilage \u00e0 faible r\u00e9sistance et \u00e0 la forme de la lame presque elliptique = performances optimales<\/p>\n<p>Tours max 6910 Tours\/min<\/p>\n<p>al\u00e9sage de 8 mm<\/p>\n<p>emballage de 1pcs<\/p>\n<p>&nbsp;<\/p>\n<div style=\"text-align:left\" class=\"wps-pgfw-pdf-generate-icon__wrapper-frontend\">\n\t\t<a href=\"https:\/\/www.speedmodels.ch\/fr\/wp-json\/wp\/v2\/product\/19315\/?action=genpdf&amp;id=19315\" class=\"pgfw-single-pdf-download-button\" target=_blank><img src=\"https:\/\/speedmodels.ch\/wp-content\/uploads\/2021\/09\/pdf_icon.png\" title=\"G\u00e9n\u00e9rer un PDF\" style=\"width:auto; height:45px;\"><\/a>\n\t\t<\/div>","protected":false},"excerpt":{"rendered":"<p>H\u00e9lice renforc\u00e9e en fibre de carbone de haute qualit\u00e9. Sp\u00e9cialement pour l&rsquo;entra\u00eenement \u00e9lectrique gr\u00e2ce au profilage \u00e0 faible r\u00e9sistance et \u00e0 la forme de la lame presque elliptique = performances optimales Tours max 6910 Tours\/min al\u00e9sage de 8 mm emballage de 1pcs &nbsp;<\/p>\n","protected":false},"featured_media":15278,"template":"","meta":[],"product_brand":[],"product_cat":[1518,1588,1589,1519],"product_tag":[],"class_list":{"0":"post-19315","1":"product","2":"type-product","3":"status-publish","4":"has-post-thumbnail","6":"product_cat-accessoires","7":"product_cat-helice","8":"product_cat-helice-rigide","9":"product_cat-pour-avions","11":"first","12":"instock","13":"shipping-taxable","14":"product-type-simple"},"_links":{"self":[{"href":"https:\/\/www.speedmodels.ch\/fr\/wp-json\/wp\/v2\/product\/19315","targetHints":{"allow":["GET"]}}],"collection":[{"href":"https:\/\/www.speedmodels.ch\/fr\/wp-json\/wp\/v2\/product"}],"about":[{"href":"https:\/\/www.speedmodels.ch\/fr\/wp-json\/wp\/v2\/types\/product"}],"version-history":[{"count":0,"href":"https:\/\/www.speedmodels.ch\/fr\/wp-json\/wp\/v2\/product\/19315\/revisions"}],"wp:featuredmedia":[{"embeddable":true,"href":"https:\/\/www.speedmodels.ch\/fr\/wp-json\/wp\/v2\/media\/15278"}],"wp:attachment":[{"href":"https:\/\/www.speedmodels.ch\/fr\/wp-json\/wp\/v2\/media?parent=19315"}],"wp:term":[{"taxonomy":"product_brand","embeddable":true,"href":"https:\/\/www.speedmodels.ch\/fr\/wp-json\/wp\/v2\/product_brand?post=19315"},{"taxonomy":"product_cat","embeddable":true,"href":"https:\/\/www.speedmodels.ch\/fr\/wp-json\/wp\/v2\/product_cat?post=19315"},{"taxonomy":"product_tag","embeddable":true,"href":"https:\/\/www.speedmodels.ch\/fr\/wp-json\/wp\/v2\/product_tag?post=19315"}],"curies":[{"name":"wp","href":"https:\/\/api.w.org\/{rel}","templated":true}]}}