{"id":19305,"date":"2022-10-10T13:24:11","date_gmt":"2022-10-10T13:24:11","guid":{"rendered":"https:\/\/www.speedmodels.ch\/produkte\/unkategorisiert\/kit-dentretoise-dhelice\/"},"modified":"2024-02-12T14:51:40","modified_gmt":"2024-02-12T14:51:40","slug":"kit-d-entretoise-d-helice","status":"publish","type":"product","link":"https:\/\/www.speedmodels.ch\/fr\/produits\/accessoires\/pour-avions\/helice\/helice-rigide\/kit-d-entretoise-d-helice\/","title":{"rendered":"Kit d&rsquo;entretoise d&rsquo;h\u00e9lice"},"content":{"rendered":"<p>Set d&rsquo;entretoise pour f\u00fcr:<\/p>\n<p>al\u00e9sage de 8 mm: \u00d8 5 \/ 6 \/ 6.3 und 7 mm<\/p>\n<p>al\u00e9sage de 10 mm: \u00d8 5 \/ 6 \/ 6.3 \/ 7 und 8 mm<\/p>\n<p>emballage de 1pcs de chaque<\/p>\n<p>&nbsp;<\/p>\n<div style=\"text-align:left\" class=\"wps-pgfw-pdf-generate-icon__wrapper-frontend\">\n\t\t<a href=\"https:\/\/www.speedmodels.ch\/fr\/wp-json\/wp\/v2\/product\/19305\/?action=genpdf&amp;id=19305\" class=\"pgfw-single-pdf-download-button\" target=_blank><img src=\"https:\/\/speedmodels.ch\/wp-content\/uploads\/2021\/09\/pdf_icon.png\" title=\"G\u00e9n\u00e9rer un PDF\" style=\"width:auto; height:45px;\"><\/a>\n\t\t<\/div>","protected":false},"excerpt":{"rendered":"<p>Set d&rsquo;entretoise pour f\u00fcr: al\u00e9sage de 8 mm: \u00d8 5 \/ 6 \/ 6.3 und 7 mm al\u00e9sage de 10 mm: \u00d8 5 \/ 6 \/ 6.3 \/ 7 und 8 mm emballage de 1pcs de chaque &nbsp;<\/p>\n","protected":false},"featured_media":15985,"template":"","meta":[],"product_brand":[],"product_cat":[1518,1588,1589,1519],"product_tag":[],"class_list":{"0":"post-19305","1":"product","2":"type-product","3":"status-publish","4":"has-post-thumbnail","6":"product_cat-accessoires","7":"product_cat-helice","8":"product_cat-helice-rigide","9":"product_cat-pour-avions","11":"first","12":"instock","13":"shipping-taxable","14":"product-type-simple"},"_links":{"self":[{"href":"https:\/\/www.speedmodels.ch\/fr\/wp-json\/wp\/v2\/product\/19305","targetHints":{"allow":["GET"]}}],"collection":[{"href":"https:\/\/www.speedmodels.ch\/fr\/wp-json\/wp\/v2\/product"}],"about":[{"href":"https:\/\/www.speedmodels.ch\/fr\/wp-json\/wp\/v2\/types\/product"}],"version-history":[{"count":0,"href":"https:\/\/www.speedmodels.ch\/fr\/wp-json\/wp\/v2\/product\/19305\/revisions"}],"wp:featuredmedia":[{"embeddable":true,"href":"https:\/\/www.speedmodels.ch\/fr\/wp-json\/wp\/v2\/media\/15985"}],"wp:attachment":[{"href":"https:\/\/www.speedmodels.ch\/fr\/wp-json\/wp\/v2\/media?parent=19305"}],"wp:term":[{"taxonomy":"product_brand","embeddable":true,"href":"https:\/\/www.speedmodels.ch\/fr\/wp-json\/wp\/v2\/product_brand?post=19305"},{"taxonomy":"product_cat","embeddable":true,"href":"https:\/\/www.speedmodels.ch\/fr\/wp-json\/wp\/v2\/product_cat?post=19305"},{"taxonomy":"product_tag","embeddable":true,"href":"https:\/\/www.speedmodels.ch\/fr\/wp-json\/wp\/v2\/product_tag?post=19305"}],"curies":[{"name":"wp","href":"https:\/\/api.w.org\/{rel}","templated":true}]}}