{"id":19262,"date":"2022-10-10T14:12:11","date_gmt":"2022-10-10T14:12:11","guid":{"rendered":"https:\/\/www.speedmodels.ch\/produkte\/unkategorisiert\/helice-power-prop-9-x-6\/"},"modified":"2024-02-12T14:34:04","modified_gmt":"2024-02-12T14:34:04","slug":"helice-power-prop-9-x-6","status":"publish","type":"product","link":"https:\/\/www.speedmodels.ch\/fr\/produits\/accessoires\/pour-avions\/helice\/helice-rigide\/helice-power-prop-9-x-6\/","title":{"rendered":"H\u00e9lice Power-Prop 9 x 6&Prime;"},"content":{"rendered":"<div class=\"woocommerce-tabs wc-tabs-wrapper\">\n<div id=\"tab-description\" class=\"woocommerce-Tabs-panel woocommerce-Tabs-panel--description panel entry-content wc-tab\" role=\"tabpanel\" aria-labelledby=\"tab-title-description\">\n<p><b>CAMcarbon Power-Prop<\/b><br \/>\nUne nouvelle s\u00e9rie d&rsquo;h\u00e9lices pour moteurs \u00e0 combustion et moteurs \u00e9lectriques avec un excellent rendement. La construction \u00e9tait bas\u00e9e sur l&rsquo;excellente exp\u00e9rience des h\u00e9lices repliables Cam-Carbon. Le profil mince \u00e9tait l\u00e9g\u00e8rement plus \u00e9pais et renforc\u00e9 pour passer au moyeu. En relation avec le mat\u00e9riau renforc\u00e9 de fibres de carbone, une h\u00e9lice avec un profil relativement mince et \u00e0 faible r\u00e9sistance et une tr\u00e8s bonne rigidit\u00e9 en torsion a \u00e9t\u00e9 cr\u00e9\u00e9e, et elle est \u00e9galement l\u00e9g\u00e8re.<br \/>\nLe d\u00e9veloppement de ces h\u00e9lices est r\u00e9alis\u00e9 avec des syst\u00e8mes CAO modernes afin d&rsquo;obtenir un profilage exact avec un parcours pr\u00e9cis de la torsion. Les formes sont ensuite frais\u00e9es sur des machines CNC pour s&rsquo;assurer que les deux c\u00f4t\u00e9s de la lame sont identiques pour produire l&rsquo;h\u00e9lice la plus \u00e9quilibr\u00e9e possible.<\/p>\n<p>Tours max 15&rsquo;000 tour\/min<\/p>\n<p>al\u00e9sage de \u00d8 8 mm<\/p>\n<p>emballage de 1pcs<\/p>\n<\/div>\n<\/div>\n<div style=\"text-align:left\" class=\"wps-pgfw-pdf-generate-icon__wrapper-frontend\">\n\t\t<a href=\"https:\/\/www.speedmodels.ch\/fr\/wp-json\/wp\/v2\/product\/19262\/?action=genpdf&amp;id=19262\" class=\"pgfw-single-pdf-download-button\" target=_blank><img src=\"https:\/\/speedmodels.ch\/wp-content\/uploads\/2021\/09\/pdf_icon.png\" title=\"G\u00e9n\u00e9rer un PDF\" style=\"width:auto; height:45px;\"><\/a>\n\t\t<\/div>","protected":false},"excerpt":{"rendered":"<p>CAMcarbon Power-Prop Une nouvelle s\u00e9rie d&rsquo;h\u00e9lices pour moteurs \u00e0 combustion et moteurs \u00e9lectriques avec un excellent rendement. La construction \u00e9tait bas\u00e9e sur l&rsquo;excellente exp\u00e9rience des h\u00e9lices repliables Cam-Carbon. Le profil mince \u00e9tait l\u00e9g\u00e8rement plus \u00e9pais et renforc\u00e9 pour passer au moyeu. En relation avec le mat\u00e9riau renforc\u00e9 de fibres de carbone, une h\u00e9lice avec un [&hellip;]<\/p>\n","protected":false},"featured_media":15273,"template":"","meta":[],"product_brand":[],"product_cat":[1518,1588,1589,1519],"product_tag":[],"class_list":{"0":"post-19262","1":"product","2":"type-product","3":"status-publish","4":"has-post-thumbnail","6":"product_cat-accessoires","7":"product_cat-helice","8":"product_cat-helice-rigide","9":"product_cat-pour-avions","11":"first","12":"instock","13":"shipping-taxable","14":"product-type-simple"},"_links":{"self":[{"href":"https:\/\/www.speedmodels.ch\/fr\/wp-json\/wp\/v2\/product\/19262","targetHints":{"allow":["GET"]}}],"collection":[{"href":"https:\/\/www.speedmodels.ch\/fr\/wp-json\/wp\/v2\/product"}],"about":[{"href":"https:\/\/www.speedmodels.ch\/fr\/wp-json\/wp\/v2\/types\/product"}],"version-history":[{"count":0,"href":"https:\/\/www.speedmodels.ch\/fr\/wp-json\/wp\/v2\/product\/19262\/revisions"}],"wp:featuredmedia":[{"embeddable":true,"href":"https:\/\/www.speedmodels.ch\/fr\/wp-json\/wp\/v2\/media\/15273"}],"wp:attachment":[{"href":"https:\/\/www.speedmodels.ch\/fr\/wp-json\/wp\/v2\/media?parent=19262"}],"wp:term":[{"taxonomy":"product_brand","embeddable":true,"href":"https:\/\/www.speedmodels.ch\/fr\/wp-json\/wp\/v2\/product_brand?post=19262"},{"taxonomy":"product_cat","embeddable":true,"href":"https:\/\/www.speedmodels.ch\/fr\/wp-json\/wp\/v2\/product_cat?post=19262"},{"taxonomy":"product_tag","embeddable":true,"href":"https:\/\/www.speedmodels.ch\/fr\/wp-json\/wp\/v2\/product_tag?post=19262"}],"curies":[{"name":"wp","href":"https:\/\/api.w.org\/{rel}","templated":true}]}}