{"id":19232,"date":"2022-10-13T13:27:03","date_gmt":"2022-10-13T13:27:03","guid":{"rendered":"https:\/\/www.speedmodels.ch\/produkte\/unkategorisiert\/cam-carbon-light-prop-15-x-6-droite\/"},"modified":"2024-02-01T15:00:06","modified_gmt":"2024-02-01T15:00:06","slug":"cam-carbon-light-prop-15-x-6-droite","status":"publish","type":"product","link":"https:\/\/www.speedmodels.ch\/fr\/produits\/accessoires\/pour-avions\/helice\/helice-rigide\/cam-carbon-light-prop-15-x-6-droite\/","title":{"rendered":"CAM Carbon Light Prop 15 x 6&Prime; Droite"},"content":{"rendered":"<p>H\u00e9lice CAMcarbon Light Prop<\/p>\n<p>Cette s\u00e9rie d&rsquo;h\u00e9lices est con\u00e7ue pour les entra\u00eenements \u00e9lectriques et a \u00e9t\u00e9 sp\u00e9cialement calcul\u00e9e pour une pouss\u00e9e \u00e9lev\u00e9e m\u00eame \u00e0 basse vitesse. Pour ce faire, un profil mince avec une plus grande profondeur a \u00e9t\u00e9 utilis\u00e9. Avec cette s\u00e9rie, une h\u00e9lice l\u00e9g\u00e8re, stable et r\u00e9sistante \u00e0 la torsion, renforc\u00e9e de carbone, a \u00e9t\u00e9 cr\u00e9e. Les h\u00e9lices sont particuli\u00e8rement adapt\u00e9es aux mod\u00e8les multicopt\u00e8res et peuvent parfois aussi \u00eatre utilis\u00e9es par paires (sens antihoraire et horaire).<\/p>\n<p>Le d\u00e9veloppement a \u00e9t\u00e9 effectu\u00e9 sur un syst\u00e8me CAO afin d&rsquo;assurer un d\u00e9grad\u00e9 et une forme de profil exacts. La forme des pales est identique \u00e0 nos h\u00e9lices pliantes en carbone Cam \u00e9prouv\u00e9es, mais avec un moyeu plus petit et donc plus l\u00e9ger. Les moules, qui sont fabriqu\u00e9s \u00e0 l&rsquo;aide de la technologie CNC, et les h\u00e9lices renforc\u00e9es de fibres de carbone sont fabriqu\u00e9s exclusivement en Allemagne. Un jeu de bagues entretoises pour des diam\u00e8tres d&rsquo;arbre de 5, 6, 6,3 et 7 mm est compris dans la livraison.<\/p>\n<p>Tours max Tours\/Min 10&rsquo;000<\/p>\n<div style=\"text-align:left\" class=\"wps-pgfw-pdf-generate-icon__wrapper-frontend\">\n\t\t<a href=\"https:\/\/www.speedmodels.ch\/fr\/wp-json\/wp\/v2\/product\/19232\/?action=genpdf&amp;id=19232\" class=\"pgfw-single-pdf-download-button\" target=_blank><img src=\"https:\/\/speedmodels.ch\/wp-content\/uploads\/2021\/09\/pdf_icon.png\" title=\"G\u00e9n\u00e9rer un PDF\" style=\"width:auto; height:45px;\"><\/a>\n\t\t<\/div>","protected":false},"excerpt":{"rendered":"<p>H\u00e9lice CAMcarbon Light Prop Cette s\u00e9rie d&rsquo;h\u00e9lices est con\u00e7ue pour les entra\u00eenements \u00e9lectriques et a \u00e9t\u00e9 sp\u00e9cialement calcul\u00e9e pour une pouss\u00e9e \u00e9lev\u00e9e m\u00eame \u00e0 basse vitesse. Pour ce faire, un profil mince avec une plus grande profondeur a \u00e9t\u00e9 utilis\u00e9. Avec cette s\u00e9rie, une h\u00e9lice l\u00e9g\u00e8re, stable et r\u00e9sistante \u00e0 la torsion, renforc\u00e9e de carbone, [&hellip;]<\/p>\n","protected":false},"featured_media":15267,"template":"","meta":[],"product_brand":[],"product_cat":[1518,1588,1589,1519],"product_tag":[],"class_list":{"0":"post-19232","1":"product","2":"type-product","3":"status-publish","4":"has-post-thumbnail","6":"product_cat-accessoires","7":"product_cat-helice","8":"product_cat-helice-rigide","9":"product_cat-pour-avions","11":"first","12":"instock","13":"shipping-taxable","14":"product-type-simple"},"_links":{"self":[{"href":"https:\/\/www.speedmodels.ch\/fr\/wp-json\/wp\/v2\/product\/19232","targetHints":{"allow":["GET"]}}],"collection":[{"href":"https:\/\/www.speedmodels.ch\/fr\/wp-json\/wp\/v2\/product"}],"about":[{"href":"https:\/\/www.speedmodels.ch\/fr\/wp-json\/wp\/v2\/types\/product"}],"version-history":[{"count":0,"href":"https:\/\/www.speedmodels.ch\/fr\/wp-json\/wp\/v2\/product\/19232\/revisions"}],"wp:featuredmedia":[{"embeddable":true,"href":"https:\/\/www.speedmodels.ch\/fr\/wp-json\/wp\/v2\/media\/15267"}],"wp:attachment":[{"href":"https:\/\/www.speedmodels.ch\/fr\/wp-json\/wp\/v2\/media?parent=19232"}],"wp:term":[{"taxonomy":"product_brand","embeddable":true,"href":"https:\/\/www.speedmodels.ch\/fr\/wp-json\/wp\/v2\/product_brand?post=19232"},{"taxonomy":"product_cat","embeddable":true,"href":"https:\/\/www.speedmodels.ch\/fr\/wp-json\/wp\/v2\/product_cat?post=19232"},{"taxonomy":"product_tag","embeddable":true,"href":"https:\/\/www.speedmodels.ch\/fr\/wp-json\/wp\/v2\/product_tag?post=19232"}],"curies":[{"name":"wp","href":"https:\/\/api.w.org\/{rel}","templated":true}]}}