{"id":19206,"date":"2023-05-01T13:30:32","date_gmt":"2023-05-01T13:30:32","guid":{"rendered":"https:\/\/www.speedmodels.ch\/produkte\/unkategorisiert\/cardan-rigide-oe-3-2-3-mm-2\/"},"modified":"2024-05-13T14:45:51","modified_gmt":"2024-05-13T14:45:51","slug":"kupplung-starr-oe-3-2-3-mm","status":"publish","type":"product","link":"https:\/\/www.speedmodels.ch\/fr\/produits\/accessoires\/pour-bateaux\/accouplements\/kupplung-starr-oe-3-2-3-mm\/","title":{"rendered":"Cardan rigide \u00d8 3.2 &gt; 3 mm"},"content":{"rendered":"<p>Cardan rigide pour diff\u00e9rant diam\u00eatre d&rsquo;axe<\/p>\n<p>Trou \u00d8 3.2 mm &gt; 3 mm<\/p>\n<p>\u00d8 de cardan 11 mm<\/p>\n<p>longueur 20 mm<\/p>\n<p>emballage de 1pcs<\/p>\n<p>&nbsp;<\/p>\n<div style=\"text-align:left\" class=\"wps-pgfw-pdf-generate-icon__wrapper-frontend\">\n\t\t<a href=\"https:\/\/www.speedmodels.ch\/fr\/wp-json\/wp\/v2\/product\/19206\/?action=genpdf&amp;id=19206\" class=\"pgfw-single-pdf-download-button\" target=_blank><img src=\"https:\/\/speedmodels.ch\/wp-content\/uploads\/2021\/09\/pdf_icon.png\" title=\"G\u00e9n\u00e9rer un PDF\" style=\"width:auto; height:45px;\"><\/a>\n\t\t<\/div>","protected":false},"excerpt":{"rendered":"<p>Cardan rigide pour diff\u00e9rant diam\u00eatre d&rsquo;axe Trou \u00d8 3.2 mm &gt; 3 mm \u00d8 de cardan 11 mm longueur 20 mm emballage de 1pcs &nbsp;<\/p>\n","protected":false},"featured_media":22290,"template":"","meta":[],"product_brand":[],"product_cat":[1553,1585,1584,1536],"product_tag":[],"class_list":{"0":"post-19206","1":"product","2":"type-product","3":"status-publish","4":"has-post-thumbnail","6":"product_cat-accessoires-moteurs-electriques","7":"product_cat-accouplements","8":"product_cat-divers","9":"product_cat-pour-bateaux","11":"first","12":"instock","13":"shipping-taxable","14":"product-type-simple"},"_links":{"self":[{"href":"https:\/\/www.speedmodels.ch\/fr\/wp-json\/wp\/v2\/product\/19206","targetHints":{"allow":["GET"]}}],"collection":[{"href":"https:\/\/www.speedmodels.ch\/fr\/wp-json\/wp\/v2\/product"}],"about":[{"href":"https:\/\/www.speedmodels.ch\/fr\/wp-json\/wp\/v2\/types\/product"}],"version-history":[{"count":0,"href":"https:\/\/www.speedmodels.ch\/fr\/wp-json\/wp\/v2\/product\/19206\/revisions"}],"wp:featuredmedia":[{"embeddable":true,"href":"https:\/\/www.speedmodels.ch\/fr\/wp-json\/wp\/v2\/media\/22290"}],"wp:attachment":[{"href":"https:\/\/www.speedmodels.ch\/fr\/wp-json\/wp\/v2\/media?parent=19206"}],"wp:term":[{"taxonomy":"product_brand","embeddable":true,"href":"https:\/\/www.speedmodels.ch\/fr\/wp-json\/wp\/v2\/product_brand?post=19206"},{"taxonomy":"product_cat","embeddable":true,"href":"https:\/\/www.speedmodels.ch\/fr\/wp-json\/wp\/v2\/product_cat?post=19206"},{"taxonomy":"product_tag","embeddable":true,"href":"https:\/\/www.speedmodels.ch\/fr\/wp-json\/wp\/v2\/product_tag?post=19206"}],"curies":[{"name":"wp","href":"https:\/\/api.w.org\/{rel}","templated":true}]}}