{"id":19187,"date":"2022-09-29T06:43:50","date_gmt":"2022-09-29T06:43:50","guid":{"rendered":"https:\/\/www.speedmodels.ch\/produkte\/unkategorisiert\/propulseur-avec-moteur-el-rm-410-moteur-oe-33-mm\/"},"modified":"2024-03-21T14:44:02","modified_gmt":"2024-03-21T14:44:02","slug":"propulseur-avec-moteur-el-rm-410-e-motor-oe-30-mm","status":"publish","type":"product","link":"https:\/\/www.speedmodels.ch\/fr\/produits\/entrainement-et-accessoires\/moteurs-electriques\/bateaux-fr\/propulseur-avec-moteur-el-rm-410-e-motor-oe-30-mm\/","title":{"rendered":"Propulseur avec moteur \u00e9l. RM-410 moteur \u00d8 33 mm"},"content":{"rendered":"<p>Propulseur avec 2 propres h\u00e9lices 3-pales et un moteur Blu RM 410\/7,2V. Montage horizontal et vertical possible, \u00e9tanche. Engrenage lubrifi\u00e9 \u00e0 l&rsquo;eau.<\/p>\n<p>Tuyau \u00d8 33\/30 mm<\/p>\n<p>Poids ca. 150 gr<\/p>\n<p>&nbsp;<\/p>\n<p>&nbsp;<\/p>\n<div style=\"text-align:left\" class=\"wps-pgfw-pdf-generate-icon__wrapper-frontend\">\n\t\t<a href=\"https:\/\/www.speedmodels.ch\/fr\/wp-json\/wp\/v2\/product\/19187\/?action=genpdf&amp;id=19187\" class=\"pgfw-single-pdf-download-button\" target=_blank><img src=\"https:\/\/speedmodels.ch\/wp-content\/uploads\/2021\/09\/pdf_icon.png\" title=\"G\u00e9n\u00e9rer un PDF\" style=\"width:auto; height:45px;\"><\/a>\n\t\t<\/div>","protected":false},"excerpt":{"rendered":"<p>Propulseur avec 2 propres h\u00e9lices 3-pales et un moteur Blu RM 410\/7,2V. Montage horizontal et vertical possible, \u00e9tanche. Engrenage lubrifi\u00e9 \u00e0 l&rsquo;eau. Tuyau \u00d8 33\/30 mm Poids ca. 150 gr &nbsp; &nbsp;<\/p>\n","protected":false},"featured_media":14642,"template":"","meta":[],"product_brand":[],"product_cat":[1518,1689,1528,1536,1690],"product_tag":[],"class_list":{"0":"post-19187","1":"product","2":"type-product","3":"status-publish","4":"has-post-thumbnail","6":"product_cat-accessoires","7":"product_cat-bateaux-fr","8":"product_cat-entrainement-et-accessoires","9":"product_cat-pour-bateaux","10":"product_cat-propulseur-accessoires","12":"first","13":"instock","14":"shipping-taxable","15":"product-type-simple"},"_links":{"self":[{"href":"https:\/\/www.speedmodels.ch\/fr\/wp-json\/wp\/v2\/product\/19187","targetHints":{"allow":["GET"]}}],"collection":[{"href":"https:\/\/www.speedmodels.ch\/fr\/wp-json\/wp\/v2\/product"}],"about":[{"href":"https:\/\/www.speedmodels.ch\/fr\/wp-json\/wp\/v2\/types\/product"}],"version-history":[{"count":0,"href":"https:\/\/www.speedmodels.ch\/fr\/wp-json\/wp\/v2\/product\/19187\/revisions"}],"wp:featuredmedia":[{"embeddable":true,"href":"https:\/\/www.speedmodels.ch\/fr\/wp-json\/wp\/v2\/media\/14642"}],"wp:attachment":[{"href":"https:\/\/www.speedmodels.ch\/fr\/wp-json\/wp\/v2\/media?parent=19187"}],"wp:term":[{"taxonomy":"product_brand","embeddable":true,"href":"https:\/\/www.speedmodels.ch\/fr\/wp-json\/wp\/v2\/product_brand?post=19187"},{"taxonomy":"product_cat","embeddable":true,"href":"https:\/\/www.speedmodels.ch\/fr\/wp-json\/wp\/v2\/product_cat?post=19187"},{"taxonomy":"product_tag","embeddable":true,"href":"https:\/\/www.speedmodels.ch\/fr\/wp-json\/wp\/v2\/product_tag?post=19187"}],"curies":[{"name":"wp","href":"https:\/\/api.w.org\/{rel}","templated":true}]}}