{"id":19186,"date":"2022-09-29T07:03:32","date_gmt":"2022-09-29T07:03:32","guid":{"rendered":"https:\/\/www.speedmodels.ch\/produkte\/unkategorisiert\/propulseur-avec-moteur-el-rm-410-moteur-oe-28-mm\/"},"modified":"2024-03-21T14:42:39","modified_gmt":"2024-03-21T14:42:39","slug":"propulseur-avec-moteur-el-rm-410-oe-28-mm","status":"publish","type":"product","link":"https:\/\/www.speedmodels.ch\/fr\/produits\/entrainement-et-accessoires\/moteurs-electriques\/bateaux-fr\/propulseur-avec-moteur-el-rm-410-oe-28-mm\/","title":{"rendered":"Propulseur avec moteur \u00e9l. RM-410 moteur \u00d8 28 mm"},"content":{"rendered":"<p>Ces safrans tangentiels tr\u00e8s puissants sont livr\u00e9s enti\u00e8rement mont\u00e9s avec un moteur \u00e9lectrique RM 410\/7.2V L&rsquo;entra\u00eenement est assur\u00e9 par une h\u00e9lice plate, qui pousse l&rsquo;eau \u00e0 travers les tuyaux de jet et fonctionne comme une pompe. La construction est tr\u00e8s stable et sans entretien. Le corps de pompe et les tuyaux de jet sont en ABS, le moteur est scell\u00e9 avec un joint G et un joint torique. Cela permet une installation dans n&rsquo;importe quelle position, un d\u00e9montage et un remontage faciles sans perte d&rsquo;\u00e9tanch\u00e9it\u00e9.<\/p>\n<p>Tuyau \u00d8 28\/25 mm<\/p>\n<p>Poids ca. 110 gr<\/p>\n<p>&nbsp;<\/p>\n<p>&nbsp;<\/p>\n<div style=\"text-align:left\" class=\"wps-pgfw-pdf-generate-icon__wrapper-frontend\">\n\t\t<a href=\"https:\/\/www.speedmodels.ch\/fr\/wp-json\/wp\/v2\/product\/19186\/?action=genpdf&amp;id=19186\" class=\"pgfw-single-pdf-download-button\" target=_blank><img src=\"https:\/\/speedmodels.ch\/wp-content\/uploads\/2021\/09\/pdf_icon.png\" title=\"G\u00e9n\u00e9rer un PDF\" style=\"width:auto; height:45px;\"><\/a>\n\t\t<\/div>","protected":false},"excerpt":{"rendered":"<p>Ces safrans tangentiels tr\u00e8s puissants sont livr\u00e9s enti\u00e8rement mont\u00e9s avec un moteur \u00e9lectrique RM 410\/7.2V L&rsquo;entra\u00eenement est assur\u00e9 par une h\u00e9lice plate, qui pousse l&rsquo;eau \u00e0 travers les tuyaux de jet et fonctionne comme une pompe. La construction est tr\u00e8s stable et sans entretien. Le corps de pompe et les tuyaux de jet sont en [&hellip;]<\/p>\n","protected":false},"featured_media":14632,"template":"","meta":[],"product_brand":[],"product_cat":[1518,1689,1528,1536,1690],"product_tag":[],"class_list":{"0":"post-19186","1":"product","2":"type-product","3":"status-publish","4":"has-post-thumbnail","6":"product_cat-accessoires","7":"product_cat-bateaux-fr","8":"product_cat-entrainement-et-accessoires","9":"product_cat-pour-bateaux","10":"product_cat-propulseur-accessoires","12":"first","13":"instock","14":"shipping-taxable","15":"product-type-simple"},"_links":{"self":[{"href":"https:\/\/www.speedmodels.ch\/fr\/wp-json\/wp\/v2\/product\/19186","targetHints":{"allow":["GET"]}}],"collection":[{"href":"https:\/\/www.speedmodels.ch\/fr\/wp-json\/wp\/v2\/product"}],"about":[{"href":"https:\/\/www.speedmodels.ch\/fr\/wp-json\/wp\/v2\/types\/product"}],"version-history":[{"count":0,"href":"https:\/\/www.speedmodels.ch\/fr\/wp-json\/wp\/v2\/product\/19186\/revisions"}],"wp:featuredmedia":[{"embeddable":true,"href":"https:\/\/www.speedmodels.ch\/fr\/wp-json\/wp\/v2\/media\/14632"}],"wp:attachment":[{"href":"https:\/\/www.speedmodels.ch\/fr\/wp-json\/wp\/v2\/media?parent=19186"}],"wp:term":[{"taxonomy":"product_brand","embeddable":true,"href":"https:\/\/www.speedmodels.ch\/fr\/wp-json\/wp\/v2\/product_brand?post=19186"},{"taxonomy":"product_cat","embeddable":true,"href":"https:\/\/www.speedmodels.ch\/fr\/wp-json\/wp\/v2\/product_cat?post=19186"},{"taxonomy":"product_tag","embeddable":true,"href":"https:\/\/www.speedmodels.ch\/fr\/wp-json\/wp\/v2\/product_tag?post=19186"}],"curies":[{"name":"wp","href":"https:\/\/api.w.org\/{rel}","templated":true}]}}