{"id":19000,"date":"2022-09-22T13:24:35","date_gmt":"2022-09-22T13:24:35","guid":{"rendered":"https:\/\/www.speedmodels.ch\/produkte\/unkategorisiert\/tube-en-laiton-etire-oe-6-5-1-x-1000-mm\/"},"modified":"2024-03-25T11:59:02","modified_gmt":"2024-03-25T11:59:02","slug":"tube-en-laiton-etire-oe-6-5-1-x-1000-mm","status":"publish","type":"product","link":"https:\/\/www.speedmodels.ch\/fr\/produits\/profiles-plaques\/profiles-en-metals\/tube\/tube-en-laiton-etire-oe-6-5-1-x-1000-mm\/","title":{"rendered":"Tube en laiton \u00e9tir\u00e9 \u00d8 6 \/ 5.1 x 1000 mm"},"content":{"rendered":"<p>Tube en laiton \u00e9tir\u00e9<\/p>\n<p>\u00d8 6 x 5.1 mm<\/p>\n<p>longueur = 1000 mm<\/p>\n<div style=\"text-align:left\" class=\"wps-pgfw-pdf-generate-icon__wrapper-frontend\">\n\t\t<a href=\"https:\/\/www.speedmodels.ch\/fr\/wp-json\/wp\/v2\/product\/19000\/?action=genpdf&amp;id=19000\" class=\"pgfw-single-pdf-download-button\" target=_blank><img src=\"https:\/\/speedmodels.ch\/wp-content\/uploads\/2021\/09\/pdf_icon.png\" title=\"G\u00e9n\u00e9rer un PDF\" style=\"width:auto; height:45px;\"><\/a>\n\t\t<\/div>","protected":false},"excerpt":{"rendered":"<p>Tube en laiton \u00e9tir\u00e9 \u00d8 6 x 5.1 mm longueur = 1000 mm<\/p>\n","protected":false},"featured_media":13452,"template":"","meta":[],"product_brand":[],"product_cat":[1512,1649,1676],"product_tag":[],"class_list":{"0":"post-19000","1":"product","2":"type-product","3":"status-publish","4":"has-post-thumbnail","6":"product_cat-profiles-plaques","7":"product_cat-profiles-en-metals","8":"product_cat-tube","10":"first","11":"instock","12":"shipping-taxable","13":"product-type-simple"},"_links":{"self":[{"href":"https:\/\/www.speedmodels.ch\/fr\/wp-json\/wp\/v2\/product\/19000","targetHints":{"allow":["GET"]}}],"collection":[{"href":"https:\/\/www.speedmodels.ch\/fr\/wp-json\/wp\/v2\/product"}],"about":[{"href":"https:\/\/www.speedmodels.ch\/fr\/wp-json\/wp\/v2\/types\/product"}],"version-history":[{"count":0,"href":"https:\/\/www.speedmodels.ch\/fr\/wp-json\/wp\/v2\/product\/19000\/revisions"}],"wp:featuredmedia":[{"embeddable":true,"href":"https:\/\/www.speedmodels.ch\/fr\/wp-json\/wp\/v2\/media\/13452"}],"wp:attachment":[{"href":"https:\/\/www.speedmodels.ch\/fr\/wp-json\/wp\/v2\/media?parent=19000"}],"wp:term":[{"taxonomy":"product_brand","embeddable":true,"href":"https:\/\/www.speedmodels.ch\/fr\/wp-json\/wp\/v2\/product_brand?post=19000"},{"taxonomy":"product_cat","embeddable":true,"href":"https:\/\/www.speedmodels.ch\/fr\/wp-json\/wp\/v2\/product_cat?post=19000"},{"taxonomy":"product_tag","embeddable":true,"href":"https:\/\/www.speedmodels.ch\/fr\/wp-json\/wp\/v2\/product_tag?post=19000"}],"curies":[{"name":"wp","href":"https:\/\/api.w.org\/{rel}","templated":true}]}}