{"id":18976,"date":"2022-09-22T13:44:55","date_gmt":"2022-09-22T13:44:55","guid":{"rendered":"https:\/\/www.speedmodels.ch\/produkte\/unkategorisiert\/tube-carre-en-laiton-13-x-3-0-mm-1000-mm\/"},"modified":"2024-03-25T10:45:56","modified_gmt":"2024-03-25T10:45:56","slug":"tube-carre-en-laiton-13-x-3-0-mm-1000-mm","status":"publish","type":"product","link":"https:\/\/www.speedmodels.ch\/fr\/produits\/profiles-plaques\/profiles-en-metals\/tube\/tube-carre-en-laiton-13-x-3-0-mm-1000-mm\/","title":{"rendered":"Tube carr\u00e9 en laiton 13 x 3.0 mm \/ 1000 mm"},"content":{"rendered":"<p>Tube carr\u00e9 en laiton, adapt\u00e9 comme connexion enfichable avec un carr\u00e9 plat en acier<\/p>\n<p>h = 3.0 mm<\/p>\n<p>l = 13 mm<\/p>\n<p>l = 1000 mm<\/p>\n<div style=\"text-align:left\" class=\"wps-pgfw-pdf-generate-icon__wrapper-frontend\">\n\t\t<a href=\"https:\/\/www.speedmodels.ch\/fr\/wp-json\/wp\/v2\/product\/18976\/?action=genpdf&amp;id=18976\" class=\"pgfw-single-pdf-download-button\" target=_blank><img src=\"https:\/\/speedmodels.ch\/wp-content\/uploads\/2021\/09\/pdf_icon.png\" title=\"G\u00e9n\u00e9rer un PDF\" style=\"width:auto; height:45px;\"><\/a>\n\t\t<\/div>","protected":false},"excerpt":{"rendered":"<p>Tube carr\u00e9 en laiton, adapt\u00e9 comme connexion enfichable avec un carr\u00e9 plat en acier h = 3.0 mm l = 13 mm l = 1000 mm<\/p>\n","protected":false},"featured_media":13454,"template":"","meta":[],"product_brand":[],"product_cat":[1512,1649,1676],"product_tag":[],"class_list":{"0":"post-18976","1":"product","2":"type-product","3":"status-publish","4":"has-post-thumbnail","6":"product_cat-profiles-plaques","7":"product_cat-profiles-en-metals","8":"product_cat-tube","10":"first","11":"instock","12":"shipping-taxable","13":"product-type-simple"},"_links":{"self":[{"href":"https:\/\/www.speedmodels.ch\/fr\/wp-json\/wp\/v2\/product\/18976","targetHints":{"allow":["GET"]}}],"collection":[{"href":"https:\/\/www.speedmodels.ch\/fr\/wp-json\/wp\/v2\/product"}],"about":[{"href":"https:\/\/www.speedmodels.ch\/fr\/wp-json\/wp\/v2\/types\/product"}],"version-history":[{"count":0,"href":"https:\/\/www.speedmodels.ch\/fr\/wp-json\/wp\/v2\/product\/18976\/revisions"}],"wp:featuredmedia":[{"embeddable":true,"href":"https:\/\/www.speedmodels.ch\/fr\/wp-json\/wp\/v2\/media\/13454"}],"wp:attachment":[{"href":"https:\/\/www.speedmodels.ch\/fr\/wp-json\/wp\/v2\/media?parent=18976"}],"wp:term":[{"taxonomy":"product_brand","embeddable":true,"href":"https:\/\/www.speedmodels.ch\/fr\/wp-json\/wp\/v2\/product_brand?post=18976"},{"taxonomy":"product_cat","embeddable":true,"href":"https:\/\/www.speedmodels.ch\/fr\/wp-json\/wp\/v2\/product_cat?post=18976"},{"taxonomy":"product_tag","embeddable":true,"href":"https:\/\/www.speedmodels.ch\/fr\/wp-json\/wp\/v2\/product_tag?post=18976"}],"curies":[{"name":"wp","href":"https:\/\/api.w.org\/{rel}","templated":true}]}}