{"id":18929,"date":"2022-11-17T13:22:32","date_gmt":"2022-11-17T13:22:32","guid":{"rendered":"https:\/\/www.speedmodels.ch\/produkte\/unkategorisiert\/vis-a-tete-ronde-cruciforme-acier-2-2-x-6-5mm\/"},"modified":"2024-01-18T10:49:33","modified_gmt":"2024-01-18T10:49:33","slug":"vis-a-tete-ronde-cruciforme-acier-2-2-x-6-5mm","status":"publish","type":"product","link":"https:\/\/www.speedmodels.ch\/fr\/produits\/vis-ecrous\/vis-acier\/vis-a-tete-ronde-cruciforme\/vis-a-tete-ronde-cruciforme-acier-2-2-x-6-5mm\/","title":{"rendered":"Vis \u00e0 t\u00eate ronde cruciforme, acier 2.2 x 6.5mm"},"content":{"rendered":"<p>Vis \u00e0 t\u00eate ronde cruciforme, acier 2.2 x 6.5mm<\/p>\n<p>emballage 10 pcs<\/p>\n<p>&nbsp;<\/p>\n<p>&nbsp;<\/p>\n<p>&nbsp;<\/p>\n<div style=\"text-align:left\" class=\"wps-pgfw-pdf-generate-icon__wrapper-frontend\">\n\t\t<a href=\"https:\/\/www.speedmodels.ch\/fr\/wp-json\/wp\/v2\/product\/18929\/?action=genpdf&amp;id=18929\" class=\"pgfw-single-pdf-download-button\" target=_blank><img src=\"https:\/\/speedmodels.ch\/wp-content\/uploads\/2021\/09\/pdf_icon.png\" title=\"G\u00e9n\u00e9rer un PDF\" style=\"width:auto; height:45px;\"><\/a>\n\t\t<\/div>","protected":false},"excerpt":{"rendered":"<p>Vis \u00e0 t\u00eate ronde cruciforme, acier 2.2 x 6.5mm emballage 10 pcs &nbsp; &nbsp; &nbsp;<\/p>\n","protected":false},"featured_media":16043,"template":"","meta":[],"product_brand":[],"product_cat":[1592,1675,1593],"product_tag":[],"class_list":{"0":"post-18929","1":"product","2":"type-product","3":"status-publish","4":"has-post-thumbnail","6":"product_cat-vis-ecrous","7":"product_cat-vis-a-tete-ronde-cruciforme","8":"product_cat-vis-acier","10":"first","11":"instock","12":"shipping-taxable","13":"product-type-simple"},"_links":{"self":[{"href":"https:\/\/www.speedmodels.ch\/fr\/wp-json\/wp\/v2\/product\/18929","targetHints":{"allow":["GET"]}}],"collection":[{"href":"https:\/\/www.speedmodels.ch\/fr\/wp-json\/wp\/v2\/product"}],"about":[{"href":"https:\/\/www.speedmodels.ch\/fr\/wp-json\/wp\/v2\/types\/product"}],"version-history":[{"count":0,"href":"https:\/\/www.speedmodels.ch\/fr\/wp-json\/wp\/v2\/product\/18929\/revisions"}],"wp:featuredmedia":[{"embeddable":true,"href":"https:\/\/www.speedmodels.ch\/fr\/wp-json\/wp\/v2\/media\/16043"}],"wp:attachment":[{"href":"https:\/\/www.speedmodels.ch\/fr\/wp-json\/wp\/v2\/media?parent=18929"}],"wp:term":[{"taxonomy":"product_brand","embeddable":true,"href":"https:\/\/www.speedmodels.ch\/fr\/wp-json\/wp\/v2\/product_brand?post=18929"},{"taxonomy":"product_cat","embeddable":true,"href":"https:\/\/www.speedmodels.ch\/fr\/wp-json\/wp\/v2\/product_cat?post=18929"},{"taxonomy":"product_tag","embeddable":true,"href":"https:\/\/www.speedmodels.ch\/fr\/wp-json\/wp\/v2\/product_tag?post=18929"}],"curies":[{"name":"wp","href":"https:\/\/api.w.org\/{rel}","templated":true}]}}