{"id":18906,"date":"2022-05-16T08:00:09","date_gmt":"2022-05-16T08:00:09","guid":{"rendered":"https:\/\/www.speedmodels.ch\/produkte\/unkategorisiert\/accu-nimh-yuntong-7-zellen-84v-4600mah\/"},"modified":"2025-02-20T10:08:36","modified_gmt":"2025-02-20T10:08:36","slug":"accu-nimh-yuntong-7-zellen-84v-4600mah","status":"publish","type":"product","link":"https:\/\/www.speedmodels.ch\/fr\/produits\/fr-akkus-zubehoer\/voitures\/nimh-fr-2\/accu-nimh-yuntong-7-zellen-84v-4600mah\/","title":{"rendered":"Accu NiMH Yuntong &#8211; 7 Zellen (8,4V) &#8211; 4600mAh"},"content":{"rendered":"<p>La batterie par excellence. Beaucoup d&rsquo;\u00e9nergie sur peut de place!<\/p>\n<table style=\"height: 266px\" width=\"390\">\n<tbody>\n<tr>\n<td colspan=\"2\" width=\"304\">\n<h2><strong>fiches t\u00e9chniques<\/strong><\/h2>\n<\/td>\n<\/tr>\n<tr>\n<td><em>type accu:<\/em><\/td>\n<td><strong>NimH<\/strong><\/td>\n<\/tr>\n<tr>\n<td><em>nombres cellules:<\/em><\/td>\n<td><strong>7 cellules<\/strong><\/td>\n<\/tr>\n<tr>\n<td><em>tension nominale:<\/em><\/td>\n<td><strong>8,4 Volt<\/strong><\/td>\n<\/tr>\n<tr>\n<td><em>capacit\u00e9:<\/em><\/td>\n<td><strong>4600 mAh<\/strong><\/td>\n<\/tr>\n<tr>\n<td><em>Prise:<\/em><\/td>\n<td><strong>EC3<\/strong><\/td>\n<\/tr>\n<tr>\n<td><em>c\u00e2ble:<\/em><\/td>\n<td><strong>AWG14 \/ 200\u00b0<\/strong><\/td>\n<\/tr>\n<tr>\n<td><em>poids:<\/em><\/td>\n<td><strong>480<\/strong> <strong>gr.<\/strong><\/td>\n<\/tr>\n<tr>\n<td><em>dimension:<\/em><\/td>\n<td><strong>135 x 48 x 25\/48 mm<\/strong><\/td>\n<\/tr>\n<\/tbody>\n<\/table>\n<p>&nbsp;<\/p>\n<p>Veuillez prendre notes des consignes d&rsquo;entretien et de s\u00e9curit\u00e9 !<\/p>\n<p>Notes des consignes d&rsquo;entretien et de s\u00e9curit\u00e9: <a href=\"https:\/\/speedmodels.ch\/wp-content\/uploads\/2022\/05\/Info_Blatt_NiMH_Sticks_A5.pdf\">Info_Blatt_NiMH_Sticks_A5<\/a><\/p>\n<div style=\"text-align:left\" class=\"wps-pgfw-pdf-generate-icon__wrapper-frontend\">\n\t\t<a href=\"https:\/\/www.speedmodels.ch\/fr\/wp-json\/wp\/v2\/product\/18906\/?action=genpdf&amp;id=18906\" class=\"pgfw-single-pdf-download-button\" target=_blank><img src=\"https:\/\/speedmodels.ch\/wp-content\/uploads\/2021\/09\/pdf_icon.png\" title=\"G\u00e9n\u00e9rer un PDF\" style=\"width:auto; height:45px;\"><\/a>\n\t\t<\/div>","protected":false},"excerpt":{"rendered":"<p>La batterie par excellence. Beaucoup d&rsquo;\u00e9nergie sur peut de place! fiches t\u00e9chniques type accu: NimH nombres cellules: 7 cellules tension nominale: 8,4 Volt capacit\u00e9: 4600 mAh Prise: EC3 c\u00e2ble: AWG14 \/ 200\u00b0 poids: 480 gr. dimension: 135 x 48 x 25\/48 mm &nbsp; Veuillez prendre notes des consignes d&rsquo;entretien et de s\u00e9curit\u00e9 ! Notes des [&hellip;]<\/p>\n","protected":false},"featured_media":10247,"template":"","meta":[],"product_brand":[],"product_cat":[1499,1673,1672],"product_tag":[],"class_list":{"0":"post-18906","1":"product","2":"type-product","3":"status-publish","4":"has-post-thumbnail","6":"product_cat-fr-akkus-zubehoer","7":"product_cat-nimh-fr-2","8":"product_cat-voitures","10":"first","11":"instock","12":"shipping-taxable","13":"product-type-simple"},"_links":{"self":[{"href":"https:\/\/www.speedmodels.ch\/fr\/wp-json\/wp\/v2\/product\/18906","targetHints":{"allow":["GET"]}}],"collection":[{"href":"https:\/\/www.speedmodels.ch\/fr\/wp-json\/wp\/v2\/product"}],"about":[{"href":"https:\/\/www.speedmodels.ch\/fr\/wp-json\/wp\/v2\/types\/product"}],"version-history":[{"count":1,"href":"https:\/\/www.speedmodels.ch\/fr\/wp-json\/wp\/v2\/product\/18906\/revisions"}],"predecessor-version":[{"id":29634,"href":"https:\/\/www.speedmodels.ch\/fr\/wp-json\/wp\/v2\/product\/18906\/revisions\/29634"}],"wp:featuredmedia":[{"embeddable":true,"href":"https:\/\/www.speedmodels.ch\/fr\/wp-json\/wp\/v2\/media\/10247"}],"wp:attachment":[{"href":"https:\/\/www.speedmodels.ch\/fr\/wp-json\/wp\/v2\/media?parent=18906"}],"wp:term":[{"taxonomy":"product_brand","embeddable":true,"href":"https:\/\/www.speedmodels.ch\/fr\/wp-json\/wp\/v2\/product_brand?post=18906"},{"taxonomy":"product_cat","embeddable":true,"href":"https:\/\/www.speedmodels.ch\/fr\/wp-json\/wp\/v2\/product_cat?post=18906"},{"taxonomy":"product_tag","embeddable":true,"href":"https:\/\/www.speedmodels.ch\/fr\/wp-json\/wp\/v2\/product_tag?post=18906"}],"curies":[{"name":"wp","href":"https:\/\/api.w.org\/{rel}","templated":true}]}}