{"id":18872,"date":"2022-08-30T08:26:07","date_gmt":"2022-08-30T08:26:07","guid":{"rendered":"https:\/\/www.speedmodels.ch\/produkte\/unkategorisiert\/boite-de-transport-ferme\/"},"modified":"2022-12-22T13:56:34","modified_gmt":"2022-12-22T13:56:34","slug":"boite-de-transport-ferme","status":"publish","type":"product","link":"https:\/\/www.speedmodels.ch\/fr\/produits\/accessoires\/accessoires-generals\/accessoires-pour-modeles\/boite-de-transport-ferme\/","title":{"rendered":"Boites de transport ferm\u00e9es"},"content":{"rendered":"<p>Kit laser pour trois caisses de transport ferm\u00e9es, caisse 1 : 24,5\u00d715,5\u00d713 mm, caisse 2 : 33x23x15 mm, caisse 3 : 49,5x25x18 mm<\/p>\n<div style=\"text-align:left\" class=\"wps-pgfw-pdf-generate-icon__wrapper-frontend\">\n\t\t<a href=\"https:\/\/www.speedmodels.ch\/fr\/wp-json\/wp\/v2\/product\/18872\/?action=genpdf&amp;id=18872\" class=\"pgfw-single-pdf-download-button\" target=_blank><img src=\"https:\/\/speedmodels.ch\/wp-content\/uploads\/2021\/09\/pdf_icon.png\" title=\"G\u00e9n\u00e9rer un PDF\" style=\"width:auto; height:45px;\"><\/a>\n\t\t<\/div>","protected":false},"excerpt":{"rendered":"<p>Kit laser pour trois caisses de transport ferm\u00e9es, caisse 1 : 24,5\u00d715,5\u00d713 mm, caisse 2 : 33x23x15 mm, caisse 3 : 49,5x25x18 mm<\/p>\n","protected":false},"featured_media":12355,"template":"","meta":[],"product_brand":[],"product_cat":[1544,1545],"product_tag":[],"class_list":{"0":"post-18872","1":"product","2":"type-product","3":"status-publish","4":"has-post-thumbnail","6":"product_cat-accessoires-generals","7":"product_cat-accessoires-pour-modeles","9":"first","10":"instock","11":"shipping-taxable","12":"product-type-simple"},"_links":{"self":[{"href":"https:\/\/www.speedmodels.ch\/fr\/wp-json\/wp\/v2\/product\/18872","targetHints":{"allow":["GET"]}}],"collection":[{"href":"https:\/\/www.speedmodels.ch\/fr\/wp-json\/wp\/v2\/product"}],"about":[{"href":"https:\/\/www.speedmodels.ch\/fr\/wp-json\/wp\/v2\/types\/product"}],"version-history":[{"count":0,"href":"https:\/\/www.speedmodels.ch\/fr\/wp-json\/wp\/v2\/product\/18872\/revisions"}],"wp:featuredmedia":[{"embeddable":true,"href":"https:\/\/www.speedmodels.ch\/fr\/wp-json\/wp\/v2\/media\/12355"}],"wp:attachment":[{"href":"https:\/\/www.speedmodels.ch\/fr\/wp-json\/wp\/v2\/media?parent=18872"}],"wp:term":[{"taxonomy":"product_brand","embeddable":true,"href":"https:\/\/www.speedmodels.ch\/fr\/wp-json\/wp\/v2\/product_brand?post=18872"},{"taxonomy":"product_cat","embeddable":true,"href":"https:\/\/www.speedmodels.ch\/fr\/wp-json\/wp\/v2\/product_cat?post=18872"},{"taxonomy":"product_tag","embeddable":true,"href":"https:\/\/www.speedmodels.ch\/fr\/wp-json\/wp\/v2\/product_tag?post=18872"}],"curies":[{"name":"wp","href":"https:\/\/api.w.org\/{rel}","templated":true}]}}