{"id":18870,"date":"2022-08-30T08:33:44","date_gmt":"2022-08-30T08:33:44","guid":{"rendered":"https:\/\/www.speedmodels.ch\/produkte\/unkategorisiert\/jeu-denrouleurs-de-cable-avec-fils\/"},"modified":"2022-08-30T08:33:44","modified_gmt":"2022-08-30T08:33:44","slug":"jeu-denrouleurs-de-cable-avec-fils","status":"publish","type":"product","link":"https:\/\/www.speedmodels.ch\/fr\/produits\/accessoires\/accessoires-generals\/accessoires-pour-modeles\/jeu-denrouleurs-de-cable-avec-fils\/","title":{"rendered":"Jeu d&rsquo;enrouleurs de c\u00e2ble avec fils"},"content":{"rendered":"<p>Kit \u2013 ensemble pour trois tambours de c\u00e2ble, compos\u00e9 de pi\u00e8ces laser et en bois et de fil toronn\u00e9 pour l&rsquo;enroulement,<br \/>\ntambour 1: A= environ 13,5 mm B= ca. 16mm,<br \/>\ntambour 2: A= environ 15,5 mm B= ca. 12,5mm,<br \/>\ntambour 3: A= environ 17,5 mm B= ca. 16,5 mm<\/p>\n<div style=\"text-align:left\" class=\"wps-pgfw-pdf-generate-icon__wrapper-frontend\">\n\t\t<a href=\"https:\/\/www.speedmodels.ch\/fr\/wp-json\/wp\/v2\/product\/18870\/?action=genpdf&amp;id=18870\" class=\"pgfw-single-pdf-download-button\" target=_blank><img src=\"https:\/\/speedmodels.ch\/wp-content\/uploads\/2021\/09\/pdf_icon.png\" title=\"G\u00e9n\u00e9rer un PDF\" style=\"width:auto; height:45px;\"><\/a>\n\t\t<\/div>","protected":false},"excerpt":{"rendered":"<p>Kit \u2013 ensemble pour trois tambours de c\u00e2ble, compos\u00e9 de pi\u00e8ces laser et en bois et de fil toronn\u00e9 pour l&rsquo;enroulement, tambour 1: A= environ 13,5 mm B= ca. 16mm, tambour 2: A= environ 15,5 mm B= ca. 12,5mm, tambour 3: A= environ 17,5 mm B= ca. 16,5 mm<\/p>\n","protected":false},"featured_media":12361,"template":"","meta":[],"product_brand":[],"product_cat":[1544,1545],"product_tag":[],"class_list":{"0":"post-18870","1":"product","2":"type-product","3":"status-publish","4":"has-post-thumbnail","6":"product_cat-accessoires-generals","7":"product_cat-accessoires-pour-modeles","9":"first","10":"instock","11":"shipping-taxable","12":"product-type-simple"},"_links":{"self":[{"href":"https:\/\/www.speedmodels.ch\/fr\/wp-json\/wp\/v2\/product\/18870","targetHints":{"allow":["GET"]}}],"collection":[{"href":"https:\/\/www.speedmodels.ch\/fr\/wp-json\/wp\/v2\/product"}],"about":[{"href":"https:\/\/www.speedmodels.ch\/fr\/wp-json\/wp\/v2\/types\/product"}],"version-history":[{"count":0,"href":"https:\/\/www.speedmodels.ch\/fr\/wp-json\/wp\/v2\/product\/18870\/revisions"}],"wp:featuredmedia":[{"embeddable":true,"href":"https:\/\/www.speedmodels.ch\/fr\/wp-json\/wp\/v2\/media\/12361"}],"wp:attachment":[{"href":"https:\/\/www.speedmodels.ch\/fr\/wp-json\/wp\/v2\/media?parent=18870"}],"wp:term":[{"taxonomy":"product_brand","embeddable":true,"href":"https:\/\/www.speedmodels.ch\/fr\/wp-json\/wp\/v2\/product_brand?post=18870"},{"taxonomy":"product_cat","embeddable":true,"href":"https:\/\/www.speedmodels.ch\/fr\/wp-json\/wp\/v2\/product_cat?post=18870"},{"taxonomy":"product_tag","embeddable":true,"href":"https:\/\/www.speedmodels.ch\/fr\/wp-json\/wp\/v2\/product_tag?post=18870"}],"curies":[{"name":"wp","href":"https:\/\/api.w.org\/{rel}","templated":true}]}}