{"id":18868,"date":"2022-08-30T08:39:25","date_gmt":"2022-08-30T08:39:25","guid":{"rendered":"https:\/\/www.speedmodels.ch\/produkte\/unkategorisiert\/chariot-enrouleur-de-cable-132mm\/"},"modified":"2022-08-30T08:39:25","modified_gmt":"2022-08-30T08:39:25","slug":"chariot-enrouleur-de-cable-132mm","status":"publish","type":"product","link":"https:\/\/www.speedmodels.ch\/fr\/produits\/accessoires\/accessoires-generals\/accessoires-pour-modeles\/chariot-enrouleur-de-cable-132mm\/","title":{"rendered":"Chariot enrouleur de c\u00e2ble 132mm"},"content":{"rendered":"<p>Kit compos\u00e9 de pi\u00e8ces en bois d\u00e9coup\u00e9es au laser, \u00e9chelle 1:12 &#8211; 1:16, plaque de base environ 132x 211 mm, tambour de c\u00e2ble environ 169&#215;98 mm<\/p>\n<div style=\"text-align:left\" class=\"wps-pgfw-pdf-generate-icon__wrapper-frontend\">\n\t\t<a href=\"https:\/\/www.speedmodels.ch\/fr\/wp-json\/wp\/v2\/product\/18868\/?action=genpdf&amp;id=18868\" class=\"pgfw-single-pdf-download-button\" target=_blank><img src=\"https:\/\/speedmodels.ch\/wp-content\/uploads\/2021\/09\/pdf_icon.png\" title=\"G\u00e9n\u00e9rer un PDF\" style=\"width:auto; height:45px;\"><\/a>\n\t\t<\/div>","protected":false},"excerpt":{"rendered":"<p>Kit compos\u00e9 de pi\u00e8ces en bois d\u00e9coup\u00e9es au laser, \u00e9chelle 1:12 &#8211; 1:16, plaque de base environ 132x 211 mm, tambour de c\u00e2ble environ 169&#215;98 mm<\/p>\n","protected":false},"featured_media":12365,"template":"","meta":[],"product_brand":[],"product_cat":[1544,1545],"product_tag":[],"class_list":{"0":"post-18868","1":"product","2":"type-product","3":"status-publish","4":"has-post-thumbnail","6":"product_cat-accessoires-generals","7":"product_cat-accessoires-pour-modeles","9":"first","10":"instock","11":"shipping-taxable","12":"product-type-simple"},"_links":{"self":[{"href":"https:\/\/www.speedmodels.ch\/fr\/wp-json\/wp\/v2\/product\/18868","targetHints":{"allow":["GET"]}}],"collection":[{"href":"https:\/\/www.speedmodels.ch\/fr\/wp-json\/wp\/v2\/product"}],"about":[{"href":"https:\/\/www.speedmodels.ch\/fr\/wp-json\/wp\/v2\/types\/product"}],"version-history":[{"count":0,"href":"https:\/\/www.speedmodels.ch\/fr\/wp-json\/wp\/v2\/product\/18868\/revisions"}],"wp:featuredmedia":[{"embeddable":true,"href":"https:\/\/www.speedmodels.ch\/fr\/wp-json\/wp\/v2\/media\/12365"}],"wp:attachment":[{"href":"https:\/\/www.speedmodels.ch\/fr\/wp-json\/wp\/v2\/media?parent=18868"}],"wp:term":[{"taxonomy":"product_brand","embeddable":true,"href":"https:\/\/www.speedmodels.ch\/fr\/wp-json\/wp\/v2\/product_brand?post=18868"},{"taxonomy":"product_cat","embeddable":true,"href":"https:\/\/www.speedmodels.ch\/fr\/wp-json\/wp\/v2\/product_cat?post=18868"},{"taxonomy":"product_tag","embeddable":true,"href":"https:\/\/www.speedmodels.ch\/fr\/wp-json\/wp\/v2\/product_tag?post=18868"}],"curies":[{"name":"wp","href":"https:\/\/api.w.org\/{rel}","templated":true}]}}