{"id":18867,"date":"2022-08-30T08:41:55","date_gmt":"2022-08-30T08:41:55","guid":{"rendered":"https:\/\/www.speedmodels.ch\/produkte\/unkategorisiert\/boites-de-transport-ouverts-33mm\/"},"modified":"2022-08-30T08:41:55","modified_gmt":"2022-08-30T08:41:55","slug":"boites-de-transport-ouverts-33mm","status":"publish","type":"product","link":"https:\/\/www.speedmodels.ch\/fr\/produits\/accessoires\/accessoires-generals\/accessoires-pour-modeles\/boites-de-transport-ouverts-33mm\/","title":{"rendered":"Boites de transport ouverts 33mm"},"content":{"rendered":"<p>Kit laser pour bo\u00eetes de transport ouvertes avec poign\u00e9e encastr\u00e9e, 3 bo\u00eetes d&rsquo;environ 33x23x7,5 mm, 3 bo\u00eetes d&rsquo;environ 33x23x11,5 mm<\/p>\n<div style=\"text-align:left\" class=\"wps-pgfw-pdf-generate-icon__wrapper-frontend\">\n\t\t<a href=\"https:\/\/www.speedmodels.ch\/fr\/wp-json\/wp\/v2\/product\/18867\/?action=genpdf&amp;id=18867\" class=\"pgfw-single-pdf-download-button\" target=_blank><img src=\"https:\/\/speedmodels.ch\/wp-content\/uploads\/2021\/09\/pdf_icon.png\" title=\"G\u00e9n\u00e9rer un PDF\" style=\"width:auto; height:45px;\"><\/a>\n\t\t<\/div>","protected":false},"excerpt":{"rendered":"<p>Kit laser pour bo\u00eetes de transport ouvertes avec poign\u00e9e encastr\u00e9e, 3 bo\u00eetes d&rsquo;environ 33x23x7,5 mm, 3 bo\u00eetes d&rsquo;environ 33x23x11,5 mm<\/p>\n","protected":false},"featured_media":12369,"template":"","meta":[],"product_brand":[],"product_cat":[1544,1545],"product_tag":[],"class_list":{"0":"post-18867","1":"product","2":"type-product","3":"status-publish","4":"has-post-thumbnail","6":"product_cat-accessoires-generals","7":"product_cat-accessoires-pour-modeles","9":"first","10":"instock","11":"shipping-taxable","12":"product-type-simple"},"_links":{"self":[{"href":"https:\/\/www.speedmodels.ch\/fr\/wp-json\/wp\/v2\/product\/18867","targetHints":{"allow":["GET"]}}],"collection":[{"href":"https:\/\/www.speedmodels.ch\/fr\/wp-json\/wp\/v2\/product"}],"about":[{"href":"https:\/\/www.speedmodels.ch\/fr\/wp-json\/wp\/v2\/types\/product"}],"version-history":[{"count":0,"href":"https:\/\/www.speedmodels.ch\/fr\/wp-json\/wp\/v2\/product\/18867\/revisions"}],"wp:featuredmedia":[{"embeddable":true,"href":"https:\/\/www.speedmodels.ch\/fr\/wp-json\/wp\/v2\/media\/12369"}],"wp:attachment":[{"href":"https:\/\/www.speedmodels.ch\/fr\/wp-json\/wp\/v2\/media?parent=18867"}],"wp:term":[{"taxonomy":"product_brand","embeddable":true,"href":"https:\/\/www.speedmodels.ch\/fr\/wp-json\/wp\/v2\/product_brand?post=18867"},{"taxonomy":"product_cat","embeddable":true,"href":"https:\/\/www.speedmodels.ch\/fr\/wp-json\/wp\/v2\/product_cat?post=18867"},{"taxonomy":"product_tag","embeddable":true,"href":"https:\/\/www.speedmodels.ch\/fr\/wp-json\/wp\/v2\/product_tag?post=18867"}],"curies":[{"name":"wp","href":"https:\/\/api.w.org\/{rel}","templated":true}]}}