{"id":18192,"date":"2022-12-01T09:00:05","date_gmt":"2022-12-01T09:00:05","guid":{"rendered":"https:\/\/www.speedmodels.ch\/produkte\/unkategorisiert\/set-dentrinement-pour-planeur-antique-falko\/"},"modified":"2024-05-31T13:35:04","modified_gmt":"2024-05-31T13:35:04","slug":"set-dentrainement-pour-antique-falko","status":"publish","type":"product","link":"https:\/\/www.speedmodels.ch\/fr\/produits\/entrainement-et-accessoires\/moteurs-electriques\/avions-fr-2\/set-dentrainement-pour-antique-falko\/","title":{"rendered":"Set d&rsquo;entra\u00eenement pour planeur antique Falko"},"content":{"rendered":"<p>Afin de transformer notre mod\u00e8le Falko (n\u00b0 de commande 1116\/00) en un planeur \u00e9lectrique \u00e0 part enti\u00e8re, nous proposons le kit d&rsquo;entra\u00eenement complet. Ceci a \u00e9t\u00e9 d\u00e9velopp\u00e9 sp\u00e9cifiquement pour le mod\u00e8le. Ceci a \u00e9t\u00e9 d\u00e9velopp\u00e9 sp\u00e9cifiquement pour le mod\u00e8le. La construction a \u00e9t\u00e9 con\u00e7ue de mani\u00e8re \u00e0 ce que le support moteur puisse \u00eatre ins\u00e9r\u00e9 entre les ailes \u00e0 l&rsquo;aide d&rsquo;une nervure de racine sp\u00e9ciale et puisse ainsi \u00eatre assembl\u00e9 et d\u00e9mont\u00e9 sans affecter le centre de gravit\u00e9.<\/p>\n<p>Le contr\u00f4leur et la batterie sont log\u00e9s dans le fuselage du mod\u00e8le de vol. Lors de la conversion en mode de vol \u00e0 voile pur, ces composants restent dans le fuselage, ce qui signifie que vous pouvez r\u00e9agir rapidement, par example aux conditions de vent de pente changeantes. L&rsquo;ensemble d&rsquo;entra\u00eenement a \u00e9t\u00e9 d\u00e9lib\u00e9r\u00e9ment con\u00e7u avec une h\u00e9lice rigide bas\u00e9e sur les mod\u00e8les pr\u00e9c\u00e9dents avec des moteurs \u00e0 combustion. En vol plan\u00e9, l&rsquo;h\u00e9lice rigide n&rsquo;a pratiquement aucun effet perceptible. Alternativement, bien s\u00fbr, des h\u00e9lices repliables peuvent \u00e9galement \u00eatre mont\u00e9es.<\/p>\n<p>L&rsquo;ensemble se compose d&rsquo;un kit pour le support moteur compos\u00e9 de pi\u00e8ces en bois grav\u00e9es au laser, d&rsquo;un moteur brushless actro-n 28-4-880, d&rsquo;un contr\u00f4leur actrocon 30, d&rsquo;un CAMcarbon Light-Prop 9\u00d74.5\u2033.<\/p>\n<p>Un LiPo 3S avec 1300-2400 mAh est recommand\u00e9 comme batterie d&rsquo;entra\u00eenement (non inclus).<\/p>\n<div style=\"text-align:left\" class=\"wps-pgfw-pdf-generate-icon__wrapper-frontend\">\n\t\t<a href=\"https:\/\/www.speedmodels.ch\/fr\/wp-json\/wp\/v2\/product\/18192\/?action=genpdf&amp;id=18192\" class=\"pgfw-single-pdf-download-button\" target=_blank><img src=\"https:\/\/speedmodels.ch\/wp-content\/uploads\/2021\/09\/pdf_icon.png\" title=\"G\u00e9n\u00e9rer un PDF\" style=\"width:auto; height:45px;\"><\/a>\n\t\t<\/div>","protected":false},"excerpt":{"rendered":"<p>Afin de transformer notre mod\u00e8le Falko (n\u00b0 de commande 1116\/00) en un planeur \u00e9lectrique \u00e0 part enti\u00e8re, nous proposons le kit d&rsquo;entra\u00eenement complet. Ceci a \u00e9t\u00e9 d\u00e9velopp\u00e9 sp\u00e9cifiquement pour le mod\u00e8le. Ceci a \u00e9t\u00e9 d\u00e9velopp\u00e9 sp\u00e9cifiquement pour le mod\u00e8le. La construction a \u00e9t\u00e9 con\u00e7ue de mani\u00e8re \u00e0 ce que le support moteur puisse \u00eatre ins\u00e9r\u00e9 [&hellip;]<\/p>\n","protected":false},"featured_media":16731,"template":"","meta":[],"product_brand":[],"product_cat":[1656,1528,1708],"product_tag":[],"class_list":{"0":"post-18192","1":"product","2":"type-product","3":"status-publish","4":"has-post-thumbnail","6":"product_cat-avions-fr-2","7":"product_cat-entrainement-et-accessoires","8":"product_cat-moteurs-electriques","10":"first","11":"instock","12":"shipping-taxable","13":"product-type-simple"},"_links":{"self":[{"href":"https:\/\/www.speedmodels.ch\/fr\/wp-json\/wp\/v2\/product\/18192","targetHints":{"allow":["GET"]}}],"collection":[{"href":"https:\/\/www.speedmodels.ch\/fr\/wp-json\/wp\/v2\/product"}],"about":[{"href":"https:\/\/www.speedmodels.ch\/fr\/wp-json\/wp\/v2\/types\/product"}],"version-history":[{"count":0,"href":"https:\/\/www.speedmodels.ch\/fr\/wp-json\/wp\/v2\/product\/18192\/revisions"}],"wp:featuredmedia":[{"embeddable":true,"href":"https:\/\/www.speedmodels.ch\/fr\/wp-json\/wp\/v2\/media\/16731"}],"wp:attachment":[{"href":"https:\/\/www.speedmodels.ch\/fr\/wp-json\/wp\/v2\/media?parent=18192"}],"wp:term":[{"taxonomy":"product_brand","embeddable":true,"href":"https:\/\/www.speedmodels.ch\/fr\/wp-json\/wp\/v2\/product_brand?post=18192"},{"taxonomy":"product_cat","embeddable":true,"href":"https:\/\/www.speedmodels.ch\/fr\/wp-json\/wp\/v2\/product_cat?post=18192"},{"taxonomy":"product_tag","embeddable":true,"href":"https:\/\/www.speedmodels.ch\/fr\/wp-json\/wp\/v2\/product_tag?post=18192"}],"curies":[{"name":"wp","href":"https:\/\/api.w.org\/{rel}","templated":true}]}}