{"id":18191,"date":"2022-12-01T09:16:48","date_gmt":"2022-12-01T09:16:48","guid":{"rendered":"https:\/\/www.speedmodels.ch\/produkte\/unkategorisiert\/planeur-antique-falko\/"},"modified":"2024-05-31T13:34:48","modified_gmt":"2024-05-31T13:34:48","slug":"falko-planeur-antique","status":"publish","type":"product","link":"https:\/\/www.speedmodels.ch\/fr\/produits\/modeles\/avions-fr\/modeles-telecommandes\/planeurs\/falko-planeur-antique\/","title":{"rendered":"Planeur antique Falko"},"content":{"rendered":"<p>Le planeur RC Falko combine la technologie de fabrication moderne avec le charme d&rsquo;un mod\u00e8le antique. Le look rappelle le planeur lanceur Aero-Falke, qui fait partie de la gamme aero-naut depuis les ann\u00e9es 1960. Falko a \u00e9t\u00e9 d\u00e9velopp\u00e9 sur cette base et syst\u00e9matiquement con\u00e7u comme un puissant mod\u00e8le RC.<\/p>\n<p>Les composants sont grav\u00e9s au laser avec pr\u00e9cision et peuvent \u00eatre assembl\u00e9s rapidement et facilement \u00e0 l&rsquo;aide de gabarits de construction et des instructions de construction illustr\u00e9es d\u00e9taill\u00e9es. L&rsquo;aile est construite en deux parties. L&rsquo;acc\u00e8s aux composants RC se fait via la verri\u00e8re amovible, qui est verrouill\u00e9e sur la figurine pilote.<\/p>\n<p>Falko peut \u00eatre pilot\u00e9 comme un planeur pur. Le mod\u00e8le maniable est particuli\u00e8rement amusant sur les pentes par vent l\u00e9ger \u00e0 mod\u00e9r\u00e9. Un kit d&rsquo;entra\u00eenement est disponible pour le d\u00e9marrage au niveau, qui, en plus de l&rsquo;accessoire moteur \u00e9l\u00e9gant, contient \u00e9galement le bon moteur avec contr\u00f4leur, h\u00e9lice et pilote (n\u00b0 de commande en option 1116\/01).<\/p>\n<p>Pour le kit, vous avez besoin de 2 x servo 7003\/74 et 2 x servo 7003\/71.<\/p>\n<p>Le kit contient:<br \/>\nTous les composants en bois grav\u00e9 au laser, les petites pi\u00e8ces, les liaisons, les instructions de montage 3D. Le kit d&rsquo;entra\u00eenement est disponible s\u00e9par\u00e9ment sous la r\u00e9f. 1116\/01 \u00e0 commander.<\/p>\n<div style=\"text-align:left\" class=\"wps-pgfw-pdf-generate-icon__wrapper-frontend\">\n\t\t<a href=\"https:\/\/www.speedmodels.ch\/fr\/wp-json\/wp\/v2\/product\/18191\/?action=genpdf&amp;id=18191\" class=\"pgfw-single-pdf-download-button\" target=_blank><img src=\"https:\/\/speedmodels.ch\/wp-content\/uploads\/2021\/09\/pdf_icon.png\" title=\"G\u00e9n\u00e9rer un PDF\" style=\"width:auto; height:45px;\"><\/a>\n\t\t<\/div>","protected":false},"excerpt":{"rendered":"<p>Le planeur RC Falko combine la technologie de fabrication moderne avec le charme d&rsquo;un mod\u00e8le antique. Le look rappelle le planeur lanceur Aero-Falke, qui fait partie de la gamme aero-naut depuis les ann\u00e9es 1960. Falko a \u00e9t\u00e9 d\u00e9velopp\u00e9 sur cette base et syst\u00e9matiquement con\u00e7u comme un puissant mod\u00e8le RC. Les composants sont grav\u00e9s au laser [&hellip;]<\/p>\n","protected":false},"featured_media":16719,"template":"","meta":[],"product_brand":[],"product_cat":[1652,1653,1654,1655],"product_tag":[],"class_list":{"0":"post-18191","1":"product","2":"type-product","3":"status-publish","4":"has-post-thumbnail","6":"product_cat-avions-fr","7":"product_cat-modeles-telecommandes","8":"product_cat-planeurs","9":"product_cat-planeurs-electriques","11":"first","12":"instock","13":"shipping-taxable","14":"product-type-simple"},"_links":{"self":[{"href":"https:\/\/www.speedmodels.ch\/fr\/wp-json\/wp\/v2\/product\/18191","targetHints":{"allow":["GET"]}}],"collection":[{"href":"https:\/\/www.speedmodels.ch\/fr\/wp-json\/wp\/v2\/product"}],"about":[{"href":"https:\/\/www.speedmodels.ch\/fr\/wp-json\/wp\/v2\/types\/product"}],"version-history":[{"count":0,"href":"https:\/\/www.speedmodels.ch\/fr\/wp-json\/wp\/v2\/product\/18191\/revisions"}],"wp:featuredmedia":[{"embeddable":true,"href":"https:\/\/www.speedmodels.ch\/fr\/wp-json\/wp\/v2\/media\/16719"}],"wp:attachment":[{"href":"https:\/\/www.speedmodels.ch\/fr\/wp-json\/wp\/v2\/media?parent=18191"}],"wp:term":[{"taxonomy":"product_brand","embeddable":true,"href":"https:\/\/www.speedmodels.ch\/fr\/wp-json\/wp\/v2\/product_brand?post=18191"},{"taxonomy":"product_cat","embeddable":true,"href":"https:\/\/www.speedmodels.ch\/fr\/wp-json\/wp\/v2\/product_cat?post=18191"},{"taxonomy":"product_tag","embeddable":true,"href":"https:\/\/www.speedmodels.ch\/fr\/wp-json\/wp\/v2\/product_tag?post=18191"}],"curies":[{"name":"wp","href":"https:\/\/api.w.org\/{rel}","templated":true}]}}