{"id":17992,"date":"2022-12-01T13:37:35","date_gmt":"2022-12-01T13:37:35","guid":{"rendered":"https:\/\/www.speedmodels.ch\/produkte\/unkategorisiert\/nez-dhelice-a-k-89mm-carbon\/"},"modified":"2024-05-31T13:29:57","modified_gmt":"2024-05-31T13:29:57","slug":"nez-d-helice-a-k-89mm-carbon","status":"publish","type":"product","link":"https:\/\/www.speedmodels.ch\/fr\/produits\/accessoires\/pour-avions\/accessoires-helices\/nez-dhelice\/nez-dhelice-pour-2-pales\/nez-d-helice-a-k-89mm-carbon\/","title":{"rendered":"Nez d&rsquo;h\u00e9lice A\/K 89mm carbon"},"content":{"rendered":"<p>Nez d&rsquo;h\u00e9lice alu\/plastique pour h\u00e9lices rigides. La plaque de base en aluminium garantit une concentricit\u00e9 optimale. Al\u00e9sage de l&rsquo;arbre moteur 12 mm avec bagues d&rsquo;espacement pour arbres moteur 7 mm, 8 mm et 10 mm. Le capuchon est en plastique r\u00e9sistant aux chocs.<\/p>\n<p>\u00d8 89 mm<\/p>\n<p>couleur: carbon<\/p>\n<p>emballage de 1pcs<\/p>\n<div style=\"text-align:left\" class=\"wps-pgfw-pdf-generate-icon__wrapper-frontend\">\n\t\t<a href=\"https:\/\/www.speedmodels.ch\/fr\/wp-json\/wp\/v2\/product\/17992\/?action=genpdf&amp;id=17992\" class=\"pgfw-single-pdf-download-button\" target=_blank><img src=\"https:\/\/speedmodels.ch\/wp-content\/uploads\/2021\/09\/pdf_icon.png\" title=\"G\u00e9n\u00e9rer un PDF\" style=\"width:auto; height:45px;\"><\/a>\n\t\t<\/div>","protected":false},"excerpt":{"rendered":"<p>Nez d&rsquo;h\u00e9lice alu\/plastique pour h\u00e9lices rigides. La plaque de base en aluminium garantit une concentricit\u00e9 optimale. Al\u00e9sage de l&rsquo;arbre moteur 12 mm avec bagues d&rsquo;espacement pour arbres moteur 7 mm, 8 mm et 10 mm. Le capuchon est en plastique r\u00e9sistant aux chocs. \u00d8 89 mm couleur: carbon emballage de 1pcs<\/p>\n","protected":false},"featured_media":17769,"template":"","meta":[],"product_brand":[],"product_cat":[1518,1601,1602,1603,1519],"product_tag":[],"class_list":{"0":"post-17992","1":"product","2":"type-product","3":"status-publish","4":"has-post-thumbnail","6":"product_cat-accessoires","7":"product_cat-accessoires-helices","8":"product_cat-nez-dhelice","9":"product_cat-nez-dhelice-pour-2-pales","10":"product_cat-pour-avions","12":"first","13":"instock","14":"shipping-taxable","15":"product-type-simple"},"_links":{"self":[{"href":"https:\/\/www.speedmodels.ch\/fr\/wp-json\/wp\/v2\/product\/17992","targetHints":{"allow":["GET"]}}],"collection":[{"href":"https:\/\/www.speedmodels.ch\/fr\/wp-json\/wp\/v2\/product"}],"about":[{"href":"https:\/\/www.speedmodels.ch\/fr\/wp-json\/wp\/v2\/types\/product"}],"version-history":[{"count":0,"href":"https:\/\/www.speedmodels.ch\/fr\/wp-json\/wp\/v2\/product\/17992\/revisions"}],"wp:featuredmedia":[{"embeddable":true,"href":"https:\/\/www.speedmodels.ch\/fr\/wp-json\/wp\/v2\/media\/17769"}],"wp:attachment":[{"href":"https:\/\/www.speedmodels.ch\/fr\/wp-json\/wp\/v2\/media?parent=17992"}],"wp:term":[{"taxonomy":"product_brand","embeddable":true,"href":"https:\/\/www.speedmodels.ch\/fr\/wp-json\/wp\/v2\/product_brand?post=17992"},{"taxonomy":"product_cat","embeddable":true,"href":"https:\/\/www.speedmodels.ch\/fr\/wp-json\/wp\/v2\/product_cat?post=17992"},{"taxonomy":"product_tag","embeddable":true,"href":"https:\/\/www.speedmodels.ch\/fr\/wp-json\/wp\/v2\/product_tag?post=17992"}],"curies":[{"name":"wp","href":"https:\/\/api.w.org\/{rel}","templated":true}]}}