{"id":17855,"date":"2022-12-01T12:30:28","date_gmt":"2022-12-01T12:30:28","guid":{"rendered":"https:\/\/www.speedmodels.ch\/produkte\/unkategorisiert\/vis-tole-a-tete-fraisee-cruciforme-acier-inox-4-0-x-19mm\/"},"modified":"2025-11-20T13:52:59","modified_gmt":"2025-11-20T13:52:59","slug":"vis-tole-a-tete-fraisee-cruciforme-acier-inox-4-0-x-19mm","status":"publish","type":"product","link":"https:\/\/www.speedmodels.ch\/fr\/produits\/vis-ecrous\/vis-acier-inox\/vis-tole-a-tete-fraisee-cruciforme\/vis-tole-a-tete-fraisee-cruciforme-acier-inox-4-0-x-19mm\/","title":{"rendered":"Vis t\u00f4le \u00e0 t\u00eate frais\u00e9e cruciforme acier INOX 4.0 x 19mm"},"content":{"rendered":"<p>Vis t\u00f4le \u00e0 t\u00eate frais\u00e9e cruciforme acier INOX 4.0 x 19mm<\/p>\n<p>emballage 10 pcs<\/p>\n<p>jusqu&rsquo;\u00e0 \u00e9puisement des stock<\/p>\n<div style=\"text-align:left\" class=\"wps-pgfw-pdf-generate-icon__wrapper-frontend\">\n\t\t<a href=\"https:\/\/www.speedmodels.ch\/fr\/wp-json\/wp\/v2\/product\/17855\/?action=genpdf&amp;id=17855\" class=\"pgfw-single-pdf-download-button\" target=_blank><img src=\"https:\/\/speedmodels.ch\/wp-content\/uploads\/2021\/09\/pdf_icon.png\" title=\"G\u00e9n\u00e9rer un PDF\" style=\"width:auto; height:45px;\"><\/a>\n\t\t<\/div>","protected":false},"excerpt":{"rendered":"<p>Vis t\u00f4le \u00e0 t\u00eate frais\u00e9e cruciforme acier INOX 4.0 x 19mm emballage 10 pcs jusqu&rsquo;\u00e0 \u00e9puisement des stock<\/p>\n","protected":false},"featured_media":17782,"template":"","meta":[],"product_brand":[],"product_cat":[1592,1609,1647],"product_tag":[],"class_list":{"0":"post-17855","1":"product","2":"type-product","3":"status-publish","4":"has-post-thumbnail","6":"product_cat-vis-ecrous","7":"product_cat-vis-acier-inox","8":"product_cat-vis-tole-a-tete-fraisee-cruciforme","10":"first","11":"instock","12":"shipping-taxable","13":"product-type-simple"},"_links":{"self":[{"href":"https:\/\/www.speedmodels.ch\/fr\/wp-json\/wp\/v2\/product\/17855","targetHints":{"allow":["GET"]}}],"collection":[{"href":"https:\/\/www.speedmodels.ch\/fr\/wp-json\/wp\/v2\/product"}],"about":[{"href":"https:\/\/www.speedmodels.ch\/fr\/wp-json\/wp\/v2\/types\/product"}],"version-history":[{"count":1,"href":"https:\/\/www.speedmodels.ch\/fr\/wp-json\/wp\/v2\/product\/17855\/revisions"}],"predecessor-version":[{"id":32838,"href":"https:\/\/www.speedmodels.ch\/fr\/wp-json\/wp\/v2\/product\/17855\/revisions\/32838"}],"wp:featuredmedia":[{"embeddable":true,"href":"https:\/\/www.speedmodels.ch\/fr\/wp-json\/wp\/v2\/media\/17782"}],"wp:attachment":[{"href":"https:\/\/www.speedmodels.ch\/fr\/wp-json\/wp\/v2\/media?parent=17855"}],"wp:term":[{"taxonomy":"product_brand","embeddable":true,"href":"https:\/\/www.speedmodels.ch\/fr\/wp-json\/wp\/v2\/product_brand?post=17855"},{"taxonomy":"product_cat","embeddable":true,"href":"https:\/\/www.speedmodels.ch\/fr\/wp-json\/wp\/v2\/product_cat?post=17855"},{"taxonomy":"product_tag","embeddable":true,"href":"https:\/\/www.speedmodels.ch\/fr\/wp-json\/wp\/v2\/product_tag?post=17855"}],"curies":[{"name":"wp","href":"https:\/\/api.w.org\/{rel}","templated":true}]}}